{"id":3625,"date":"2021-11-19T12:53:34","date_gmt":"2021-11-19T11:53:34","guid":{"rendered":"https:\/\/antcube.shop\/produkt\/snapback-hat\/"},"modified":"2024-12-12T12:26:44","modified_gmt":"2024-12-12T11:26:44","slug":"chapeau-a-snapback","status":"publish","type":"product","link":"https:\/\/antcube.shop\/fr\/produit\/chapeau-a-snapback\/","title":{"rendered":"Chapeau \u00e0 boutons pression"},"content":{"rendered":"<p>Ce chapeau est structur\u00e9 avec une coupe classique, un bord plat et un bougran plein. La fermeture \u00e0 bouton-pression r\u00e9glable en fait un chapeau confortable, de taille unique.<\/p>\n<p>- 80% acrylique, 20% laine<br \/>\n- Le camo vert est en coton 60% et en polyester 40%.<br \/>\n- Structur\u00e9, 6 panneaux, profil\u00e9 haut<br \/>\n- 6 oeillets brod\u00e9s<br \/>\n- Fermeture \u00e0 pression en plastique<br \/>\n- Sous-verre vert<br \/>\n- Tour de t\u00eate : 21\u215d\u2033-23\u215d\u2033 (54,9 cm-60 cm).<br \/>\n- Produit vierge provenant du Vietnam ou du Bangladesh<\/p>\n<p>&nbsp;<\/p>\n<p>La livraison et la production des produits de la cat\u00e9gorie Marchandises sont assur\u00e9es par notre partenaire PRINTFUL. En commandant l'un de ces produits, vous acceptez les conditions g\u00e9n\u00e9rales, la politique de confidentialit\u00e9 et la politique de retour de PRINTFUL.<\/p>\n<p><a href=\"https:\/\/www.printful.com\/policies\/terms-of-service\">Retrouvez les conditions g\u00e9n\u00e9rales de PRINTFUL ici.<\/a><\/p>\n<p><a href=\"https:\/\/www.printful.com\/policies\/returns\">D\u00e9couvrez la politique de retour de PRINTFUL ici.<\/a><\/p>\n<p><a href=\"https:\/\/www.printful.com\/policies\/privacy\">Retrouvez la politique de confidentialit\u00e9 de PRINTFUL ici.<\/a><\/p>","protected":false},"excerpt":{"rendered":"<p>Ce chapeau est structur\u00e9 avec une coupe classique, un bord plat et un bougran plein. La fermeture \u00e0 pression r\u00e9glable en fait un chapeau confortable, de taille unique. - 80% acrylique, 20% laine - Camo vert est 60% coton, 40% polyester - Structur\u00e9, 6 panneaux, profil haut - 6 \u0153illets brod\u00e9s - Fermeture par bouton-pression en plastique - Sous-ventri\u00e8re verte - Tour de t\u00eate : 21\u215d\u2033-23\u215d\u2033.","protected":false},"featured_media":3627,"comment_status":"open","ping_status":"closed","template":"","meta":{"_acf_changed":false,"content-type":"","_monsterinsights_skip_tracking":false,"_monsterinsights_sitenote_active":false,"_monsterinsights_sitenote_note":"","_monsterinsights_sitenote_category":0},"product_brand":[],"product_cat":[245],"product_tag":[],"class_list":{"0":"post-3625","1":"product","2":"type-product","3":"status-publish","4":"has-post-thumbnail","6":"product_cat-merchandise","8":"first","9":"instock","10":"taxable","11":"shipping-taxable","12":"purchasable","13":"product-type-simple"},"acf":[],"aioseo_notices":[],"jetpack_sharing_enabled":true,"_links":{"self":[{"href":"https:\/\/antcube.shop\/fr\/wp-json\/wp\/v2\/product\/3625","targetHints":{"allow":["GET"]}}],"collection":[{"href":"https:\/\/antcube.shop\/fr\/wp-json\/wp\/v2\/product"}],"about":[{"href":"https:\/\/antcube.shop\/fr\/wp-json\/wp\/v2\/types\/product"}],"replies":[{"embeddable":true,"href":"https:\/\/antcube.shop\/fr\/wp-json\/wp\/v2\/comments?post=3625"}],"wp:featuredmedia":[{"embeddable":true,"href":"https:\/\/antcube.shop\/fr\/wp-json\/wp\/v2\/media\/3627"}],"wp:attachment":[{"href":"https:\/\/antcube.shop\/fr\/wp-json\/wp\/v2\/media?parent=3625"}],"wp:term":[{"taxonomy":"product_brand","embeddable":true,"href":"https:\/\/antcube.shop\/fr\/wp-json\/wp\/v2\/product_brand?post=3625"},{"taxonomy":"product_cat","embeddable":true,"href":"https:\/\/antcube.shop\/fr\/wp-json\/wp\/v2\/product_cat?post=3625"},{"taxonomy":"product_tag","embeddable":true,"href":"https:\/\/antcube.shop\/fr\/wp-json\/wp\/v2\/product_tag?post=3625"}],"curies":[{"name":"wp","href":"https:\/\/api.w.org\/{rel}","templated":true}]}}