{"id":3611,"date":"2021-11-19T12:49:31","date_gmt":"2021-11-19T11:49:31","guid":{"rendered":"https:\/\/antcube.shop\/produkt\/dad-hat\/"},"modified":"2024-12-12T12:26:53","modified_gmt":"2024-12-12T11:26:53","slug":"chapeau-de-papa","status":"publish","type":"product","link":"https:\/\/antcube.shop\/fr\/produit\/chapeau-de-papa\/","title":{"rendered":"Chapeau de papa"},"content":{"rendered":"<p>Les chapeaux de papa ne sont pas seulement pour les papas. Celui-ci a un profil bas avec une sangle r\u00e9glable et une visi\u00e8re incurv\u00e9e.<\/p>\n<p>- 100% serg\u00e9 de coton chino<br \/>- La couleur Camo verte est en coton crois\u00e9 chino 35% et en polyester 65%.<br \/>- Non structur\u00e9, 6 panneaux, profil bas.<br \/>- 6 oeillets brod\u00e9s<br \/>- 3 \u215b\" (7,6 cm) de couronne<br \/>- Sangle r\u00e9glable avec boucle ancienne<br \/>- Produit vierge provenant du Vietnam ou du Bangladesh<\/p>\n<p>\u00a0<\/p>\n<p>La livraison et la production des produits de la cat\u00e9gorie Marchandises sont assur\u00e9es par notre partenaire PRINTFUL. En commandant l'un de ces produits, vous acceptez les conditions g\u00e9n\u00e9rales, la politique de confidentialit\u00e9 et la politique de retour de PRINTFUL.\u00a0<\/p>\n<p><a href=\"https:\/\/www.printful.com\/policies\/terms-of-service\">Retrouvez les conditions g\u00e9n\u00e9rales de PRINTFUL ici.<\/a><\/p>\n<p><a href=\"https:\/\/www.printful.com\/policies\/returns\">D\u00e9couvrez la politique de retour de PRINTFUL ici.<\/a><\/p>\n<p><a href=\"https:\/\/www.printful.com\/policies\/privacy\">Retrouvez la politique de confidentialit\u00e9 de PRINTFUL ici.<\/a><\/p>","protected":false},"excerpt":{"rendered":"<p>Les chapeaux de papa ne sont pas seulement pour les papas. Celui-ci a un profil bas avec une sangle r\u00e9glable et une visi\u00e8re incurv\u00e9e. - 100% chino coton serg\u00e9- La couleur Camo vert est 35% chino coton serg\u00e9, 65% polyester- Non structur\u00e9, 6 panneaux, profil bas- 6 oeillets brod\u00e9s- 3 \u215b\" (7,6 cm) couronne- Sangle r\u00e9glable avec boucle antique- Produit vierge provenant du Vietnam","protected":false},"featured_media":3613,"comment_status":"open","ping_status":"closed","template":"","meta":{"_acf_changed":false,"content-type":"","_monsterinsights_skip_tracking":false,"_monsterinsights_sitenote_active":false,"_monsterinsights_sitenote_note":"","_monsterinsights_sitenote_category":0},"product_brand":[],"product_cat":[245],"product_tag":[],"class_list":{"0":"post-3611","1":"product","2":"type-product","3":"status-publish","4":"has-post-thumbnail","6":"product_cat-merchandise","8":"first","9":"instock","10":"taxable","11":"shipping-taxable","12":"purchasable","13":"product-type-simple"},"acf":[],"aioseo_notices":[],"jetpack_sharing_enabled":true,"_links":{"self":[{"href":"https:\/\/antcube.shop\/fr\/wp-json\/wp\/v2\/product\/3611","targetHints":{"allow":["GET"]}}],"collection":[{"href":"https:\/\/antcube.shop\/fr\/wp-json\/wp\/v2\/product"}],"about":[{"href":"https:\/\/antcube.shop\/fr\/wp-json\/wp\/v2\/types\/product"}],"replies":[{"embeddable":true,"href":"https:\/\/antcube.shop\/fr\/wp-json\/wp\/v2\/comments?post=3611"}],"wp:featuredmedia":[{"embeddable":true,"href":"https:\/\/antcube.shop\/fr\/wp-json\/wp\/v2\/media\/3613"}],"wp:attachment":[{"href":"https:\/\/antcube.shop\/fr\/wp-json\/wp\/v2\/media?parent=3611"}],"wp:term":[{"taxonomy":"product_brand","embeddable":true,"href":"https:\/\/antcube.shop\/fr\/wp-json\/wp\/v2\/product_brand?post=3611"},{"taxonomy":"product_cat","embeddable":true,"href":"https:\/\/antcube.shop\/fr\/wp-json\/wp\/v2\/product_cat?post=3611"},{"taxonomy":"product_tag","embeddable":true,"href":"https:\/\/antcube.shop\/fr\/wp-json\/wp\/v2\/product_tag?post=3611"}],"curies":[{"name":"wp","href":"https:\/\/api.w.org\/{rel}","templated":true}]}}