{"id":3599,"date":"2021-11-19T12:47:56","date_gmt":"2021-11-19T11:47:56","guid":{"rendered":"https:\/\/antcube.shop\/produkt\/premium-eco-hoodie\/"},"modified":"2024-12-12T12:27:02","modified_gmt":"2024-12-12T11:27:02","slug":"premium-eco-hoodie","status":"publish","type":"product","link":"https:\/\/antcube.shop\/fr\/produit\/premium-eco-hoodie\/","title":{"rendered":"Sweat \u00e0 capuche \u00e9cologique de qualit\u00e9 sup\u00e9rieure"},"content":{"rendered":"<p>Voici le sweat \u00e0 capuche \u00e9cologique haut de gamme fabriqu\u00e9 \u00e0 partir de mat\u00e9riaux organiques et recycl\u00e9s. Avec sa coupe confortable, sa poche avant et sa capuche \u00e0 double \u00e9paisseur, ce sweat \u00e0 capuche est une pi\u00e8ce streetwear classique qui peut \u00eatre associ\u00e9e \u00e0 de nombreux looks diff\u00e9rents.<\/p>\n<p>- 85% coton biologique, 15% polyester recycl\u00e9<br \/>\n- Bord-c\u00f4tes : 97% coton biologique, 3% \u00e9lasthanne<br \/>\n- Tissu polaire bross\u00e9 \u00e0 l'int\u00e9rieur<br \/>\n- Coupe unisexe confortable<br \/>\n- Capuche \u00e0 double \u00e9paisseur<br \/>\n- Cordons de serrage plats avec \u0153illets en m\u00e9tal pour une sensation de qualit\u00e9.<br \/>\n- Poche kangourou<br \/>\n- \u00c9tiquette int\u00e9rieure\/ext\u00e9rieure pour le marquage<br \/>\n- \u00c9tiquette d'entretien d\u00e9tachable<\/p>\n<p>&nbsp;<\/p>\n<p>La livraison et la production des produits de la cat\u00e9gorie Marchandises sont assur\u00e9es par notre partenaire PRINTFUL. En commandant l'un de ces produits, vous acceptez les conditions g\u00e9n\u00e9rales, la politique de confidentialit\u00e9 et la politique de retour de PRINTFUL.<\/p>\n<p><a href=\"https:\/\/www.printful.com\/policies\/terms-of-service\">Retrouvez les conditions g\u00e9n\u00e9rales de PRINTFUL ici.<\/a><\/p>\n<p><a href=\"https:\/\/www.printful.com\/policies\/returns\">D\u00e9couvrez la politique de retour de PRINTFUL ici.<\/a><\/p>\n<p><a href=\"https:\/\/www.printful.com\/policies\/privacy\">Retrouvez la politique de confidentialit\u00e9 de PRINTFUL ici.<\/a><\/p>","protected":false},"excerpt":{"rendered":"<p>Voici le sweat \u00e0 capuche \u00e9cologique haut de gamme fabriqu\u00e9 \u00e0 partir de mat\u00e9riaux organiques et recycl\u00e9s. Avec sa coupe confortable, sa poche avant et sa capuche \u00e0 double \u00e9paisseur, ce sweat \u00e0 capuche est une pi\u00e8ce streetwear classique qui peut \u00eatre associ\u00e9e \u00e0 de nombreux looks diff\u00e9rents. - 85% coton organique, 15% polyester recycl\u00e9 - Bord-c\u00f4tes : 97% coton organique, 3% \u00e9lasthanne - Int\u00e9rieur en polaire bross\u00e9","protected":false},"featured_media":3607,"comment_status":"open","ping_status":"closed","template":"","meta":{"_acf_changed":false,"content-type":"","_monsterinsights_skip_tracking":false,"_monsterinsights_sitenote_active":false,"_monsterinsights_sitenote_note":"","_monsterinsights_sitenote_category":0},"product_brand":[],"product_cat":[245],"product_tag":[],"class_list":{"0":"post-3599","1":"product","2":"type-product","3":"status-publish","4":"has-post-thumbnail","6":"product_cat-merchandise","8":"first","9":"instock","10":"taxable","11":"shipping-taxable","12":"purchasable","13":"product-type-variable"},"acf":[],"aioseo_notices":[],"jetpack_sharing_enabled":true,"_links":{"self":[{"href":"https:\/\/antcube.shop\/fr\/wp-json\/wp\/v2\/product\/3599","targetHints":{"allow":["GET"]}}],"collection":[{"href":"https:\/\/antcube.shop\/fr\/wp-json\/wp\/v2\/product"}],"about":[{"href":"https:\/\/antcube.shop\/fr\/wp-json\/wp\/v2\/types\/product"}],"replies":[{"embeddable":true,"href":"https:\/\/antcube.shop\/fr\/wp-json\/wp\/v2\/comments?post=3599"}],"wp:featuredmedia":[{"embeddable":true,"href":"https:\/\/antcube.shop\/fr\/wp-json\/wp\/v2\/media\/3607"}],"wp:attachment":[{"href":"https:\/\/antcube.shop\/fr\/wp-json\/wp\/v2\/media?parent=3599"}],"wp:term":[{"taxonomy":"product_brand","embeddable":true,"href":"https:\/\/antcube.shop\/fr\/wp-json\/wp\/v2\/product_brand?post=3599"},{"taxonomy":"product_cat","embeddable":true,"href":"https:\/\/antcube.shop\/fr\/wp-json\/wp\/v2\/product_cat?post=3599"},{"taxonomy":"product_tag","embeddable":true,"href":"https:\/\/antcube.shop\/fr\/wp-json\/wp\/v2\/product_tag?post=3599"}],"curies":[{"name":"wp","href":"https:\/\/api.w.org\/{rel}","templated":true}]}}