{"id":3575,"date":"2021-11-19T12:45:26","date_gmt":"2021-11-19T11:45:26","guid":{"rendered":"https:\/\/antcube.shop\/produkt\/unisex-organic-cotton-t-shirt\/"},"modified":"2024-12-12T12:27:10","modified_gmt":"2024-12-12T11:27:10","slug":"t-shirt-unisexe-en-coton-biologique","status":"publish","type":"product","link":"https:\/\/antcube.shop\/fr\/produit\/t-shirt-unisexe-en-coton-biologique\/","title":{"rendered":"T-shirt unisexe en coton biologique"},"content":{"rendered":"<p>Fabriqu\u00e9 en coton ring-spun biologique 100%, ce t-shirt unisexe est un incontournable. Il est de haute qualit\u00e9, tr\u00e8s confortable et, surtout, respectueux de l'environnement.<\/p>\n<p>- 100% coton biologique fil\u00e9 \u00e0 l'anneau<br \/>\n- Poids du tissu : 5,3 oz\/yd\u00b2 (180 g\/m\u00b2)<br \/>\n- Maillot simple<br \/>\n- Taille moyenne<br \/>\n- Manches \u00e0 encastrer<br \/>\n- c\u00f4te 1 \u00d7 1 au col<br \/>\n- Surpiq\u00fbre large \u00e0 double aiguille sur les manches et les ourlets inf\u00e9rieurs<br \/>\n- Ruban de cou auto-tiss\u00e9 (int\u00e9rieur, dos du cou)<br \/>\n- Produit vierge provenant de Chine ou du Bangladesh<\/p>\n<p>&nbsp;<\/p>\n<p>La livraison et la production des produits de la cat\u00e9gorie Marchandises sont assur\u00e9es par notre partenaire PRINTFUL. En commandant l'un de ces produits, vous acceptez les conditions g\u00e9n\u00e9rales, la politique de confidentialit\u00e9 et la politique de retour de PRINTFUL.<\/p>\n<p><a href=\"https:\/\/www.printful.com\/policies\/terms-of-service\">Retrouvez les conditions g\u00e9n\u00e9rales de PRINTFUL ici.<\/a><\/p>\n<p><a href=\"https:\/\/www.printful.com\/policies\/returns\">D\u00e9couvrez la politique de retour de PRINTFUL ici.<\/a><\/p>\n<p><a href=\"https:\/\/www.printful.com\/policies\/privacy\">Retrouvez la politique de confidentialit\u00e9 de PRINTFUL ici.<\/a><\/p>","protected":false},"excerpt":{"rendered":"<p>Fabriqu\u00e9 en coton ring-spun biologique 100%, ce t-shirt unisexe est un incontournable. Il est de haute qualit\u00e9, tr\u00e8s confortable et, surtout, respectueux de l'environnement. - 100% organic ring-spun cotton - Poids du tissu : 5.3 oz\/yd\u00b2 (180 g\/m\u00b2) - Single jersey - Coupe moyenne - Manches rentr\u00e9es - Bord c\u00f4te 1 \u00d7 1 au col - Surpiq\u00fbre large \u00e0 double aiguille sur le col et les manches.","protected":false},"featured_media":3582,"comment_status":"open","ping_status":"closed","template":"","meta":{"_acf_changed":false,"content-type":"","_monsterinsights_skip_tracking":false,"_monsterinsights_sitenote_active":false,"_monsterinsights_sitenote_note":"","_monsterinsights_sitenote_category":0},"product_brand":[],"product_cat":[245],"product_tag":[],"class_list":{"0":"post-3575","1":"product","2":"type-product","3":"status-publish","4":"has-post-thumbnail","6":"product_cat-merchandise","8":"first","9":"instock","10":"taxable","11":"shipping-taxable","12":"purchasable","13":"product-type-variable"},"acf":[],"aioseo_notices":[],"jetpack_sharing_enabled":true,"_links":{"self":[{"href":"https:\/\/antcube.shop\/fr\/wp-json\/wp\/v2\/product\/3575","targetHints":{"allow":["GET"]}}],"collection":[{"href":"https:\/\/antcube.shop\/fr\/wp-json\/wp\/v2\/product"}],"about":[{"href":"https:\/\/antcube.shop\/fr\/wp-json\/wp\/v2\/types\/product"}],"replies":[{"embeddable":true,"href":"https:\/\/antcube.shop\/fr\/wp-json\/wp\/v2\/comments?post=3575"}],"wp:featuredmedia":[{"embeddable":true,"href":"https:\/\/antcube.shop\/fr\/wp-json\/wp\/v2\/media\/3582"}],"wp:attachment":[{"href":"https:\/\/antcube.shop\/fr\/wp-json\/wp\/v2\/media?parent=3575"}],"wp:term":[{"taxonomy":"product_brand","embeddable":true,"href":"https:\/\/antcube.shop\/fr\/wp-json\/wp\/v2\/product_brand?post=3575"},{"taxonomy":"product_cat","embeddable":true,"href":"https:\/\/antcube.shop\/fr\/wp-json\/wp\/v2\/product_cat?post=3575"},{"taxonomy":"product_tag","embeddable":true,"href":"https:\/\/antcube.shop\/fr\/wp-json\/wp\/v2\/product_tag?post=3575"}],"curies":[{"name":"wp","href":"https:\/\/api.w.org\/{rel}","templated":true}]}}