{"id":3566,"date":"2021-11-19T12:43:48","date_gmt":"2021-11-19T11:43:48","guid":{"rendered":"https:\/\/antcube.shop\/produkt\/youth-short-sleeve-t-shirt\/"},"modified":"2024-12-12T12:27:18","modified_gmt":"2024-12-12T11:27:18","slug":"t-shirt-a-manches-courtes-pour-jeunes","status":"publish","type":"product","link":"https:\/\/antcube.shop\/fr\/produit\/t-shirt-a-manches-courtes-pour-jeunes\/","title":{"rendered":"T-shirt \u00e0 manches courtes pour jeunes"},"content":{"rendered":"<p>C'est le tee-shirt que vous cherchiez, et il va devenir un des favoris de la garde-robe de tous les jeunes. Il est l\u00e9ger, doux et dot\u00e9 d'un design unique.<\/p>\n<p>- 100% coton peign\u00e9 et ring-spun<br \/>\n- Les couleurs de la bruy\u00e8re sont en coton peign\u00e9 et fil\u00e9 \u00e0 l'anneau 52% et en polyester 48%.<br \/>\n- Athletic Heather est compos\u00e9 de coton peign\u00e9 et fil\u00e9 \u00e0 l'anneau 90% et de polyester 10%.<br \/>\n- Poids du tissu : 4,2 oz\/yd\u00b2 (142 g\/m2)<br \/>\n- Tissu pr\u00e9-r\u00e9tr\u00e9ci<br \/>\n- 32 c\u00e9libataires<br \/>\n- Coupe unisexe d\u00e9contract\u00e9e<br \/>\n- Construction \u00e0 coutures lat\u00e9rales<br \/>\n- Produit vierge provenant du Nicaragua, des \u00c9tats-Unis ou du Honduras.<\/p>\n<p>&nbsp;<\/p>\n<p>La livraison et la production des produits de la cat\u00e9gorie Marchandises sont assur\u00e9es par notre partenaire PRINTFUL. En commandant l'un de ces produits, vous acceptez les conditions g\u00e9n\u00e9rales, la politique de confidentialit\u00e9 et la politique de retour de PRINTFUL.<\/p>\n<p><a href=\"https:\/\/www.printful.com\/policies\/terms-of-service\">Retrouvez les conditions g\u00e9n\u00e9rales de PRINTFUL ici.<\/a><\/p>\n<p><a href=\"https:\/\/www.printful.com\/policies\/returns\">D\u00e9couvrez la politique de retour de PRINTFUL ici.<\/a><\/p>\n<p><a href=\"https:\/\/www.printful.com\/policies\/privacy\">Retrouvez la politique de confidentialit\u00e9 de PRINTFUL ici.<\/a><\/p>","protected":false},"excerpt":{"rendered":"<p>This is the tee that you&#8217;ve been looking for, and it&#8217;s bound to become a favorite in any youngster&#8217;s wardrobe. It&#8217;s light, soft, and comes with a unique design. \u2022 100% combed and ring-spun cotton \u2022 Heather colors are 52% combed and ring-spun cotton, 48% polyester \u2022 Athletic Heather is 90% combed and ring-spun cotton, [&#8230;]","protected":false},"featured_media":3573,"comment_status":"open","ping_status":"closed","template":"","meta":{"_acf_changed":false,"content-type":"","_monsterinsights_skip_tracking":false,"_monsterinsights_sitenote_active":false,"_monsterinsights_sitenote_note":"","_monsterinsights_sitenote_category":0},"product_brand":[],"product_cat":[245],"product_tag":[],"class_list":{"0":"post-3566","1":"product","2":"type-product","3":"status-publish","4":"has-post-thumbnail","6":"product_cat-merchandise","8":"first","9":"instock","10":"taxable","11":"shipping-taxable","12":"purchasable","13":"product-type-variable"},"acf":[],"aioseo_notices":[],"jetpack_sharing_enabled":true,"_links":{"self":[{"href":"https:\/\/antcube.shop\/fr\/wp-json\/wp\/v2\/product\/3566","targetHints":{"allow":["GET"]}}],"collection":[{"href":"https:\/\/antcube.shop\/fr\/wp-json\/wp\/v2\/product"}],"about":[{"href":"https:\/\/antcube.shop\/fr\/wp-json\/wp\/v2\/types\/product"}],"replies":[{"embeddable":true,"href":"https:\/\/antcube.shop\/fr\/wp-json\/wp\/v2\/comments?post=3566"}],"wp:featuredmedia":[{"embeddable":true,"href":"https:\/\/antcube.shop\/fr\/wp-json\/wp\/v2\/media\/3573"}],"wp:attachment":[{"href":"https:\/\/antcube.shop\/fr\/wp-json\/wp\/v2\/media?parent=3566"}],"wp:term":[{"taxonomy":"product_brand","embeddable":true,"href":"https:\/\/antcube.shop\/fr\/wp-json\/wp\/v2\/product_brand?post=3566"},{"taxonomy":"product_cat","embeddable":true,"href":"https:\/\/antcube.shop\/fr\/wp-json\/wp\/v2\/product_cat?post=3566"},{"taxonomy":"product_tag","embeddable":true,"href":"https:\/\/antcube.shop\/fr\/wp-json\/wp\/v2\/product_tag?post=3566"}],"curies":[{"name":"wp","href":"https:\/\/api.w.org\/{rel}","templated":true}]}}