{"id":3443,"date":"2021-11-18T15:53:00","date_gmt":"2021-11-18T14:53:00","guid":{"rendered":"https:\/\/antcube.shop\/produkt\/mens-heavyweight-tee\/"},"modified":"2024-12-12T12:27:24","modified_gmt":"2024-12-12T11:27:24","slug":"hommes-lourds-tee","status":"publish","type":"product","link":"https:\/\/antcube.shop\/fr\/produit\/hommes-lourds-tee\/","title":{"rendered":"T-shirt en coton premium pour homme"},"content":{"rendered":"<p>Le T-shirt premium pour homme en coton 100% vous aidera \u00e0 obtenir un look plus structur\u00e9. Il est bien ajust\u00e9, pr\u00e9sente des lignes nettes sur les bords et s'accorde parfaitement avec les tenues streetwear superpos\u00e9es.<br \/>\n- 100% coton<br \/>\n- Coton 90%, polyester 10%<br \/>\n- Poids du tissu : 5.0-5.3 oz\/yd\u00b2 (170-180 g\/m\u00b2)<br \/>\n- Fil \u00e0 extr\u00e9mit\u00e9 ouverte<br \/>\n- Tissu tubulaire<br \/>\n- Bande adh\u00e9sive au cou et aux \u00e9paules<br \/>\n- Double couture aux manches et \u00e0 l'ourlet inf\u00e9rieur<br \/>\n- Produit vierge provenant du Honduras, du Nicaragua, d'Ha\u00efti, de la R\u00e9publique dominicaine, du Bangladesh et du Mexique.<\/p>\n<p>&nbsp;<\/p>\n<p>La livraison et la production des produits de la cat\u00e9gorie Marchandises sont assur\u00e9es par notre partenaire PRINTFUL. En commandant l'un de ces produits, vous acceptez les conditions g\u00e9n\u00e9rales, la politique de confidentialit\u00e9 et la politique de retour de PRINTFUL.<\/p>\n<p><a href=\"https:\/\/www.printful.com\/policies\/terms-of-service\">Retrouvez les conditions g\u00e9n\u00e9rales de PRINTFUL ici.<\/a><\/p>\n<p><a href=\"https:\/\/www.printful.com\/policies\/returns\">D\u00e9couvrez la politique de retour de PRINTFUL ici.<\/a><\/p>\n<p><a href=\"https:\/\/www.printful.com\/policies\/privacy\">Retrouvez la politique de confidentialit\u00e9 de PRINTFUL ici.<\/a><\/p>","protected":false},"excerpt":{"rendered":"<p>Le T-shirt premium pour homme en coton 100% vous aidera \u00e0 obtenir un look plus structur\u00e9. Il se tient bien, conserve des lignes nettes sur les bords et se marie parfaitement avec des tenues streetwear superpos\u00e9es. - 100% coton - 90% coton, 10% polyester - Poids du tissu : 5.0-5.3 oz\/yd\u00b2 (170-180 g\/m\u00b2) - Fil \u00e0 extr\u00e9mit\u00e9 ouverte - Tissu tubulaire - Col et cou \u00e9tanches.","protected":false},"featured_media":3451,"comment_status":"open","ping_status":"closed","template":"","meta":{"_acf_changed":false,"content-type":"","_monsterinsights_skip_tracking":false,"_monsterinsights_sitenote_active":false,"_monsterinsights_sitenote_note":"","_monsterinsights_sitenote_category":0},"product_brand":[],"product_cat":[245],"product_tag":[],"class_list":{"0":"post-3443","1":"product","2":"type-product","3":"status-publish","4":"has-post-thumbnail","6":"product_cat-merchandise","8":"first","9":"instock","10":"taxable","11":"shipping-taxable","12":"purchasable","13":"product-type-variable"},"acf":[],"aioseo_notices":[],"jetpack_sharing_enabled":true,"_links":{"self":[{"href":"https:\/\/antcube.shop\/fr\/wp-json\/wp\/v2\/product\/3443","targetHints":{"allow":["GET"]}}],"collection":[{"href":"https:\/\/antcube.shop\/fr\/wp-json\/wp\/v2\/product"}],"about":[{"href":"https:\/\/antcube.shop\/fr\/wp-json\/wp\/v2\/types\/product"}],"replies":[{"embeddable":true,"href":"https:\/\/antcube.shop\/fr\/wp-json\/wp\/v2\/comments?post=3443"}],"wp:featuredmedia":[{"embeddable":true,"href":"https:\/\/antcube.shop\/fr\/wp-json\/wp\/v2\/media\/3451"}],"wp:attachment":[{"href":"https:\/\/antcube.shop\/fr\/wp-json\/wp\/v2\/media?parent=3443"}],"wp:term":[{"taxonomy":"product_brand","embeddable":true,"href":"https:\/\/antcube.shop\/fr\/wp-json\/wp\/v2\/product_brand?post=3443"},{"taxonomy":"product_cat","embeddable":true,"href":"https:\/\/antcube.shop\/fr\/wp-json\/wp\/v2\/product_cat?post=3443"},{"taxonomy":"product_tag","embeddable":true,"href":"https:\/\/antcube.shop\/fr\/wp-json\/wp\/v2\/product_tag?post=3443"}],"curies":[{"name":"wp","href":"https:\/\/api.w.org\/{rel}","templated":true}]}}