{"id":3279,"date":"2021-11-10T13:27:42","date_gmt":"2021-11-10T12:27:42","guid":{"rendered":"https:\/\/antcube.shop\/produkt\/camponotus-singularis\/"},"modified":"2023-12-21T17:18:21","modified_gmt":"2023-12-21T16:18:21","slug":"camponotus-singularis","status":"publish","type":"product","link":"https:\/\/antcube.shop\/fr\/produit\/camponotus-singularis\/","title":{"rendered":"Camponotus singularis"},"content":{"rendered":"<p>&nbsp;<\/p>\n<table border=\"1\" cellspacing=\"1\" cellpadding=\"1\">\n<tbody>\n<tr>\n<td><strong>Lat. Nom :<\/strong><\/td>\n<td><strong><img data-recalc-dims=\"1\" loading=\"lazy\" decoding=\"async\" src=\"https:\/\/i0.wp.com\/www.antstore.net\/shop\/images\/icons\/ants\/lateinname.jpg?resize=30%2C30&#038;ssl=1\" alt=\"\" width=\"30\" height=\"30\" \/><\/strong><\/td>\n<td><em>Camponotus singularis<\/em><\/td>\n<\/tr>\n<tr>\n<td><strong>Nom commun<\/strong>:<\/td>\n<td><strong><img data-recalc-dims=\"1\" loading=\"lazy\" decoding=\"async\" src=\"https:\/\/i0.wp.com\/www.antstore.net\/shop\/images\/icons\/ants\/trivialname.jpg?resize=30%2C30&#038;ssl=1\" alt=\"\" width=\"30\" height=\"30\" \/><\/strong><\/td>\n<td>&#8211;<\/td>\n<\/tr>\n<tr>\n<td><strong>Taxonomie :<\/strong><\/td>\n<td><strong><img data-recalc-dims=\"1\" loading=\"lazy\" decoding=\"async\" src=\"https:\/\/i0.wp.com\/www.antstore.net\/shop\/images\/icons\/ants\/taxonomie.jpg?resize=30%2C30&#038;ssl=1\" alt=\"\" width=\"30\" height=\"30\" \/><\/strong><\/td>\n<td><b><strong>Sous-famille : <\/strong><\/b>Formicinae\u00a0<b><strong>Tribu : <\/strong><\/b>Camponotini<\/td>\n<\/tr>\n<tr>\n<td><strong>Garder le niveau :<\/strong><\/td>\n<td><strong><img data-recalc-dims=\"1\" loading=\"lazy\" decoding=\"async\" src=\"https:\/\/i0.wp.com\/www.antstore.net\/shop\/images\/icons\/ants\/haltungsklasse.jpg?resize=30%2C30&#038;ssl=1\" alt=\"\" width=\"30\" height=\"30\" \/><\/strong><\/td>\n<td><strong>(2)\u00a0<\/strong>des exigences plus \u00e9lev\u00e9es en mati\u00e8re de climat et de pr\u00e9vention des fuites<\/td>\n<\/tr>\n<tr>\n<td><strong>Distribution :<\/strong><\/td>\n<td><strong><img data-recalc-dims=\"1\" loading=\"lazy\" decoding=\"async\" src=\"https:\/\/i0.wp.com\/www.antstore.net\/shop\/images\/icons\/ants\/verbreitung.jpg?resize=30%2C30&#038;ssl=1\" alt=\"\" width=\"30\" height=\"30\" \/><\/strong><\/td>\n<td>Asie du Sud-Est<\/td>\n<\/tr>\n<tr>\n<td><strong>Habitat :<\/strong><\/td>\n<td><strong><img data-recalc-dims=\"1\" loading=\"lazy\" decoding=\"async\" src=\"https:\/\/i0.wp.com\/www.antstore.net\/shop\/images\/icons\/ants\/habitat.jpg?resize=30%2C30&#038;ssl=1\" alt=\"\" width=\"30\" height=\"30\" \/><\/strong><\/td>\n<td>for\u00eat tropicale humide<\/td>\n<\/tr>\n<tr>\n<td><strong>Colonyform :<\/strong><\/td>\n<td><strong><img data-recalc-dims=\"1\" loading=\"lazy\" decoding=\"async\" src=\"https:\/\/i0.wp.com\/www.antstore.net\/shop\/images\/icons\/ants\/Kolonieform.jpg?resize=30%2C30&#038;ssl=1\" alt=\"\" width=\"30\" height=\"30\" \/><\/strong><\/td>\n<td>monogyne<\/td>\n<\/tr>\n<tr>\n<td><strong>La reine :<\/strong><\/td>\n<td><strong><img data-recalc-dims=\"1\" loading=\"lazy\" decoding=\"async\" src=\"https:\/\/i0.wp.com\/www.antstore.net\/shop\/images\/icons\/ants\/koenigin.jpg?resize=30%2C30&#038;ssl=1\" alt=\"\" width=\"30\" height=\"30\" \/><\/strong><\/td>\n<td><b><strong>Taille : <\/strong><\/b>17 - 20mm <b><strong>Couleur : <\/strong><\/b>noir<\/td>\n<\/tr>\n<tr>\n<td><strong>Travailleur :<\/strong><\/td>\n<td><img data-recalc-dims=\"1\" loading=\"lazy\" decoding=\"async\" src=\"https:\/\/i0.wp.com\/www.antstore.net\/shop\/images\/icons\/ants\/arbeiterin.jpg?resize=30%2C30&#038;ssl=1\" alt=\"\" width=\"30\" height=\"30\" \/><\/td>\n<td><strong>\u00a0Taille :<\/strong><span style=\"font-family: Arial;\">\u00a011 - 19mm\u00a0<\/span><strong>Couleur :<\/strong><span style=\"font-family: Arial;\">\u00a0noir, t\u00eate rouge, polymorphe<\/span><\/td>\n<\/tr>\n<tr>\n<td><strong>Soldat :<\/strong><\/td>\n<td><img data-recalc-dims=\"1\" loading=\"lazy\" decoding=\"async\" src=\"https:\/\/i0.wp.com\/www.antstore.net\/shop\/images\/icons\/ants\/soldaten.jpg?resize=30%2C30&#038;ssl=1\" alt=\"\" width=\"30\" height=\"30\" \/><\/td>\n<td>pas pr\u00e9sent<\/td>\n<\/tr>\n<tr>\n<td><strong>Homme :<\/strong><\/td>\n<td><img data-recalc-dims=\"1\" loading=\"lazy\" decoding=\"async\" src=\"https:\/\/i0.wp.com\/www.antstore.net\/shop\/images\/icons\/ants\/maennchen.jpg?resize=30%2C30&#038;ssl=1\" alt=\"\" width=\"30\" height=\"30\" \/><\/td>\n<td><strong>Taille :<\/strong>\u00a0&#8211;<strong>\u00a0Couleur :<\/strong>\u00a0&#8211;<\/td>\n<\/tr>\n<tr>\n<td><strong>La nourriture :<\/strong><\/td>\n<td><img data-recalc-dims=\"1\" loading=\"lazy\" decoding=\"async\" src=\"https:\/\/i0.wp.com\/www.antstore.net\/shop\/images\/icons\/ants\/nahrung.jpg?resize=30%2C30&#038;ssl=1\" alt=\"\" width=\"30\" height=\"30\" \/><\/td>\n<td>Eau de miel, insectes, par exemple Dipt\u00e8res comme les mouches, m<span style=\"font-family: Arial;\">osquitos<\/span><\/td>\n<\/tr>\n<tr>\n<td><strong>Humidit\u00e9 :<\/strong><\/td>\n<td><strong><img data-recalc-dims=\"1\" loading=\"lazy\" decoding=\"async\" src=\"https:\/\/i0.wp.com\/www.antstore.net\/shop\/images\/icons\/ants\/feuchtigkeit.jpg?resize=30%2C30&#038;ssl=1\" alt=\"\" width=\"30\" height=\"30\" \/><\/strong><\/td>\n<td><strong>Arena :<\/strong>\u00a050 &#8211; 70%\u00a0<strong>Nestpart :<\/strong>\u00a050 &#8211; 70%<\/td>\n<\/tr>\n<tr>\n<td><strong>Temp\u00e9rature :<\/strong><\/td>\n<td><strong><img data-recalc-dims=\"1\" loading=\"lazy\" decoding=\"async\" src=\"https:\/\/i0.wp.com\/www.antstore.net\/shop\/images\/icons\/ants\/temperatur.jpg?resize=30%2C30&#038;ssl=1\" alt=\"\" width=\"30\" height=\"30\" \/><\/strong><\/td>\n<td><strong>Arena :<\/strong>\u00a021 - 35\u00b0C\u00a0<strong>Nestpart :<\/strong>\u00a024 - 28\u00b0C<\/td>\n<\/tr>\n<tr>\n<td><strong>Hibernation :<\/strong><\/td>\n<td><img data-recalc-dims=\"1\" loading=\"lazy\" decoding=\"async\" src=\"https:\/\/i0.wp.com\/www.antstore.net\/shop\/images\/icons\/ants\/winterruhe.jpg?resize=30%2C30&#038;ssl=1\" alt=\"\" width=\"30\" height=\"30\" \/><\/td>\n<td>Non<\/td>\n<\/tr>\n<tr>\n<td><strong>Type de nid :<\/strong><\/td>\n<td><\/td>\n<td>Construire leur nid dans le sol<\/td>\n<\/tr>\n<tr>\n<td><strong>Type de formicarium :<\/strong><\/td>\n<td><img data-recalc-dims=\"1\" loading=\"lazy\" decoding=\"async\" src=\"https:\/\/i0.wp.com\/www.antstore.net\/shop\/images\/icons\/ants\/formicarienart.jpg?resize=30%2C30&#038;ssl=1\" alt=\"\" width=\"30\" height=\"30\" \/><\/td>\n<td>Ferme, Farmbasin, Bassin, Framebasin, \u00cele, Acrylcylindre, Ytong\/Plasternest<\/td>\n<\/tr>\n<tr>\n<td><strong>Taille du formicarium :<\/strong><\/td>\n<td><strong><img data-recalc-dims=\"1\" loading=\"lazy\" decoding=\"async\" src=\"https:\/\/i0.wp.com\/www.antstore.net\/shop\/images\/icons\/ants\/formicariengroesse.jpg?resize=30%2C30&#038;ssl=1\" alt=\"\" width=\"30\" height=\"30\" \/><\/strong><\/td>\n<td><strong>Taille :<\/strong>\u00a0<strong>\u00a0<\/strong><strong>L<\/strong>\u00a0&#8211;\u00a0<strong>XL<\/strong><\/td>\n<\/tr>\n<tr>\n<td><strong>Substrat :<\/strong><\/td>\n<td><strong><img data-recalc-dims=\"1\" loading=\"lazy\" decoding=\"async\" src=\"https:\/\/i0.wp.com\/www.antstore.net\/shop\/images\/icons\/ants\/substrat.jpg?resize=30%2C30&#038;ssl=1\" alt=\"\" width=\"30\" height=\"30\" \/><\/strong><\/td>\n<td><b><strong>Ferme : <\/strong><\/b>Sable et mousse <b><strong>Arena : <\/strong><\/b>Sable, Sable-Mousse<\/td>\n<\/tr>\n<tr>\n<td><strong>Plantation :<\/strong><\/td>\n<td><img data-recalc-dims=\"1\" loading=\"lazy\" decoding=\"async\" src=\"https:\/\/i0.wp.com\/www.antstore.net\/shop\/images\/icons\/ants\/bepflanzung.jpg?resize=30%2C30&#038;ssl=1\" alt=\"\" width=\"30\" height=\"30\" \/><\/td>\n<td>semblable \u00e0 une for\u00eat tropicale humide avec de la mousse et des plantes tropicales, par exemple des passiflores.<\/td>\n<\/tr>\n<tr>\n<td><strong>D\u00e9coration :<\/strong><\/td>\n<td><img data-recalc-dims=\"1\" loading=\"lazy\" decoding=\"async\" src=\"https:\/\/i0.wp.com\/www.antstore.net\/shop\/images\/icons\/ants\/dekoration.jpg?resize=30%2C30&#038;ssl=1\" alt=\"\" width=\"30\" height=\"30\" \/><\/td>\n<td>Branches, racines, feuilles mortes<\/td>\n<\/tr>\n<tr>\n<td><strong>Description :<\/strong><\/td>\n<td><img data-recalc-dims=\"1\" loading=\"lazy\" decoding=\"async\" src=\"https:\/\/i0.wp.com\/www.antstore.net\/shop\/images\/icons\/ants\/beschreibung.jpg?resize=30%2C30&#038;ssl=1\" alt=\"\" width=\"30\" height=\"30\" \/><\/td>\n<td>Camponotus singularis est une belle fourmi asiatique qui montre une grande activit\u00e9 et un comportement de recrutement int\u00e9ressant. Elles sont principalement des butineuses nocturnes, mais en raison de l'\u00e9mission de lumi\u00e8re g\u00e9n\u00e9ralement plus faible dans les appartements humains, elles sont \u00e9galement actives pendant la journ\u00e9e. Elles se d\u00e9veloppent rapidement et ont des ouvri\u00e8res majeures impressionnantes.<\/td>\n<\/tr>\n<tr>\n<td><strong>D\u00e9veloppement :<\/strong><\/td>\n<td><strong><img data-recalc-dims=\"1\" loading=\"lazy\" decoding=\"async\" src=\"https:\/\/i0.wp.com\/www.antstore.net\/shop\/images\/icons\/ants\/entwicklung.jpg?resize=30%2C30&#038;ssl=1\" alt=\"\" width=\"30\" height=\"30\" \/><\/strong><\/td>\n<td><strong>Vol nuptial :<\/strong><span style=\"font-family: Arial;\">\u00a0<\/span>avec le d\u00e9but de la saison des pluies<br \/>\n<strong>la fondation :<\/strong><span style=\"font-family: Arial;\">\u00a0 claustral (sans alimentation)<\/span><br \/>\n<strong>colonysize :<\/strong><span style=\"font-family: Arial;\">\u00a0jusqu'\u00e0 quelques milliers d'individus<\/span><\/td>\n<\/tr>\n<tr>\n<td><strong>Quantit\u00e9 :<\/strong><\/td>\n<td><img data-recalc-dims=\"1\" loading=\"lazy\" decoding=\"async\" src=\"https:\/\/i0.wp.com\/www.antstore.net\/shop\/images\/icons\/ants\/menge.jpg?resize=30%2C30&#038;ssl=1\" alt=\"\" width=\"30\" height=\"30\" \/><\/td>\n<td>une reine f\u00e9cond\u00e9e avec des ouvri\u00e8res (voir s\u00e9lection) ; du couvain (selon la saison et le d\u00e9veloppement)<\/td>\n<\/tr>\n<tr>\n<td><strong>Liens Internet :<\/strong><\/td>\n<td><a href=\"http:\/\/www.antstore.net\/viewforum.php?f=9\"><span style=\"color: #0000ff;\"><img data-recalc-dims=\"1\" loading=\"lazy\" decoding=\"async\" src=\"https:\/\/i0.wp.com\/www.antstore.net\/shop\/images\/icons\/ants\/weblinks.jpg?resize=30%2C30&#038;ssl=1\" alt=\"\" width=\"30\" height=\"30\" \/><\/span><\/a><\/td>\n<td><a href=\"http:\/\/www.antstore.net\/viewforum.php?f=124\"><span style=\"color: #0000ff;\">- Forum<\/span><\/a><\/p>\n<p><span style=\"color: #0000ff;\"><a href=\"http:\/\/www.antweb.org\/description.do?name=mimicus&amp;genus=myrmecocystus&amp;rank=species&amp;project=bajaants\">- R\u00e9f\u00e9rence de la source<\/a><\/span><\/td>\n<\/tr>\n<\/tbody>\n<\/table>\n<p>&nbsp;<\/p>","protected":false},"excerpt":{"rendered":"<p>Garder le niveau 2 - Niveau de risque 2<br \/>\nTaille :<span style=\"color: #000000;\"> <strong><span style=\"color: #339966;\">L - XL<\/span><\/strong><\/span><\/p>","protected":false},"featured_media":6980,"comment_status":"open","ping_status":"closed","template":"","meta":{"_acf_changed":false,"content-type":"","_monsterinsights_skip_tracking":false,"_monsterinsights_sitenote_active":false,"_monsterinsights_sitenote_note":"","_monsterinsights_sitenote_category":0},"product_brand":[],"product_cat":[107,112],"product_tag":[],"class_list":{"0":"post-3279","1":"product","2":"type-product","3":"status-publish","4":"has-post-thumbnail","6":"product_cat-ants","7":"product_cat-asia","9":"first","10":"instock","11":"product-type-external"},"acf":[],"aioseo_notices":[],"jetpack_sharing_enabled":true,"_links":{"self":[{"href":"https:\/\/antcube.shop\/fr\/wp-json\/wp\/v2\/product\/3279","targetHints":{"allow":["GET"]}}],"collection":[{"href":"https:\/\/antcube.shop\/fr\/wp-json\/wp\/v2\/product"}],"about":[{"href":"https:\/\/antcube.shop\/fr\/wp-json\/wp\/v2\/types\/product"}],"replies":[{"embeddable":true,"href":"https:\/\/antcube.shop\/fr\/wp-json\/wp\/v2\/comments?post=3279"}],"wp:featuredmedia":[{"embeddable":true,"href":"https:\/\/antcube.shop\/fr\/wp-json\/wp\/v2\/media\/6980"}],"wp:attachment":[{"href":"https:\/\/antcube.shop\/fr\/wp-json\/wp\/v2\/media?parent=3279"}],"wp:term":[{"taxonomy":"product_brand","embeddable":true,"href":"https:\/\/antcube.shop\/fr\/wp-json\/wp\/v2\/product_brand?post=3279"},{"taxonomy":"product_cat","embeddable":true,"href":"https:\/\/antcube.shop\/fr\/wp-json\/wp\/v2\/product_cat?post=3279"},{"taxonomy":"product_tag","embeddable":true,"href":"https:\/\/antcube.shop\/fr\/wp-json\/wp\/v2\/product_tag?post=3279"}],"curies":[{"name":"wp","href":"https:\/\/api.w.org\/{rel}","templated":true}]}}