{"id":3277,"date":"2021-11-10T13:27:26","date_gmt":"2021-11-10T12:27:26","guid":{"rendered":"https:\/\/antcube.shop\/produkt\/camponotus-piceus-glanzendschwarze-rossameise\/"},"modified":"2021-11-24T11:42:12","modified_gmt":"2021-11-24T10:42:12","slug":"camponotus-piceus","status":"publish","type":"product","link":"https:\/\/antcube.shop\/fr\/produit\/camponotus-piceus\/","title":{"rendered":"Camponotus piceus"},"content":{"rendered":"<p>&nbsp;<\/p>\n<table border=\"1\" cellspacing=\"1\" cellpadding=\"1\">\n<tbody>\n<tr>\n<td><strong>Lat. Nom :<\/strong><\/td>\n<td><strong><img data-recalc-dims=\"1\" loading=\"lazy\" decoding=\"async\" src=\"https:\/\/i0.wp.com\/www.antstore.net\/shop\/images\/icons\/ants\/lateinname.jpg?resize=30%2C30&#038;ssl=1\" alt=\"\" width=\"30\" height=\"30\" \/><\/strong><\/td>\n<td><em>Ca<\/em><em>mponotus piceus<\/em><\/td>\n<\/tr>\n<tr>\n<td><strong>Nom commun<\/strong>:<\/td>\n<td><strong><img data-recalc-dims=\"1\" loading=\"lazy\" decoding=\"async\" src=\"https:\/\/i0.wp.com\/www.antstore.net\/shop\/images\/icons\/ants\/trivialname.jpg?resize=30%2C30&#038;ssl=1\" alt=\"\" width=\"30\" height=\"30\" \/><\/strong><\/td>\n<td>&#8211;<\/td>\n<\/tr>\n<tr>\n<td><strong>Taxonomie :<\/strong><\/td>\n<td><strong><img data-recalc-dims=\"1\" loading=\"lazy\" decoding=\"async\" src=\"https:\/\/i0.wp.com\/www.antstore.net\/shop\/images\/icons\/ants\/taxonomie.jpg?resize=30%2C30&#038;ssl=1\" alt=\"\" width=\"30\" height=\"30\" \/><\/strong><\/td>\n<td><strong>Sous-famille : <\/strong>Formicinae\u00a0<strong>Tribu : <\/strong>Camponotini<\/td>\n<\/tr>\n<tr>\n<td><strong>Garder le niveau :<\/strong><\/td>\n<td><strong><img data-recalc-dims=\"1\" loading=\"lazy\" decoding=\"async\" src=\"https:\/\/i0.wp.com\/www.antstore.net\/shop\/images\/icons\/ants\/haltungsklasse.jpg?resize=30%2C30&#038;ssl=1\" alt=\"\" width=\"30\" height=\"30\" \/><\/strong><\/td>\n<td><strong>(1)<\/strong>\u00a0pour les d\u00e9butants avec un colonysize d'au moins 10 ouvriers<\/td>\n<\/tr>\n<tr>\n<td><strong>Distribution :<\/strong><\/td>\n<td><strong><img data-recalc-dims=\"1\" loading=\"lazy\" decoding=\"async\" src=\"https:\/\/i0.wp.com\/www.antstore.net\/shop\/images\/icons\/ants\/verbreitung.jpg?resize=30%2C30&#038;ssl=1\" alt=\"\" width=\"30\" height=\"30\" \/><\/strong><\/td>\n<td>Europe centrale, Europe du Sud<\/td>\n<\/tr>\n<tr>\n<td><strong>Habitat :<\/strong><\/td>\n<td><strong><img data-recalc-dims=\"1\" loading=\"lazy\" decoding=\"async\" src=\"https:\/\/i0.wp.com\/www.antstore.net\/shop\/images\/icons\/ants\/habitat.jpg?resize=30%2C30&#038;ssl=1\" alt=\"\" width=\"30\" height=\"30\" \/><\/strong><\/td>\n<td>Habitats ouverts x\u00e9rothermiques<\/td>\n<\/tr>\n<tr>\n<td><strong>Colonyform :<\/strong><\/td>\n<td><strong><img data-recalc-dims=\"1\" loading=\"lazy\" decoding=\"async\" src=\"https:\/\/i0.wp.com\/www.antstore.net\/shop\/images\/icons\/ants\/Kolonieform.jpg?resize=30%2C30&#038;ssl=1\" alt=\"\" width=\"30\" height=\"30\" \/><\/strong><\/td>\n<td>monogyne, rarement oligogyne<\/td>\n<\/tr>\n<tr>\n<td><strong>La reine :<\/strong><\/td>\n<td><strong><img data-recalc-dims=\"1\" loading=\"lazy\" decoding=\"async\" src=\"https:\/\/i0.wp.com\/www.antstore.net\/shop\/images\/icons\/ants\/koenigin.jpg?resize=30%2C30&#038;ssl=1\" alt=\"\" width=\"30\" height=\"30\" \/><\/strong><\/td>\n<td><strong>Taille :<\/strong>\u00a07 - 9mm\u00a0<strong>Couleur :<\/strong>\u00a0noir brillant ; poitrine : marron<\/td>\n<\/tr>\n<tr>\n<td><strong>Travailleur :<\/strong><\/td>\n<td><img data-recalc-dims=\"1\" loading=\"lazy\" decoding=\"async\" src=\"https:\/\/i0.wp.com\/www.antstore.net\/shop\/images\/icons\/ants\/arbeiterin.jpg?resize=30%2C30&#038;ssl=1\" alt=\"\" width=\"30\" height=\"30\" \/><\/td>\n<td><strong>Taille :<\/strong><span style=\"font-family: Arial;\">\u00a04 - 7mm\u00a0<\/span><strong>Couleur :<\/strong><span style=\"font-family: Arial;\">\u00a0shiny black, legs reddish<\/span><\/td>\n<\/tr>\n<tr>\n<td><strong>Soldat :<\/strong><\/td>\n<td><img data-recalc-dims=\"1\" loading=\"lazy\" decoding=\"async\" src=\"https:\/\/i0.wp.com\/www.antstore.net\/shop\/images\/icons\/ants\/soldaten.jpg?resize=30%2C30&#038;ssl=1\" alt=\"\" width=\"30\" height=\"30\" \/><\/td>\n<td>pas pr\u00e9sent<\/td>\n<\/tr>\n<tr>\n<td><strong>Homme :<\/strong><\/td>\n<td><img data-recalc-dims=\"1\" loading=\"lazy\" decoding=\"async\" src=\"https:\/\/i0.wp.com\/www.antstore.net\/shop\/images\/icons\/ants\/maennchen.jpg?resize=30%2C30&#038;ssl=1\" alt=\"\" width=\"30\" height=\"30\" \/><\/td>\n<td><b><strong>Taille : <\/strong><\/b>&#8211;<b><strong> Couleur :\u00a0<\/strong><\/b>noir , mince<\/td>\n<\/tr>\n<tr>\n<td><strong>La nourriture :<\/strong><\/td>\n<td><img data-recalc-dims=\"1\" loading=\"lazy\" decoding=\"async\" src=\"https:\/\/i0.wp.com\/www.antstore.net\/shop\/images\/icons\/ants\/nahrung.jpg?resize=30%2C30&#038;ssl=1\" alt=\"\" width=\"30\" height=\"30\" \/><\/td>\n<td>L'eau de miel et les insectes, par exemple les dipt\u00e8res, comme les mouches ou les oiseaux.\u00a0<span style=\"font-family: Arial;\">moustiques<\/span><\/td>\n<\/tr>\n<tr>\n<td><strong>Humidit\u00e9 :<\/strong><\/td>\n<td><strong><img data-recalc-dims=\"1\" loading=\"lazy\" decoding=\"async\" src=\"https:\/\/i0.wp.com\/www.antstore.net\/shop\/images\/icons\/ants\/feuchtigkeit.jpg?resize=30%2C30&#038;ssl=1\" alt=\"\" width=\"30\" height=\"30\" \/><\/strong><\/td>\n<td><b><strong>Arena : <\/strong><\/b>30 &#8211; 50% <b><strong>Nestpart : <\/strong><\/b>50 &#8211; 60%<\/td>\n<\/tr>\n<tr>\n<td><strong>Temp\u00e9rature :<\/strong><\/td>\n<td><strong><img data-recalc-dims=\"1\" loading=\"lazy\" decoding=\"async\" src=\"https:\/\/i0.wp.com\/www.antstore.net\/shop\/images\/icons\/ants\/temperatur.jpg?resize=30%2C30&#038;ssl=1\" alt=\"\" width=\"30\" height=\"30\" \/><\/strong><\/td>\n<td><strong>Arena :<\/strong>\u00a018 - 28\u00b0C\u00a0<strong>Nestpart :<\/strong>\u00a021 - 24\u00b0C<\/td>\n<\/tr>\n<tr>\n<td><strong>Hibernation :<\/strong><\/td>\n<td><img data-recalc-dims=\"1\" loading=\"lazy\" decoding=\"async\" src=\"https:\/\/i0.wp.com\/www.antstore.net\/shop\/images\/icons\/ants\/winterruhe.jpg?resize=30%2C30&#038;ssl=1\" alt=\"\" width=\"30\" height=\"30\" \/><\/td>\n<td>oui, de fin octobre \u00e0 fin mars \u00e0 5 - 8\u00b0C (a un biorythme endog\u00e8ne)<\/td>\n<\/tr>\n<tr>\n<td><strong>Type de nid :<\/strong><\/td>\n<td><\/td>\n<td>Construire le sol de leur nid<\/td>\n<\/tr>\n<tr>\n<td><strong>Type de formicarium :<\/strong><\/td>\n<td><img data-recalc-dims=\"1\" loading=\"lazy\" decoding=\"async\" src=\"https:\/\/i0.wp.com\/www.antstore.net\/shop\/images\/icons\/ants\/formicarienart.jpg?resize=30%2C30&#038;ssl=1\" alt=\"\" width=\"30\" height=\"30\" \/><\/td>\n<td>Ferme, Farmbasin, Bassin, Framebasin, Ile, Acrylcylindre, Ytong\/Plaster<\/td>\n<\/tr>\n<tr>\n<td><strong>Taille du formicarium :<\/strong><\/td>\n<td><strong><img data-recalc-dims=\"1\" loading=\"lazy\" decoding=\"async\" src=\"https:\/\/i0.wp.com\/www.antstore.net\/shop\/images\/icons\/ants\/formicariengroesse.jpg?resize=30%2C30&#038;ssl=1\" alt=\"\" width=\"30\" height=\"30\" \/><\/strong><\/td>\n<td><b> <strong>Taille :<\/strong>\u00a0<strong><span style=\"color: #339966;\">M<\/span><\/strong>\u00a0&#8211;\u00a0<strong>L<\/strong><\/b><\/td>\n<\/tr>\n<tr>\n<td><strong>Substrat :<\/strong><\/td>\n<td><strong><img data-recalc-dims=\"1\" loading=\"lazy\" decoding=\"async\" src=\"https:\/\/i0.wp.com\/www.antstore.net\/shop\/images\/icons\/ants\/substrat.jpg?resize=30%2C30&#038;ssl=1\" alt=\"\" width=\"30\" height=\"30\" \/><\/strong><\/td>\n<td><b><strong>Ferme : <\/strong><\/b>Li\u00e8ge, bois tendre <b><strong>Arena : <\/strong><\/b>Sable, Sable-Mousse<\/td>\n<\/tr>\n<tr>\n<td><strong>Plantation :<\/strong><\/td>\n<td><img data-recalc-dims=\"1\" loading=\"lazy\" decoding=\"async\" src=\"https:\/\/i0.wp.com\/www.antstore.net\/shop\/images\/icons\/ants\/bepflanzung.jpg?resize=30%2C30&#038;ssl=1\" alt=\"\" width=\"30\" height=\"30\" \/><\/td>\n<td>semblable aux zones de for\u00eat et de montagne avec de la mousse, de l'herbe et d'autres plantes<\/td>\n<\/tr>\n<tr>\n<td><strong>D\u00e9coration :<\/strong><\/td>\n<td><img data-recalc-dims=\"1\" loading=\"lazy\" decoding=\"async\" src=\"https:\/\/i0.wp.com\/www.antstore.net\/shop\/images\/icons\/ants\/dekoration.jpg?resize=30%2C30&#038;ssl=1\" alt=\"\" width=\"30\" height=\"30\" \/><\/td>\n<td>Branches, racines, tr\u00e9neaux<\/td>\n<\/tr>\n<tr>\n<td><strong>Description :<\/strong><\/td>\n<td><img data-recalc-dims=\"1\" loading=\"lazy\" decoding=\"async\" src=\"https:\/\/i0.wp.com\/www.antstore.net\/shop\/images\/icons\/ants\/beschreibung.jpg?resize=30%2C30&#038;ssl=1\" alt=\"\" width=\"30\" height=\"30\" \/><\/td>\n<td>Camponotus piceus est une fourmi tr\u00e8s rare et timide envers les autres fourmis. En raison de la perte progressive du milieu de vie, elle figure sur la \"liste rouge\" allemande.<\/td>\n<\/tr>\n<tr>\n<td><strong>D\u00e9veloppement :<\/strong><\/td>\n<td><strong><img data-recalc-dims=\"1\" loading=\"lazy\" decoding=\"async\" src=\"https:\/\/i0.wp.com\/www.antstore.net\/shop\/images\/icons\/ants\/entwicklung.jpg?resize=30%2C30&#038;ssl=1\" alt=\"\" width=\"30\" height=\"30\" \/><\/strong><\/td>\n<td><strong>Vol nuptial :\u00a0<\/strong> les jours chauds de fin avril \u00e0 d\u00e9but juillet<br \/>\n<strong>Fondation :\u00a0 <\/strong>claustral (sans alimentation)<br \/>\n<strong>Taille de la colonie : <\/strong>petites colonies de 100 \u00e0 200 individus<\/td>\n<\/tr>\n<tr>\n<td><strong>Quantit\u00e9 :<\/strong><\/td>\n<td><img data-recalc-dims=\"1\" loading=\"lazy\" decoding=\"async\" src=\"https:\/\/i0.wp.com\/www.antstore.net\/shop\/images\/icons\/ants\/menge.jpg?resize=30%2C30&#038;ssl=1\" alt=\"\" width=\"30\" height=\"30\" \/><\/td>\n<td>une reine f\u00e9cond\u00e9e avec des ouvri\u00e8res (voir s\u00e9lection) ; du couvain (selon la saison et le d\u00e9veloppement)<\/td>\n<\/tr>\n<tr>\n<td><strong>Liens Internet :<\/strong><\/td>\n<td><a href=\"http:\/\/www.antstore.net\/viewforum.php?f=9\"><span style=\"color: #0000ff;\"><img data-recalc-dims=\"1\" loading=\"lazy\" decoding=\"async\" src=\"https:\/\/i0.wp.com\/www.antstore.net\/shop\/images\/icons\/ants\/weblinks.jpg?resize=30%2C30&#038;ssl=1\" alt=\"\" width=\"30\" height=\"30\" \/><\/span><\/a><\/td>\n<td><a href=\"http:\/\/www.antstore.net\/viewforum.php?f=124\"><span style=\"color: #0000ff;\">- Forum<\/span><\/a><\/p>\n<p><span style=\"color: #0000ff;\"><a href=\"http:\/\/www.antweb.org\/description.do?name=mimicus&amp;genus=myrmecocystus&amp;rank=species&amp;project=bajaants\">- R\u00e9f\u00e9rence de la source<\/a><\/span><\/td>\n<\/tr>\n<\/tbody>\n<\/table>\n<p>&nbsp;<\/p>","protected":false},"excerpt":{"rendered":"<p>Maintien du niveau 1<br \/>\nTaille :<span style=\"color: #000000;\"> <strong><span style=\"color: #339966;\">M<\/span><\/strong><\/span> &#8211; <strong>L<\/strong><\/p>","protected":false},"featured_media":3317,"comment_status":"open","ping_status":"closed","template":"","meta":{"_acf_changed":false,"content-type":"","_monsterinsights_skip_tracking":false,"_monsterinsights_sitenote_active":false,"_monsterinsights_sitenote_note":"","_monsterinsights_sitenote_category":0},"product_brand":[],"product_cat":[107,112,108,109],"product_tag":[],"class_list":{"0":"post-3277","1":"product","2":"type-product","3":"status-publish","4":"has-post-thumbnail","6":"product_cat-ants","7":"product_cat-asia","8":"product_cat-northern-europe","9":"product_cat-southern-europe","11":"first","12":"instock","13":"product-type-external"},"acf":[],"aioseo_notices":[],"jetpack_sharing_enabled":true,"_links":{"self":[{"href":"https:\/\/antcube.shop\/fr\/wp-json\/wp\/v2\/product\/3277","targetHints":{"allow":["GET"]}}],"collection":[{"href":"https:\/\/antcube.shop\/fr\/wp-json\/wp\/v2\/product"}],"about":[{"href":"https:\/\/antcube.shop\/fr\/wp-json\/wp\/v2\/types\/product"}],"replies":[{"embeddable":true,"href":"https:\/\/antcube.shop\/fr\/wp-json\/wp\/v2\/comments?post=3277"}],"wp:featuredmedia":[{"embeddable":true,"href":"https:\/\/antcube.shop\/fr\/wp-json\/wp\/v2\/media\/3317"}],"wp:attachment":[{"href":"https:\/\/antcube.shop\/fr\/wp-json\/wp\/v2\/media?parent=3277"}],"wp:term":[{"taxonomy":"product_brand","embeddable":true,"href":"https:\/\/antcube.shop\/fr\/wp-json\/wp\/v2\/product_brand?post=3277"},{"taxonomy":"product_cat","embeddable":true,"href":"https:\/\/antcube.shop\/fr\/wp-json\/wp\/v2\/product_cat?post=3277"},{"taxonomy":"product_tag","embeddable":true,"href":"https:\/\/antcube.shop\/fr\/wp-json\/wp\/v2\/product_tag?post=3277"}],"curies":[{"name":"wp","href":"https:\/\/api.w.org\/{rel}","templated":true}]}}