{"id":3174,"date":"2021-11-08T12:21:44","date_gmt":"2021-11-08T11:21:44","guid":{"rendered":"https:\/\/antcube.shop\/produkt\/ytongnest-40x20-mit-arena\/"},"modified":"2026-04-22T10:31:54","modified_gmt":"2026-04-22T08:31:54","slug":"ytongnest-40x20-mit-arena","status":"publish","type":"product","link":"https:\/\/antcube.shop\/fr\/produit\/ytongnest-40x20-mit-arena\/","title":{"rendered":"Ytongnest - 40\u00d720 avec ar\u00e8ne"},"content":{"rendered":"<p><strong>Mat\u00e9riau :<\/strong> b\u00e9ton cellulaire, verre, plastique PMMA et PVC<\/p>\n<p><strong>Connexion :<\/strong> 1x ouverture de 14mm ; 1x ouverture de 27mm<\/p>\n<p><strong>Contenu :<\/strong><br \/>\n1x bloc de b\u00e9ton cellulaire 40x20x5 cm avec des chambres de 20mm de profondeur.<br \/>\n1x plaque de verre 40\u00d720 cm avec une ouverture de 50mm et une ar\u00e8ne 20\u00d720 cm<br \/>\n1x cadre d'ar\u00e8ne de fourmis 20\u00d720<br \/>\n1x couverture de fourmili\u00e8re 20\u00d720<br \/>\n1x anneau de 50 mm avec ouverture de 27 mm<br \/>\n1x bouchon de formicarium 13mm<br \/>\n2x bouchon Formicarium 27mm<br \/>\n2x bouchon Formicarium 50mm<\/p>\n<p><strong>Description :<\/strong><br \/>\nYtong est une marque, le mat\u00e9riau lui-m\u00eame est appel\u00e9 b\u00e9ton cellulaire.<br \/>\nGr\u00e2ce \u00e0 sa propri\u00e9t\u00e9 de r\u00e9tention d'eau, ce mat\u00e9riau convient parfaitement \u00e0 l'\u00e9levage de fourmis. Il peut \u00eatre utilis\u00e9 pour garder un grand nombre d'esp\u00e8ces fouisseuses, provenant d'habitats secs ou humides. Selon l'esp\u00e8ce de fourmi, il est recommand\u00e9 de recouvrir le fond des chambres de substrat. Certaines esp\u00e8ces se sentent plus \u00e0 l'aise de cette fa\u00e7on et, par exemple, les fourmis Ponerinae ont besoin de terre pour que leurs larves se transforment correctement en chrysalides. Comme ce nid comprend d\u00e9j\u00e0 une ar\u00e8ne, il peut \u00eatre utilis\u00e9 comme une installation compl\u00e8te de formicarium.<\/p>\n<p><strong>Conseil :<\/strong><br \/>\nPour \u00e9viter que l'eau ne s'\u00e9chappe du Ytong apr\u00e8s avoir humidifi\u00e9 la zone du nid et ne s'accumule sur la surface des meubles situ\u00e9s en dessous, ou que le mat\u00e9riau rugueux ne raye les surfaces, nous vous recommandons de commander l'un de nos bacs en verre assortis \u00e0 nos nids Ytong. Ces bacs sont \u00e9tanches et prot\u00e8gent donc efficacement les surfaces sous-jacentes contre les dommages caus\u00e9s par l'eau et les rayures.<\/p>\n<p><strong>Utilisation :<\/strong><br \/>\nPour les esp\u00e8ces de fourmis de taille <b>M<\/b> <b>&#8211;\u00a0<\/b><b>L<\/b>.<br \/>\nLe b\u00e9ton cellulaire est un mat\u00e9riau tr\u00e8s fragile et cassant. Par cons\u00e9quent, en raison du processus de fabrication, il est impossible d'emp\u00eacher les coins et les bords de pr\u00e9senter de l\u00e9g\u00e8res cassures et irr\u00e9gularit\u00e9s. Pour cette raison, les nids Ytong ne conviennent pas aux tr\u00e8s petites esp\u00e8ces de fourmis de taille <b>S<\/b>car ces esp\u00e8ces pourraient facilement se manifester ici.<\/p>","protected":false},"excerpt":{"rendered":"<p>Connexion : 1x14mm 1x27mm<br \/>\nTaille : <strong><span style=\"color: #339966;\">M<\/span><\/strong><strong> &#8211; <span style=\"color: #0000ff;\">L<\/span><\/strong><\/p>","protected":false},"featured_media":3011,"comment_status":"open","ping_status":"closed","template":"","meta":{"_acf_changed":false,"content-type":"","_monsterinsights_skip_tracking":false,"_monsterinsights_sitenote_active":false,"_monsterinsights_sitenote_note":"","_monsterinsights_sitenote_category":0},"product_brand":[],"product_cat":[85,86],"product_tag":[],"class_list":{"0":"post-3174","1":"product","2":"type-product","3":"status-publish","4":"has-post-thumbnail","6":"product_cat-ant-arenas","7":"product_cat-formicariums","9":"first","10":"instock","11":"taxable","12":"shipping-taxable","13":"purchasable","14":"product-type-simple"},"acf":[],"aioseo_notices":[],"jetpack_sharing_enabled":true,"_links":{"self":[{"href":"https:\/\/antcube.shop\/fr\/wp-json\/wp\/v2\/product\/3174","targetHints":{"allow":["GET"]}}],"collection":[{"href":"https:\/\/antcube.shop\/fr\/wp-json\/wp\/v2\/product"}],"about":[{"href":"https:\/\/antcube.shop\/fr\/wp-json\/wp\/v2\/types\/product"}],"replies":[{"embeddable":true,"href":"https:\/\/antcube.shop\/fr\/wp-json\/wp\/v2\/comments?post=3174"}],"wp:featuredmedia":[{"embeddable":true,"href":"https:\/\/antcube.shop\/fr\/wp-json\/wp\/v2\/media\/3011"}],"wp:attachment":[{"href":"https:\/\/antcube.shop\/fr\/wp-json\/wp\/v2\/media?parent=3174"}],"wp:term":[{"taxonomy":"product_brand","embeddable":true,"href":"https:\/\/antcube.shop\/fr\/wp-json\/wp\/v2\/product_brand?post=3174"},{"taxonomy":"product_cat","embeddable":true,"href":"https:\/\/antcube.shop\/fr\/wp-json\/wp\/v2\/product_cat?post=3174"},{"taxonomy":"product_tag","embeddable":true,"href":"https:\/\/antcube.shop\/fr\/wp-json\/wp\/v2\/product_tag?post=3174"}],"curies":[{"name":"wp","href":"https:\/\/api.w.org\/{rel}","templated":true}]}}