{"id":3167,"date":"2021-11-08T10:47:42","date_gmt":"2021-11-08T09:47:42","guid":{"rendered":"https:\/\/antcube.shop\/produkt\/glaswanne-40x20\/"},"modified":"2026-04-01T09:55:46","modified_gmt":"2026-04-01T07:55:46","slug":"glaswanne-40x20","status":"publish","type":"product","link":"https:\/\/antcube.shop\/fr\/produit\/glaswanne-40x20\/","title":{"rendered":"Bassin en verre 40\u00d720"},"content":{"rendered":"<p><strong>Dimensions :<\/strong> 42 x 22 x 2 cm<br \/>\n<strong>Dimensions int\u00e9rieures :<\/strong> 41 x 21 x 1,6 cm<\/p>\n<p><strong>Contenu :<\/strong><br \/>\n1x bac 42x22x2 cm en verre flott\u00e9 de 4mm.<\/p>\n<p><strong>Description :<\/strong><br \/>\nLe bac en verre n'a pas de trous, il est coll\u00e9 de mani\u00e8re \u00e9tanche et peut donc aussi \u00eatre rempli d'eau. Il a \u00e9t\u00e9 con\u00e7u pour nos nids Ytong pour fourmis. Ceux-ci peuvent \u00eatre facilement arros\u00e9s et d\u00e9plac\u00e9s sans que l'eau ne se d\u00e9pose sur la surface sous-jacente (table, armoire, etc.) ou que les Ytong rugueux ne rayent les surfaces sous-jacentes. En option, plusieurs nids peuvent \u00eatre plac\u00e9s au centre comme une \u00eele.<\/p>\n<p>&nbsp;<\/p>","protected":false},"excerpt":{"rendered":"<p>Bac en verre pour notre nid Ytong avec ar\u00e8ne 40\u00d720<\/p>","protected":false},"featured_media":3007,"comment_status":"open","ping_status":"closed","template":"","meta":{"_acf_changed":false,"content-type":"","_monsterinsights_skip_tracking":false,"_monsterinsights_sitenote_active":false,"_monsterinsights_sitenote_note":"","_monsterinsights_sitenote_category":0},"product_brand":[],"product_cat":[119,239],"product_tag":[],"class_list":{"0":"post-3167","1":"product","2":"type-product","3":"status-publish","4":"has-post-thumbnail","6":"product_cat-formicarium-components","7":"product_cat-useful-additions","9":"first","10":"instock","11":"taxable","12":"shipping-taxable","13":"purchasable","14":"product-type-simple"},"acf":[],"aioseo_notices":[],"jetpack_sharing_enabled":true,"_links":{"self":[{"href":"https:\/\/antcube.shop\/fr\/wp-json\/wp\/v2\/product\/3167","targetHints":{"allow":["GET"]}}],"collection":[{"href":"https:\/\/antcube.shop\/fr\/wp-json\/wp\/v2\/product"}],"about":[{"href":"https:\/\/antcube.shop\/fr\/wp-json\/wp\/v2\/types\/product"}],"replies":[{"embeddable":true,"href":"https:\/\/antcube.shop\/fr\/wp-json\/wp\/v2\/comments?post=3167"}],"wp:featuredmedia":[{"embeddable":true,"href":"https:\/\/antcube.shop\/fr\/wp-json\/wp\/v2\/media\/3007"}],"wp:attachment":[{"href":"https:\/\/antcube.shop\/fr\/wp-json\/wp\/v2\/media?parent=3167"}],"wp:term":[{"taxonomy":"product_brand","embeddable":true,"href":"https:\/\/antcube.shop\/fr\/wp-json\/wp\/v2\/product_brand?post=3167"},{"taxonomy":"product_cat","embeddable":true,"href":"https:\/\/antcube.shop\/fr\/wp-json\/wp\/v2\/product_cat?post=3167"},{"taxonomy":"product_tag","embeddable":true,"href":"https:\/\/antcube.shop\/fr\/wp-json\/wp\/v2\/product_tag?post=3167"}],"curies":[{"name":"wp","href":"https:\/\/api.w.org\/{rel}","templated":true}]}}