{"id":3165,"date":"2021-11-08T10:47:26","date_gmt":"2021-11-08T09:47:26","guid":{"rendered":"https:\/\/antcube.shop\/produkt\/fotoruckwand-wald-20x20-cube\/"},"modified":"2026-04-14T09:35:33","modified_gmt":"2026-04-14T07:35:33","slug":"fotoruckwand-wald-20x20-cube","status":"publish","type":"product","link":"https:\/\/antcube.shop\/fr\/produit\/fotoruckwand-wald-20x20-cube\/","title":{"rendered":"Mur d'images - For\u00eat - 20\u00d720 - Cube"},"content":{"rendered":"<p><strong>Dimensions :<\/strong> 20x20cm<\/p>\n<p><strong>Mat\u00e9riau :<\/strong> Papier d'aluminium brillant<\/p>\n<p><strong>Contenu :<\/strong> 1x paroi arri\u00e8re pour photos<\/p>\n<p><strong>Description :<\/strong> Cette paroi arri\u00e8re photo est coll\u00e9e au dos du formicarium depuis l'ext\u00e9rieur pour donner l'impression d'un environnement qui correspond \u00e0 l'habitat naturel des fourmis.<\/p>","protected":false},"excerpt":{"rendered":"<p>Dimensions : 20x20cm\r\n\r\nMat\u00e9riau : Papier d'aluminium brillant\r\n\r\nContenu : 1x paroi arri\u00e8re pour photos\r\n\r\nDescription : Cette paroi arri\u00e8re photo est coll\u00e9e au dos du formicarium depuis l'ext\u00e9rieur pour donner l'impression d'un environnement qui correspond \u00e0 l'habitat naturel des fourmis.<\/p>","protected":false},"featured_media":3135,"comment_status":"open","ping_status":"closed","template":"","meta":{"_acf_changed":false,"content-type":"","_monsterinsights_skip_tracking":false,"_monsterinsights_sitenote_active":false,"_monsterinsights_sitenote_note":"","_monsterinsights_sitenote_category":0},"product_brand":[],"product_cat":[97,105],"product_tag":[],"class_list":{"0":"post-3165","1":"product","2":"type-product","3":"status-publish","4":"has-post-thumbnail","6":"product_cat-photo-backwalls","7":"product_cat-forest-photo-backwall","9":"first","10":"instock","11":"taxable","12":"shipping-taxable","13":"purchasable","14":"product-type-simple"},"acf":[],"aioseo_notices":[],"jetpack_sharing_enabled":true,"_links":{"self":[{"href":"https:\/\/antcube.shop\/fr\/wp-json\/wp\/v2\/product\/3165","targetHints":{"allow":["GET"]}}],"collection":[{"href":"https:\/\/antcube.shop\/fr\/wp-json\/wp\/v2\/product"}],"about":[{"href":"https:\/\/antcube.shop\/fr\/wp-json\/wp\/v2\/types\/product"}],"replies":[{"embeddable":true,"href":"https:\/\/antcube.shop\/fr\/wp-json\/wp\/v2\/comments?post=3165"}],"wp:featuredmedia":[{"embeddable":true,"href":"https:\/\/antcube.shop\/fr\/wp-json\/wp\/v2\/media\/3135"}],"wp:attachment":[{"href":"https:\/\/antcube.shop\/fr\/wp-json\/wp\/v2\/media?parent=3165"}],"wp:term":[{"taxonomy":"product_brand","embeddable":true,"href":"https:\/\/antcube.shop\/fr\/wp-json\/wp\/v2\/product_brand?post=3165"},{"taxonomy":"product_cat","embeddable":true,"href":"https:\/\/antcube.shop\/fr\/wp-json\/wp\/v2\/product_cat?post=3165"},{"taxonomy":"product_tag","embeddable":true,"href":"https:\/\/antcube.shop\/fr\/wp-json\/wp\/v2\/product_tag?post=3165"}],"curies":[{"name":"wp","href":"https:\/\/api.w.org\/{rel}","templated":true}]}}