{"id":3162,"date":"2021-11-08T10:46:52","date_gmt":"2021-11-08T09:46:52","guid":{"rendered":"https:\/\/antcube.shop\/produkt\/antcube-eck-plattform-8x8-magnet\/"},"modified":"2026-04-20T09:57:59","modified_gmt":"2026-04-20T07:57:59","slug":"antcube-eck-plattform-8x8-magnet-2","status":"publish","type":"product","link":"https:\/\/antcube.shop\/fr\/produit\/antcube-eck-plattform-8x8-magnet-2\/","title":{"rendered":"Plate-forme d'angle ANTCUBE 8\u00d78 - magn\u00e9tique"},"content":{"rendered":"<p><strong>Dimensions :<\/strong> 80 x 80 x 22 mm<\/p>\n<p><strong>Mat\u00e9riau :<\/strong> verre acrylique<\/p>\n<p><strong>Couleur :<\/strong> transparent<\/p>\n<p><strong>Contenu :<\/strong> 1 pi\u00e8ce. (3 pi\u00e8ces)<\/p>\n<p><strong>Description :<\/strong><br \/>\nLa plateforme d'angle ANTCUBE 8\u00d78 - magn\u00e9tique peut \u00eatre fix\u00e9e dans n'importe quel formicarium \u00e0 l'aide des aimants. Elle est particuli\u00e8rement adapt\u00e9e \u00e0 nos formicariums ANTCUBE sup\u00e9rieurs pour y placer des mangeoires, des bols ou des abreuvoirs.<br \/>\nLa plate-forme d'angle ANTCUBE 8\u00d78 - Magnetic peut \u00eatre d\u00e9plac\u00e9e \u00e0 la hauteur ou \u00e0 la profondeur souhait\u00e9e en la fixant de l'ext\u00e9rieur \u00e0 l'aide des aimants.<\/p>\n<p><strong>Avis :<\/strong><br \/>\nEn raison du processus de fabrication, il peut y avoir des fissures l\u00e9g\u00e8res \u00e0 moyennes sur les pi\u00e8ces de l'aimant.<\/p>\n<p>&nbsp;<\/p>","protected":false},"excerpt":{"rendered":"<p>Dimensions : 80 x 80 x 22 mm Mat\u00e9riau : verre acrylique Couleur : transparent Contenu : 1 pi\u00e8ce (3 pi\u00e8ces) Description : La plate-forme d'angle ANTCUBE 8x8 - magn\u00e9tique peut \u00eatre fix\u00e9e dans n'importe quel formicarium \u00e0 l'aide d'aimants. Elle est particuli\u00e8rement adapt\u00e9e \u00e0 nos formariums ANTCUBE plus hauts pour y placer des mangeoires, des bols ou des abreuvoirs. La plate-forme","protected":false},"featured_media":3140,"comment_status":"open","ping_status":"closed","template":"","meta":{"_acf_changed":false,"content-type":"","_monsterinsights_skip_tracking":false,"_monsterinsights_sitenote_active":false,"_monsterinsights_sitenote_note":"","_monsterinsights_sitenote_category":0},"product_brand":[],"product_cat":[119,239],"product_tag":[],"class_list":{"0":"post-3162","1":"product","2":"type-product","3":"status-publish","4":"has-post-thumbnail","6":"product_cat-formicarium-components","7":"product_cat-useful-additions","9":"first","10":"instock","11":"taxable","12":"shipping-taxable","13":"purchasable","14":"product-type-simple"},"acf":[],"aioseo_notices":[],"jetpack_sharing_enabled":true,"_links":{"self":[{"href":"https:\/\/antcube.shop\/fr\/wp-json\/wp\/v2\/product\/3162","targetHints":{"allow":["GET"]}}],"collection":[{"href":"https:\/\/antcube.shop\/fr\/wp-json\/wp\/v2\/product"}],"about":[{"href":"https:\/\/antcube.shop\/fr\/wp-json\/wp\/v2\/types\/product"}],"replies":[{"embeddable":true,"href":"https:\/\/antcube.shop\/fr\/wp-json\/wp\/v2\/comments?post=3162"}],"wp:featuredmedia":[{"embeddable":true,"href":"https:\/\/antcube.shop\/fr\/wp-json\/wp\/v2\/media\/3140"}],"wp:attachment":[{"href":"https:\/\/antcube.shop\/fr\/wp-json\/wp\/v2\/media?parent=3162"}],"wp:term":[{"taxonomy":"product_brand","embeddable":true,"href":"https:\/\/antcube.shop\/fr\/wp-json\/wp\/v2\/product_brand?post=3162"},{"taxonomy":"product_cat","embeddable":true,"href":"https:\/\/antcube.shop\/fr\/wp-json\/wp\/v2\/product_cat?post=3162"},{"taxonomy":"product_tag","embeddable":true,"href":"https:\/\/antcube.shop\/fr\/wp-json\/wp\/v2\/product_tag?post=3162"}],"curies":[{"name":"wp","href":"https:\/\/api.w.org\/{rel}","templated":true}]}}