{"id":3161,"date":"2021-11-08T10:46:44","date_gmt":"2021-11-08T09:46:44","guid":{"rendered":"https:\/\/antcube.shop\/produkt\/malvenbluten-100g-getrocknet\/"},"modified":"2026-04-02T17:28:49","modified_gmt":"2026-04-02T15:28:49","slug":"malvenbluten-100g-getrocknet-2","status":"publish","type":"product","link":"https:\/\/antcube.shop\/fr\/produit\/malvenbluten-100g-getrocknet-2\/","title":{"rendered":"Fleurs de mauve 100g - s\u00e9ch\u00e9es"},"content":{"rendered":"<p><strong>Contenu :<\/strong><br \/>\n100g dried mallow flowers<\/p>\n<p><strong>Description :<\/strong><br \/>\nLes fleurs de mauve constituent un lieu de reproduction pour les esp\u00e8ces de fourmis qui se nourrissent de champignons. Il s'agit d'un produit purement naturel.<\/p>\n<p><strong>Utilisation :<\/strong><br \/>\nFleurs de mauve = pour les esp\u00e8ces de fourmis qui se reproduisent par des champignons.<br \/>\nLes fleurs s\u00e8ches ne servent que de terreau pour le champignon des fourmis coupeuses de feuilles (il est conseill\u00e9 d'offrir en m\u00eame temps des feuilles fra\u00eeches comme cr\u00e8me hydratante).<br \/>\nIl suffit de placer les fleurs \u00e0 nourrir dans une chambre de nourriture s\u00e8che.<\/p>\n<p><strong>Stockage :<\/strong><br \/>\nDans un environnement sec<\/p>\n<p><strong>Contient :<\/strong><br \/>\n100% fleurs de mauve s\u00e9ch\u00e9es<\/p>","protected":false},"excerpt":{"rendered":"<p>Contenu : 100 g de fleurs de mauve s\u00e9ch\u00e9es Description : Les fleurs de mauve sont un lieu de reproduction pour les esp\u00e8ces de fourmis qui se nourrissent de champignons. Il s'agit d'un produit purement naturel. Utilisation : Fleurs de mauve = pour les esp\u00e8ces de fourmis qui se reproduisent avec des champignons. Les fleurs s\u00e8ches ne servent que de support aux champignons des fourmis coupeuses de feuilles (en offrant des feuilles fra\u00eeches comme hydratant en m\u00eame temps [...]","protected":false},"featured_media":5483,"comment_status":"open","ping_status":"closed","template":"","meta":{"_acf_changed":false,"content-type":"","_monsterinsights_skip_tracking":false,"_monsterinsights_sitenote_active":false,"_monsterinsights_sitenote_note":"","_monsterinsights_sitenote_category":0},"product_brand":[],"product_cat":[115,116],"product_tag":[],"class_list":{"0":"post-3161","1":"product","2":"type-product","3":"status-publish","4":"has-post-thumbnail","6":"product_cat-food-and-feeding","7":"product_cat-food","9":"first","10":"instock","11":"taxable","12":"shipping-taxable","13":"purchasable","14":"product-type-simple"},"acf":[],"aioseo_notices":[],"jetpack_sharing_enabled":true,"_links":{"self":[{"href":"https:\/\/antcube.shop\/fr\/wp-json\/wp\/v2\/product\/3161","targetHints":{"allow":["GET"]}}],"collection":[{"href":"https:\/\/antcube.shop\/fr\/wp-json\/wp\/v2\/product"}],"about":[{"href":"https:\/\/antcube.shop\/fr\/wp-json\/wp\/v2\/types\/product"}],"replies":[{"embeddable":true,"href":"https:\/\/antcube.shop\/fr\/wp-json\/wp\/v2\/comments?post=3161"}],"wp:featuredmedia":[{"embeddable":true,"href":"https:\/\/antcube.shop\/fr\/wp-json\/wp\/v2\/media\/5483"}],"wp:attachment":[{"href":"https:\/\/antcube.shop\/fr\/wp-json\/wp\/v2\/media?parent=3161"}],"wp:term":[{"taxonomy":"product_brand","embeddable":true,"href":"https:\/\/antcube.shop\/fr\/wp-json\/wp\/v2\/product_brand?post=3161"},{"taxonomy":"product_cat","embeddable":true,"href":"https:\/\/antcube.shop\/fr\/wp-json\/wp\/v2\/product_cat?post=3161"},{"taxonomy":"product_tag","embeddable":true,"href":"https:\/\/antcube.shop\/fr\/wp-json\/wp\/v2\/product_tag?post=3161"}],"curies":[{"name":"wp","href":"https:\/\/api.w.org\/{rel}","templated":true}]}}