{"id":3160,"date":"2021-11-08T10:46:36","date_gmt":"2021-11-08T09:46:36","guid":{"rendered":"https:\/\/antcube.shop\/produkt\/sonnenblumenblutenblatter-100g-getrocknet\/"},"modified":"2026-04-14T09:35:50","modified_gmt":"2026-04-14T07:35:50","slug":"sonnenblumenblutenblatter-100g-getrocknet","status":"publish","type":"product","link":"https:\/\/antcube.shop\/fr\/produit\/sonnenblumenblutenblatter-100g-getrocknet\/","title":{"rendered":"P\u00e9tales de tournesol 100g - s\u00e9ch\u00e9s"},"content":{"rendered":"<p><strong>Contenu :<\/strong><br \/>\n100g de p\u00e9tales de tournesol s\u00e9ch\u00e9es.<\/p>\n<p><strong>Description :<\/strong><br \/>\nP\u00e9tales de tournesol comme milieu nutritif pour les esp\u00e8ces de fourmis cultivant des champignons. Il s'agit d'un produit purement naturel.<\/p>\n<p><strong>Utilisation :<\/strong><br \/>\nP\u00e9tales de tournesol = pour les esp\u00e8ces de fourmis productrices de champignons.<br \/>\nLes p\u00e9tales secs ne servent que de terreau pour le champignon des fourmis coupeuses de feuilles (il est conseill\u00e9 de proposer en m\u00eame temps des feuilles fra\u00eeches comme hydratant).<br \/>\nIl suffit de placer les p\u00e9tales \u00e0 nourrir dans une chambre de nourriture s\u00e8che.<\/p>\n<p><strong>Stockage :<\/strong><br \/>\nDans un environnement sec<\/p>\n<p><strong>Contient :<\/strong><br \/>\n100% p\u00e9tales de tournesol s\u00e9ch\u00e9es.<\/p>","protected":false},"excerpt":{"rendered":"<p>Contenu : 100g de p\u00e9tales de tournesol s\u00e9ch\u00e9s. Description : Les p\u00e9tales de tournesol sont un milieu nutritif pour les esp\u00e8ces de fourmis qui d\u00e9veloppent des champignons. Il s'agit d'un produit purement naturel. Utilisation : P\u00e9tales de tournesol = pour les esp\u00e8ces de fourmis cultivant des champignons. Les p\u00e9tales secs ne servent que de terrain de reproduction pour les champignons des fourmis coupeuses de feuilles (en offrant des feuilles fra\u00eeches comme [...]","protected":false},"featured_media":10875,"comment_status":"open","ping_status":"closed","template":"","meta":{"_acf_changed":false,"content-type":"","_monsterinsights_skip_tracking":false,"_monsterinsights_sitenote_active":false,"_monsterinsights_sitenote_note":"","_monsterinsights_sitenote_category":0},"product_brand":[],"product_cat":[115,116],"product_tag":[],"class_list":{"0":"post-3160","1":"product","2":"type-product","3":"status-publish","4":"has-post-thumbnail","6":"product_cat-food-and-feeding","7":"product_cat-food","9":"first","10":"instock","11":"taxable","12":"shipping-taxable","13":"purchasable","14":"product-type-simple"},"acf":[],"aioseo_notices":[],"jetpack_sharing_enabled":true,"_links":{"self":[{"href":"https:\/\/antcube.shop\/fr\/wp-json\/wp\/v2\/product\/3160","targetHints":{"allow":["GET"]}}],"collection":[{"href":"https:\/\/antcube.shop\/fr\/wp-json\/wp\/v2\/product"}],"about":[{"href":"https:\/\/antcube.shop\/fr\/wp-json\/wp\/v2\/types\/product"}],"replies":[{"embeddable":true,"href":"https:\/\/antcube.shop\/fr\/wp-json\/wp\/v2\/comments?post=3160"}],"wp:featuredmedia":[{"embeddable":true,"href":"https:\/\/antcube.shop\/fr\/wp-json\/wp\/v2\/media\/10875"}],"wp:attachment":[{"href":"https:\/\/antcube.shop\/fr\/wp-json\/wp\/v2\/media?parent=3160"}],"wp:term":[{"taxonomy":"product_brand","embeddable":true,"href":"https:\/\/antcube.shop\/fr\/wp-json\/wp\/v2\/product_brand?post=3160"},{"taxonomy":"product_cat","embeddable":true,"href":"https:\/\/antcube.shop\/fr\/wp-json\/wp\/v2\/product_cat?post=3160"},{"taxonomy":"product_tag","embeddable":true,"href":"https:\/\/antcube.shop\/fr\/wp-json\/wp\/v2\/product_tag?post=3160"}],"curies":[{"name":"wp","href":"https:\/\/api.w.org\/{rel}","templated":true}]}}