{"id":3159,"date":"2021-11-08T10:46:28","date_gmt":"2021-11-08T09:46:28","guid":{"rendered":"https:\/\/antcube.shop\/produkt\/rosenblutenblatter-100g-getrocknet\/"},"modified":"2026-04-17T17:36:36","modified_gmt":"2026-04-17T15:36:36","slug":"rosenblutenblatter-100g-getrocknet-2","status":"publish","type":"product","link":"https:\/\/antcube.shop\/fr\/produit\/rosenblutenblatter-100g-getrocknet-2\/","title":{"rendered":"P\u00e9tales de rose 100g - s\u00e9ch\u00e9s"},"content":{"rendered":"<p><strong>Contenu :<\/strong><br \/>\n100g dried rose petals<\/p>\n<p><strong>Description :<\/strong><br \/>\nLes p\u00e9tales de rose comme lieu de reproduction pour les esp\u00e8ces de fourmis qui se nourrissent de champignons. Il s'agit d'un produit purement naturel.<\/p>\n<p><strong>Utilisation :<\/strong><br \/>\nP\u00e9tales de rose = pour les esp\u00e8ces de fourmis qui se reproduisent par des champignons.<br \/>\nLes p\u00e9tales secs ne servent que de terreau pour le champignon des fourmis coupeuses de feuilles (il est conseill\u00e9 de proposer en m\u00eame temps des feuilles fra\u00eeches comme hydratant).<br \/>\nIl suffit de placer les p\u00e9tales \u00e0 nourrir dans une chambre de nourriture s\u00e8che.<\/p>\n<p><strong>Stockage :<\/strong><br \/>\nDans un environnement sec<\/p>\n<p><strong>Contient :<\/strong><br \/>\n100% p\u00e9tales de roses s\u00e9ch\u00e9es<\/p>","protected":false},"excerpt":{"rendered":"<p>Contenu : 100g de p\u00e9tales de rose s\u00e9ch\u00e9s Description : Les p\u00e9tales de rose constituent un terrain de reproduction pour les esp\u00e8ces de fourmis qui se nourrissent de champignons. Il s'agit d'un produit purement naturel. Utilisation : P\u00e9tales de rose = pour les esp\u00e8ces de fourmis fongiques. Les p\u00e9tales secs ne servent que de terrain de reproduction pour les fourmis coupeuses de feuilles (en offrant des feuilles fra\u00eeches comme hydratant en m\u00eame temps [...]","protected":false},"featured_media":5485,"comment_status":"open","ping_status":"closed","template":"","meta":{"_acf_changed":false,"content-type":"","_monsterinsights_skip_tracking":false,"_monsterinsights_sitenote_active":false,"_monsterinsights_sitenote_note":"","_monsterinsights_sitenote_category":0},"product_brand":[],"product_cat":[115,116],"product_tag":[],"class_list":{"0":"post-3159","1":"product","2":"type-product","3":"status-publish","4":"has-post-thumbnail","6":"product_cat-food-and-feeding","7":"product_cat-food","9":"first","10":"instock","11":"taxable","12":"shipping-taxable","13":"purchasable","14":"product-type-simple"},"acf":[],"aioseo_notices":[],"jetpack_sharing_enabled":true,"_links":{"self":[{"href":"https:\/\/antcube.shop\/fr\/wp-json\/wp\/v2\/product\/3159","targetHints":{"allow":["GET"]}}],"collection":[{"href":"https:\/\/antcube.shop\/fr\/wp-json\/wp\/v2\/product"}],"about":[{"href":"https:\/\/antcube.shop\/fr\/wp-json\/wp\/v2\/types\/product"}],"replies":[{"embeddable":true,"href":"https:\/\/antcube.shop\/fr\/wp-json\/wp\/v2\/comments?post=3159"}],"wp:featuredmedia":[{"embeddable":true,"href":"https:\/\/antcube.shop\/fr\/wp-json\/wp\/v2\/media\/5485"}],"wp:attachment":[{"href":"https:\/\/antcube.shop\/fr\/wp-json\/wp\/v2\/media?parent=3159"}],"wp:term":[{"taxonomy":"product_brand","embeddable":true,"href":"https:\/\/antcube.shop\/fr\/wp-json\/wp\/v2\/product_brand?post=3159"},{"taxonomy":"product_cat","embeddable":true,"href":"https:\/\/antcube.shop\/fr\/wp-json\/wp\/v2\/product_cat?post=3159"},{"taxonomy":"product_tag","embeddable":true,"href":"https:\/\/antcube.shop\/fr\/wp-json\/wp\/v2\/product_tag?post=3159"}],"curies":[{"name":"wp","href":"https:\/\/api.w.org\/{rel}","templated":true}]}}