{"id":3158,"date":"2021-11-08T10:46:20","date_gmt":"2021-11-08T09:46:20","guid":{"rendered":"https:\/\/antcube.shop\/produkt\/zuckerlosung-in-2ml-futterrohrchen-10-st\/"},"modified":"2026-04-21T18:47:05","modified_gmt":"2026-04-21T16:47:05","slug":"zuckerlosung-in-2ml-futterrohrchen-10-st","status":"publish","type":"product","link":"https:\/\/antcube.shop\/fr\/produit\/zuckerlosung-in-2ml-futterrohrchen-10-st\/","title":{"rendered":"Solution de sucre dans un tube d'alimentation de 2ml - 10 pcs."},"content":{"rendered":"<p><strong>Contenu :<\/strong> 10x 2ml<\/p>\n<p><strong>Description :<\/strong> La solution sucr\u00e9e est un aliment compl\u00e9mentaire aux autres aliments.<\/p>\n<p><strong>Utilisation :<\/strong><br \/>\nSolution sucr\u00e9e = pour les esp\u00e8ces de fourmis mangeuses de sucre.<br \/>\nIl s'agit d'un aliment compl\u00e9mentaire (aliment unique)<br \/>\nIl peut \u00eatre offert aux animaux \u00e0 l'\u00e9tat de livraison. Il peut \u00eatre utilis\u00e9 jusqu'\u00e0 ce que le sucre soit sec. Nettoyez soigneusement le bol\/tube d'alimentation avant de le r\u00e9utiliser.<br \/>\nUn paquet ouvert peut \u00eatre utilis\u00e9 en le fermant herm\u00e9tiquement jusqu'\u00e0 la date indiqu\u00e9e (date de p\u00e9remption).<\/p>\n<p><strong>Contient :<\/strong><br \/>\nSucre inverti 55%<br \/>\nSaccharose 45%<\/p>\n<p><strong>Stockage :<\/strong> pour garantir la qualit\u00e9 de l'aliment, il faut le stocker dans un endroit sombre et sec.<\/p>\n<p><strong>Avis :<\/strong><br \/>\nVous trouverez des informations sur l'utilisation des tubes d'alimentation ici : Lien<br \/>\nVeuillez consulter la notice pour conna\u00eetre la composition, les ingr\u00e9dients analytiques, la date de p\u00e9remption et le num\u00e9ro de lot.<\/p>\n<p>Num\u00e9ro d'information +49 30 439703870<\/p>\n<p>Autorit\u00e9 comp\u00e9tente en mati\u00e8re de contr\u00f4le v\u00e9t\u00e9rinaire et alimentaire :<br \/>\nCabinet v\u00e9t\u00e9rinaire Steglitz<br \/>\nK\u00f6nigin-Luise-Str. 92<br \/>\n14195 Berlin<\/p>","protected":false},"excerpt":{"rendered":"<p>Alimentation compl\u00e9mentaire<\/p>","protected":false},"featured_media":3147,"comment_status":"open","ping_status":"closed","template":"","meta":{"_acf_changed":false,"content-type":"","_monsterinsights_skip_tracking":false,"_monsterinsights_sitenote_active":false,"_monsterinsights_sitenote_note":"","_monsterinsights_sitenote_category":0},"product_brand":[],"product_cat":[115,116],"product_tag":[],"class_list":{"0":"post-3158","1":"product","2":"type-product","3":"status-publish","4":"has-post-thumbnail","6":"product_cat-food-and-feeding","7":"product_cat-food","9":"first","10":"instock","11":"taxable","12":"shipping-taxable","13":"purchasable","14":"product-type-simple"},"acf":[],"aioseo_notices":[],"jetpack_sharing_enabled":true,"_links":{"self":[{"href":"https:\/\/antcube.shop\/fr\/wp-json\/wp\/v2\/product\/3158","targetHints":{"allow":["GET"]}}],"collection":[{"href":"https:\/\/antcube.shop\/fr\/wp-json\/wp\/v2\/product"}],"about":[{"href":"https:\/\/antcube.shop\/fr\/wp-json\/wp\/v2\/types\/product"}],"replies":[{"embeddable":true,"href":"https:\/\/antcube.shop\/fr\/wp-json\/wp\/v2\/comments?post=3158"}],"wp:featuredmedia":[{"embeddable":true,"href":"https:\/\/antcube.shop\/fr\/wp-json\/wp\/v2\/media\/3147"}],"wp:attachment":[{"href":"https:\/\/antcube.shop\/fr\/wp-json\/wp\/v2\/media?parent=3158"}],"wp:term":[{"taxonomy":"product_brand","embeddable":true,"href":"https:\/\/antcube.shop\/fr\/wp-json\/wp\/v2\/product_brand?post=3158"},{"taxonomy":"product_cat","embeddable":true,"href":"https:\/\/antcube.shop\/fr\/wp-json\/wp\/v2\/product_cat?post=3158"},{"taxonomy":"product_tag","embeddable":true,"href":"https:\/\/antcube.shop\/fr\/wp-json\/wp\/v2\/product_tag?post=3158"}],"curies":[{"name":"wp","href":"https:\/\/api.w.org\/{rel}","templated":true}]}}