{"id":3154,"date":"2021-11-08T10:45:55","date_gmt":"2021-11-08T09:45:55","guid":{"rendered":"https:\/\/antcube.shop\/produkt\/kornerfutter-major-in-2ml-futterrohrchen-10-st\/"},"modified":"2026-01-28T17:19:17","modified_gmt":"2026-01-28T16:19:17","slug":"kornerfutter-major-in-2ml-futterrohrchen-10-st","status":"publish","type":"product","link":"https:\/\/antcube.shop\/fr\/produit\/kornerfutter-major-in-2ml-futterrohrchen-10-st\/","title":{"rendered":"Grain food major dans des tubes d'alimentation de 2ml - 10 pcs."},"content":{"rendered":"<p><strong>Contenu :<\/strong> 10x 2 ml<\/p>\n<p><strong>Description :<\/strong> Des grains\/graines plus grands pour de plus grandes colonies d'esp\u00e8ces de fourmis collectrices de grains, comme le genre Messor, qui comptent d\u00e9j\u00e0 de grandes fourmis ouvri\u00e8res.<\/p>\n<p><strong>Application :<\/strong> Le tube de nourriture peut \u00eatre plac\u00e9 en entier dans le formicarium, ou bien ajouter de plus petites quantit\u00e9s dans un bol de nourriture selon les besoins\/la taille de la colonie. La nourriture \u00e0 base de c\u00e9r\u00e9ales est principalement accept\u00e9e par les esp\u00e8ces collectrices de c\u00e9r\u00e9ales telles que les esp\u00e8ces du genre Messor ou \u00e9galement Pheidole.<\/p>\n<p><strong>Avis :<\/strong><br \/>\nVous trouverez ici des informations sur l'utilisation des tubes d'alimentation : Lien<br \/>\nNourriture suppl\u00e9mentaire pour les fourmis granivores.<br \/>\nPour la composition, les composants analytiques, la date de p\u00e9remption et le num\u00e9ro de lot, veuillez vous r\u00e9f\u00e9rer \u00e0 la notice.<\/p>\n<p>Num\u00e9ro d'information +49 30 439703870<\/p>\n<p>Autorit\u00e9 comp\u00e9tente en mati\u00e8re de contr\u00f4le v\u00e9t\u00e9rinaire et alimentaire :<br \/>\nCabinet v\u00e9t\u00e9rinaire Steglitz<br \/>\nK\u00f6nigin-Luise-Str. 92<br \/>\n14195 Berlin<\/p>","protected":false},"excerpt":{"rendered":"<p>Alimentation compl\u00e9mentaire<\/p>","protected":false},"featured_media":3151,"comment_status":"open","ping_status":"closed","template":"","meta":{"_acf_changed":false,"content-type":"","_monsterinsights_skip_tracking":false,"_monsterinsights_sitenote_active":false,"_monsterinsights_sitenote_note":"","_monsterinsights_sitenote_category":0},"product_brand":[],"product_cat":[115,116],"product_tag":[],"class_list":{"0":"post-3154","1":"product","2":"type-product","3":"status-publish","4":"has-post-thumbnail","6":"product_cat-food-and-feeding","7":"product_cat-food","9":"first","10":"instock","11":"taxable","12":"shipping-taxable","13":"purchasable","14":"product-type-simple"},"acf":[],"aioseo_notices":[],"jetpack_sharing_enabled":true,"_links":{"self":[{"href":"https:\/\/antcube.shop\/fr\/wp-json\/wp\/v2\/product\/3154","targetHints":{"allow":["GET"]}}],"collection":[{"href":"https:\/\/antcube.shop\/fr\/wp-json\/wp\/v2\/product"}],"about":[{"href":"https:\/\/antcube.shop\/fr\/wp-json\/wp\/v2\/types\/product"}],"replies":[{"embeddable":true,"href":"https:\/\/antcube.shop\/fr\/wp-json\/wp\/v2\/comments?post=3154"}],"wp:featuredmedia":[{"embeddable":true,"href":"https:\/\/antcube.shop\/fr\/wp-json\/wp\/v2\/media\/3151"}],"wp:attachment":[{"href":"https:\/\/antcube.shop\/fr\/wp-json\/wp\/v2\/media?parent=3154"}],"wp:term":[{"taxonomy":"product_brand","embeddable":true,"href":"https:\/\/antcube.shop\/fr\/wp-json\/wp\/v2\/product_brand?post=3154"},{"taxonomy":"product_cat","embeddable":true,"href":"https:\/\/antcube.shop\/fr\/wp-json\/wp\/v2\/product_cat?post=3154"},{"taxonomy":"product_tag","embeddable":true,"href":"https:\/\/antcube.shop\/fr\/wp-json\/wp\/v2\/product_tag?post=3154"}],"curies":[{"name":"wp","href":"https:\/\/api.w.org\/{rel}","templated":true}]}}