{"id":3152,"date":"2021-11-08T10:45:38","date_gmt":"2021-11-08T09:45:38","guid":{"rendered":"https:\/\/antcube.shop\/produkt\/antcube-ameisenfarm-xl-20x20-stehend\/"},"modified":"2026-04-10T09:16:05","modified_gmt":"2026-04-10T07:16:05","slug":"antcube-ameisenfarm-xl-20x20-stehend","status":"publish","type":"product","link":"https:\/\/antcube.shop\/fr\/produit\/antcube-ameisenfarm-xl-20x20-stehend\/","title":{"rendered":"ANTCUBE - Fourmili\u00e8re - XL - 20\u00d720 - debout"},"content":{"rendered":"<p><strong>Dimensions (LxlxH) :<\/strong><br \/>\next\u00e9rieur : 190x58x199 mm<br \/>\nint\u00e9rieur : 184x50x190 mm<\/p>\n<p><strong>Mat\u00e9riau :<\/strong><br \/>\nVerre flott\u00e9, plastique<\/p>\n<p><strong>Couleur :<\/strong><br \/>\nclair comme de l'eau de roche<\/p>\n<p><strong>Contenu :<\/strong><br \/>\n1x Fourmili\u00e8re ANTCUBE - espacement des plaques de 52mm.<br \/>\n1x Housse de fourmili\u00e8re XL 20\u00d76<br \/>\n2x fiche 4mm<\/p>\n<p><strong>Connexion :<\/strong><br \/>\nDes deux c\u00f4t\u00e9s vous trouverez un trou de 27mm, donc cette ferme peut \u00eatre connect\u00e9e avec un tuyau de 28mm ou notre \"connecteur de r\u00e9servoir avec tuyau pour trous de 27mm\".<br \/>\n2x trous de 4mm avec bouchons de 4mm.<\/p>\n<p><strong>Description :<\/strong><br \/>\nCette fourmili\u00e8re enti\u00e8rement transparente convient pour <strong>XL<\/strong> les esp\u00e8ces de fourmis de taille.<\/p>\n<p><strong>Notes sur la production<\/strong><br \/>\nLe verre est coup\u00e9 selon la norme DIN 1249 avec une tol\u00e9rance de +\/- 1mm. Pour les esp\u00e8ces de fourmis extr\u00eamement petites, une protection suppl\u00e9mentaire contre la casse est indispensable.<\/p>\n<p><strong>Note sur la ferme<\/strong><br \/>\nVeuillez tenir compte des points suivants lors de la fixation des tuyaux :<br \/>\nSi le tuyau est tr\u00e8s difficile \u00e0 mettre en place sur la douille du connecteur, la douille doit \u00eatre l\u00e9g\u00e8rement frott\u00e9e avec une goutte de notre huile ou poudre de protection contre les ruptures. Le tuyau doit ensuite \u00eatre pouss\u00e9 sur la douille par des mouvements de torsion ou de vissage, sans charger la douille par des mouvements de haut en bas.<\/p>","protected":false},"excerpt":{"rendered":"<p>Taille : <span style=\"font-size: small;\"><span style=\"font-family: Arial;\"><strong>XL<\/strong><\/span><\/span><\/p>","protected":false},"featured_media":3129,"comment_status":"open","ping_status":"closed","template":"","meta":{"_acf_changed":false,"content-type":"","_monsterinsights_skip_tracking":false,"_monsterinsights_sitenote_active":false,"_monsterinsights_sitenote_note":"","_monsterinsights_sitenote_category":0},"product_brand":[],"product_cat":[80,84],"product_tag":[],"class_list":{"0":"post-3152","1":"product","2":"type-product","3":"status-publish","4":"has-post-thumbnail","6":"product_cat-antfarms","7":"product_cat-antfarms-xl","9":"first","10":"instock","11":"taxable","12":"shipping-taxable","13":"purchasable","14":"product-type-simple"},"acf":[],"aioseo_notices":[],"jetpack_sharing_enabled":true,"_links":{"self":[{"href":"https:\/\/antcube.shop\/fr\/wp-json\/wp\/v2\/product\/3152","targetHints":{"allow":["GET"]}}],"collection":[{"href":"https:\/\/antcube.shop\/fr\/wp-json\/wp\/v2\/product"}],"about":[{"href":"https:\/\/antcube.shop\/fr\/wp-json\/wp\/v2\/types\/product"}],"replies":[{"embeddable":true,"href":"https:\/\/antcube.shop\/fr\/wp-json\/wp\/v2\/comments?post=3152"}],"wp:featuredmedia":[{"embeddable":true,"href":"https:\/\/antcube.shop\/fr\/wp-json\/wp\/v2\/media\/3129"}],"wp:attachment":[{"href":"https:\/\/antcube.shop\/fr\/wp-json\/wp\/v2\/media?parent=3152"}],"wp:term":[{"taxonomy":"product_brand","embeddable":true,"href":"https:\/\/antcube.shop\/fr\/wp-json\/wp\/v2\/product_brand?post=3152"},{"taxonomy":"product_cat","embeddable":true,"href":"https:\/\/antcube.shop\/fr\/wp-json\/wp\/v2\/product_cat?post=3152"},{"taxonomy":"product_tag","embeddable":true,"href":"https:\/\/antcube.shop\/fr\/wp-json\/wp\/v2\/product_tag?post=3152"}],"curies":[{"name":"wp","href":"https:\/\/api.w.org\/{rel}","templated":true}]}}