{"id":2869,"date":"2021-10-13T18:46:31","date_gmt":"2021-10-13T16:46:31","guid":{"rendered":"https:\/\/antcube.shop\/produkt\/antcube-gipsnest-20x20-liegend\/"},"modified":"2026-04-14T09:34:55","modified_gmt":"2026-04-14T07:34:55","slug":"antcube-gipsnest-20x20-liegend","status":"publish","type":"product","link":"https:\/\/antcube.shop\/fr\/produit\/antcube-gipsnest-20x20-liegend\/","title":{"rendered":"ANTCUBE - nid en pl\u00e2tre 20\u00d720 - couch\u00e9"},"content":{"rendered":"<p><strong>Dimensions :<\/strong><br \/>\n<strong>Nid en pl\u00e2tre : <\/strong>190 x 190 x 20mm<br \/>\n<strong>Couvercle en verre :<\/strong> 179 x 179 x 4mm<\/p>\n<p><strong>Mat\u00e9riau :<\/strong> Pl\u00e2tre<\/p>\n<p><strong>Contenu :<\/strong><br \/>\n1x nid en pl\u00e2tre 20\u00d720 avec deux prises de connexion M 10\/08<br \/>\n1x couvercle en verre avec un trou de 50mm<br \/>\n1x acrylique - anneau 50mm pour trou de 27mm<br \/>\n1x Base de formicarium 20\u00d720<br \/>\n2x couvercle de grille - 10mm - acier inoxydable<br \/>\n1x grille d'insertion - 27mm - acier inoxydable<\/p>\n<p><strong>Description :<\/strong> Notre nid en pl\u00e2tre avec des passages et des chambres pr\u00e9fabriqu\u00e9s convient \u00e0 de nombreuses esp\u00e8ces de fourmis, en particulier aux esp\u00e8ces qui construisent leurs nids dans des sols tr\u00e8s sablonneux ou pierreux. Il est dot\u00e9 de deux prises de connexion comme acc\u00e8s au nid. Le pl\u00e2tre ayant la propri\u00e9t\u00e9 d'absorber l'eau, une certaine quantit\u00e9 d'humidit\u00e9 est stock\u00e9e. N\u00e9anmoins, le nid en pl\u00e2tre ne doit pas \u00eatre utilis\u00e9 humide en permanence car sinon il peut entra\u00eener des moisissures (par des restes de nourriture ou des excr\u00e9ments des fourmis). C'est pourquoi il faut, si possible, y conserver des esp\u00e8ces provenant de r\u00e9gions plut\u00f4t s\u00e8ches. Il s'agirait, par exemple, d'esp\u00e8ces provenant de r\u00e9gions m\u00e9diterran\u00e9ennes ou d\u00e9sertiques.<\/p>\n<p><strong>Note :<\/strong> En raison de leur construction, ils ne conviennent pas aux tr\u00e8s petites esp\u00e8ces (par exemple : les esp\u00e8ces de Pheidole, les esp\u00e8ces de Temnothorax), des lacunes de 0,3 - 0,5mm peuvent se produire.<\/p>\n<p>Remarque sur les prises de connexion<br \/>\nLorsque vous fixez ou d\u00e9tachez des tuyaux, veuillez tenir compte des points suivants :<br \/>\nSi le tuyau est tr\u00e8s difficile \u00e0 mettre en place sur la douille du connecteur, la douille doit \u00eatre l\u00e9g\u00e8rement frott\u00e9e avec une goutte de notre huile ou de notre poudre de protection contre les ruptures. Le tuyau doit ensuite \u00eatre pouss\u00e9 sur la douille par des mouvements de torsion ou de vissage, sans solliciter la douille par des mouvements de haut en bas. Il en va de m\u00eame pour le retrait des tuyaux de la douille de connexion. Ne tirez pas simplement dessus !<\/p>\n<p>&nbsp;<\/p>\n<p>&nbsp;<\/p>","protected":false},"excerpt":{"rendered":"<p>Dimensions : Nid en pl\u00e2tre : 190 x 190 x 20mm Couvercle en verre : 179 x 179 x 4mm Mat\u00e9riau : Pl\u00e2tre Contenu : 1x nid de pl\u00e2tre 20\u00d720 avec deux prises de connexion M 10\/08 1x couvercle en verre avec trou de 50mm 1x acrylique - anneau 50mm pour trou de 27mm 1x base de formicarium 20\u00d720 2x capuchon de grille - 10mm - acier inoxydable 1x [...]","protected":false},"featured_media":3194,"comment_status":"open","ping_status":"closed","template":"","meta":{"_acf_changed":false,"content-type":"","_monsterinsights_skip_tracking":false,"_monsterinsights_sitenote_active":false,"_monsterinsights_sitenote_note":"","_monsterinsights_sitenote_category":0},"product_brand":[],"product_cat":[80,86],"product_tag":[],"class_list":{"0":"post-2869","1":"product","2":"type-product","3":"status-publish","4":"has-post-thumbnail","6":"product_cat-antfarms","7":"product_cat-formicariums","9":"first","10":"instock","11":"taxable","12":"shipping-taxable","13":"purchasable","14":"product-type-simple"},"acf":[],"aioseo_notices":[],"jetpack_sharing_enabled":true,"_links":{"self":[{"href":"https:\/\/antcube.shop\/fr\/wp-json\/wp\/v2\/product\/2869","targetHints":{"allow":["GET"]}}],"collection":[{"href":"https:\/\/antcube.shop\/fr\/wp-json\/wp\/v2\/product"}],"about":[{"href":"https:\/\/antcube.shop\/fr\/wp-json\/wp\/v2\/types\/product"}],"replies":[{"embeddable":true,"href":"https:\/\/antcube.shop\/fr\/wp-json\/wp\/v2\/comments?post=2869"}],"wp:featuredmedia":[{"embeddable":true,"href":"https:\/\/antcube.shop\/fr\/wp-json\/wp\/v2\/media\/3194"}],"wp:attachment":[{"href":"https:\/\/antcube.shop\/fr\/wp-json\/wp\/v2\/media?parent=2869"}],"wp:term":[{"taxonomy":"product_brand","embeddable":true,"href":"https:\/\/antcube.shop\/fr\/wp-json\/wp\/v2\/product_brand?post=2869"},{"taxonomy":"product_cat","embeddable":true,"href":"https:\/\/antcube.shop\/fr\/wp-json\/wp\/v2\/product_cat?post=2869"},{"taxonomy":"product_tag","embeddable":true,"href":"https:\/\/antcube.shop\/fr\/wp-json\/wp\/v2\/product_tag?post=2869"}],"curies":[{"name":"wp","href":"https:\/\/api.w.org\/{rel}","templated":true}]}}