{"id":2868,"date":"2021-10-13T18:43:30","date_gmt":"2021-10-13T16:43:30","guid":{"rendered":"https:\/\/antcube.shop\/produkt\/antcube-gipsnest-20x20-stehend\/"},"modified":"2026-03-30T18:00:18","modified_gmt":"2026-03-30T16:00:18","slug":"antcube-gipsnest-20x20-stehend","status":"publish","type":"product","link":"https:\/\/antcube.shop\/fr\/produit\/antcube-gipsnest-20x20-stehend\/","title":{"rendered":"ANTCUBE - Nid de gypse 20\u00d720 - debout"},"content":{"rendered":"<p><strong>Dimensions :<\/strong> 182 x 159 x 19,5 mm<\/p>\n<p><strong>Mat\u00e9riau :<\/strong> Gypse\/pl\u00e2tre<\/p>\n<p>Ne convient qu'\u00e0 la taille de nos fourmili\u00e8res <strong>L<\/strong><\/p>\n<p><strong>Description :<\/strong> Notre nid en pl\u00e2tre avec des passages et des chambres pr\u00e9fabriqu\u00e9s convient \u00e0 de nombreuses esp\u00e8ces de fourmis, en particulier aux esp\u00e8ces qui construisent leurs nids dans des sols tr\u00e8s sablonneux ou pierreux. Il comporte un trou pour l'acc\u00e8s au nid. Le pl\u00e2tre ayant la propri\u00e9t\u00e9 d'absorber l'eau, une certaine quantit\u00e9 d'humidit\u00e9 est stock\u00e9e. N\u00e9anmoins, le nid en pl\u00e2tre ne doit pas \u00eatre utilis\u00e9 en permanence humide car sinon il peut entra\u00eener des moisissures (par les restes de nourriture ou les excr\u00e9ments des fourmis). C'est pourquoi il convient de conserver ici, si possible, des esp\u00e8ces provenant de r\u00e9gions plut\u00f4t s\u00e8ches. Il s'agirait, par exemple, d'esp\u00e8ces provenant de r\u00e9gions m\u00e9diterran\u00e9ennes ou d\u00e9sertiques.<\/p>\n<p>&nbsp;<\/p>","protected":false},"excerpt":{"rendered":"<p>Ne convient qu'\u00e0 la taille de nos fourmili\u00e8res <strong>L<\/strong><\/p>","protected":false},"featured_media":351,"comment_status":"open","ping_status":"closed","template":"","meta":{"_acf_changed":false,"content-type":"","_monsterinsights_skip_tracking":false,"_monsterinsights_sitenote_active":false,"_monsterinsights_sitenote_note":"","_monsterinsights_sitenote_category":0},"product_brand":[],"product_cat":[87,90],"product_tag":[],"class_list":{"0":"post-2868","1":"product","2":"type-product","3":"status-publish","4":"has-post-thumbnail","6":"product_cat-nest-insets","7":"product_cat-gypsum","9":"first","10":"instock","11":"taxable","12":"shipping-taxable","13":"purchasable","14":"product-type-simple"},"acf":[],"aioseo_notices":[],"jetpack_sharing_enabled":true,"_links":{"self":[{"href":"https:\/\/antcube.shop\/fr\/wp-json\/wp\/v2\/product\/2868","targetHints":{"allow":["GET"]}}],"collection":[{"href":"https:\/\/antcube.shop\/fr\/wp-json\/wp\/v2\/product"}],"about":[{"href":"https:\/\/antcube.shop\/fr\/wp-json\/wp\/v2\/types\/product"}],"replies":[{"embeddable":true,"href":"https:\/\/antcube.shop\/fr\/wp-json\/wp\/v2\/comments?post=2868"}],"wp:featuredmedia":[{"embeddable":true,"href":"https:\/\/antcube.shop\/fr\/wp-json\/wp\/v2\/media\/351"}],"wp:attachment":[{"href":"https:\/\/antcube.shop\/fr\/wp-json\/wp\/v2\/media?parent=2868"}],"wp:term":[{"taxonomy":"product_brand","embeddable":true,"href":"https:\/\/antcube.shop\/fr\/wp-json\/wp\/v2\/product_brand?post=2868"},{"taxonomy":"product_cat","embeddable":true,"href":"https:\/\/antcube.shop\/fr\/wp-json\/wp\/v2\/product_cat?post=2868"},{"taxonomy":"product_tag","embeddable":true,"href":"https:\/\/antcube.shop\/fr\/wp-json\/wp\/v2\/product_tag?post=2868"}],"curies":[{"name":"wp","href":"https:\/\/api.w.org\/{rel}","templated":true}]}}