{"id":2865,"date":"2021-10-13T18:42:51","date_gmt":"2021-10-13T16:42:51","guid":{"rendered":"https:\/\/antcube.shop\/produkt\/futterspender-2ml-dosierbar\/"},"modified":"2026-04-23T17:22:05","modified_gmt":"2026-04-23T15:22:05","slug":"futterspender-2ml-dosierbar","status":"publish","type":"product","link":"https:\/\/antcube.shop\/fr\/produit\/futterspender-2ml-dosierbar\/","title":{"rendered":"Distributeur de nourriture 2ml - dosable"},"content":{"rendered":"<p><strong>Dimensions :<\/strong> 30x40x50 mm, 2 ml<\/p>\n<p><strong>Contenu :<\/strong><br \/>\n1x pied avec 1x 2.5mm d'ouverture (1-2 mm peuvent \u00eatre dos\u00e9s).<br \/>\n1x tube de nourriture pour fourmis<\/p>\n<p><strong>Mat\u00e9riau :<\/strong> PMMA, PS<\/p>\n<p><strong>Description :<\/strong> Avec ce distributeur, les fourmis \u00e0 l'int\u00e9rieur d'un formicarium peuvent se nourrir avec la nourriture propos\u00e9e. Id\u00e9al aussi pour la saison des vacances. Les tubes de nourriture pour fourmis de 2ml peuvent \u00eatre ins\u00e9r\u00e9s dans la base. Gr\u00e2ce \u00e0 la profondeur d'insertion, la quantit\u00e9 de nourriture disponible peut \u00eatre dos\u00e9e. Le distributeur avec sa sortie de 2,5 mm de large convient \u00e0 tous nos aliments en poudre, ainsi qu'aux m\u00e9langes de grains mineurs et de m\u00e9dias.<\/p>\n<p><strong>Couleurs :<\/strong> transparent<\/p>","protected":false},"excerpt":{"rendered":"<p>Dimensions : 30x40x50 mm, 2 ml<\/p>","protected":false},"featured_media":306,"comment_status":"open","ping_status":"closed","template":"","meta":{"_acf_changed":false,"content-type":"","_monsterinsights_skip_tracking":false,"_monsterinsights_sitenote_active":false,"_monsterinsights_sitenote_note":"","_monsterinsights_sitenote_category":0},"product_brand":[],"product_cat":[115,118],"product_tag":[],"class_list":{"0":"post-2865","1":"product","2":"type-product","3":"status-publish","4":"has-post-thumbnail","6":"product_cat-food-and-feeding","7":"product_cat-feeding-bowls","9":"first","10":"instock","11":"taxable","12":"shipping-taxable","13":"purchasable","14":"product-type-simple"},"acf":[],"aioseo_notices":[],"jetpack_sharing_enabled":true,"_links":{"self":[{"href":"https:\/\/antcube.shop\/fr\/wp-json\/wp\/v2\/product\/2865","targetHints":{"allow":["GET"]}}],"collection":[{"href":"https:\/\/antcube.shop\/fr\/wp-json\/wp\/v2\/product"}],"about":[{"href":"https:\/\/antcube.shop\/fr\/wp-json\/wp\/v2\/types\/product"}],"replies":[{"embeddable":true,"href":"https:\/\/antcube.shop\/fr\/wp-json\/wp\/v2\/comments?post=2865"}],"wp:featuredmedia":[{"embeddable":true,"href":"https:\/\/antcube.shop\/fr\/wp-json\/wp\/v2\/media\/306"}],"wp:attachment":[{"href":"https:\/\/antcube.shop\/fr\/wp-json\/wp\/v2\/media?parent=2865"}],"wp:term":[{"taxonomy":"product_brand","embeddable":true,"href":"https:\/\/antcube.shop\/fr\/wp-json\/wp\/v2\/product_brand?post=2865"},{"taxonomy":"product_cat","embeddable":true,"href":"https:\/\/antcube.shop\/fr\/wp-json\/wp\/v2\/product_cat?post=2865"},{"taxonomy":"product_tag","embeddable":true,"href":"https:\/\/antcube.shop\/fr\/wp-json\/wp\/v2\/product_tag?post=2865"}],"curies":[{"name":"wp","href":"https:\/\/api.w.org\/{rel}","templated":true}]}}