{"id":2863,"date":"2021-10-13T18:42:31","date_gmt":"2021-10-13T16:42:31","guid":{"rendered":"https:\/\/antcube.shop\/produkt\/antcube-digfix-platte-20x20-l\/"},"modified":"2026-04-13T09:33:43","modified_gmt":"2026-04-13T07:33:43","slug":"antcube-digfix-platte-20x20-l","status":"publish","type":"product","link":"https:\/\/antcube.shop\/fr\/produit\/antcube-digfix-platte-20x20-l\/","title":{"rendered":"ANTCUBE - Plaque Digfix 20\u00d720 - L"},"content":{"rendered":"<p><strong>Dimensions :<\/strong> 183x160x20 mm<\/p>\n<p><strong>Mat\u00e9riau :<\/strong> Digfix<\/p>\n<p><strong>Description :<\/strong> La plaque Digfix est faite d'un mat\u00e9riau r\u00e9sistant \u00e0 la gravit\u00e9 et s'adapte parfaitement \u00e0 nos fourmili\u00e8res ANTCUBE. Elle peut \u00eatre utilis\u00e9e aussi bien s\u00e8che qu'humide. Elle convient \u00e9galement \u00e0 de nombreuses esp\u00e8ces de fourmis, notamment celles qui nichent dans le sable et dans le bois (mort). Il peut \u00eatre utilis\u00e9 \u00e0 la place des m\u00e9langes sable-mousse ou des inserts de nid en li\u00e8ge. Un grand avantage par rapport aux nids en li\u00e8ge est que Digfix ne moisit pas, m\u00eame lorsqu'il est mouill\u00e9. Cela signifie que les esp\u00e8ces de fourmis ayant un besoin \u00e9lev\u00e9 en humidit\u00e9 peuvent \u00eatre approvisionn\u00e9es en eau sans probl\u00e8me. Digfix pr\u00e9sente \u00e9galement l'avantage que les fourmis qui creusent ne salissent pas les vitres de leur nid avec de la terre lorsqu'elles creusent, ce qui permet une vue parfaite dans le nid.<\/p>\n<p><strong>Note :<\/strong> La nuance de la couleur naturelle peut varier entre le brun verd\u00e2tre\/gris\u00e2tre et le brun terreux. La nuance n'affecte pas la qualit\u00e9.<br \/>\nEn raison de la fabrication, les dimensions peuvent varier de +\/- 1 mm.<\/p>","protected":false},"excerpt":{"rendered":"<p>Taille : <strong>L<\/strong><\/p>","protected":false},"featured_media":344,"comment_status":"open","ping_status":"closed","template":"","meta":{"_acf_changed":false,"content-type":"","_monsterinsights_skip_tracking":false,"_monsterinsights_sitenote_active":false,"_monsterinsights_sitenote_note":"","_monsterinsights_sitenote_category":0},"product_brand":[],"product_cat":[87,88],"product_tag":[],"class_list":{"0":"post-2863","1":"product","2":"type-product","3":"status-publish","4":"has-post-thumbnail","6":"product_cat-nest-insets","7":"product_cat-digfix","9":"first","10":"instock","11":"taxable","12":"shipping-taxable","13":"purchasable","14":"product-type-simple"},"acf":[],"aioseo_notices":[],"jetpack_sharing_enabled":true,"_links":{"self":[{"href":"https:\/\/antcube.shop\/fr\/wp-json\/wp\/v2\/product\/2863","targetHints":{"allow":["GET"]}}],"collection":[{"href":"https:\/\/antcube.shop\/fr\/wp-json\/wp\/v2\/product"}],"about":[{"href":"https:\/\/antcube.shop\/fr\/wp-json\/wp\/v2\/types\/product"}],"replies":[{"embeddable":true,"href":"https:\/\/antcube.shop\/fr\/wp-json\/wp\/v2\/comments?post=2863"}],"wp:featuredmedia":[{"embeddable":true,"href":"https:\/\/antcube.shop\/fr\/wp-json\/wp\/v2\/media\/344"}],"wp:attachment":[{"href":"https:\/\/antcube.shop\/fr\/wp-json\/wp\/v2\/media?parent=2863"}],"wp:term":[{"taxonomy":"product_brand","embeddable":true,"href":"https:\/\/antcube.shop\/fr\/wp-json\/wp\/v2\/product_brand?post=2863"},{"taxonomy":"product_cat","embeddable":true,"href":"https:\/\/antcube.shop\/fr\/wp-json\/wp\/v2\/product_cat?post=2863"},{"taxonomy":"product_tag","embeddable":true,"href":"https:\/\/antcube.shop\/fr\/wp-json\/wp\/v2\/product_tag?post=2863"}],"curies":[{"name":"wp","href":"https:\/\/api.w.org\/{rel}","templated":true}]}}