{"id":2860,"date":"2021-10-13T18:42:02","date_gmt":"2021-10-13T16:42:02","guid":{"rendered":"https:\/\/antcube.shop\/produkt\/antcube-korknest-20x20-stehend\/"},"modified":"2026-04-07T00:42:13","modified_gmt":"2026-04-06T22:42:13","slug":"antcube-korknest-20x20-stehend","status":"publish","type":"product","link":"https:\/\/antcube.shop\/fr\/produit\/antcube-korknest-20x20-stehend\/","title":{"rendered":"ANTCUBE - Nid en li\u00e8ge 20\u00d720 - debout"},"content":{"rendered":"<p><strong>Dimensions :<\/strong> 183 x 160 x 20 mm<\/p>\n<p><strong>Mat\u00e9riau :<\/strong> Li\u00e8ge (fin)<\/p>\n<p>Ne convient qu'\u00e0 la taille de nos fourmili\u00e8res <strong>L<\/strong><\/p>\n<p><strong>Description :<\/strong> Ce nid en li\u00e8ge avec des passages et des chambres pr\u00e9fabriqu\u00e9s convient \u00e0 diverses esp\u00e8ces de fourmis, en particulier aux esp\u00e8ces nichant dans le bois (mort). Il comporte un trou pour l'acc\u00e8s au nid.<br \/>\nLe li\u00e8ge est chimiquement neutre. Sa structure est non seulement imperm\u00e9able aux liquides, mais ne provoque pas non plus de r\u00e9actions chimiques et n'est donc pas endommag\u00e9e. Toutefois, une humidit\u00e9 trop importante peut provoquer un pourrissement \u00e0 long terme et r\u00e9duire la long\u00e9vit\u00e9 du nid. N\u00e9anmoins, le li\u00e8ge est tr\u00e8s r\u00e9sistant aux attaques de pourriture, de champignons et de moisissures. Cela est d\u00fb \u00e0 sa surface et \u00e0 sa structure, qui ne constituent pas un terrain propice \u00e0 la colonisation par les champignons. Cependant, les restes de nourriture et les excr\u00e9ments des animaux ainsi que d'autres substances organiques peuvent favoriser le d\u00e9veloppement des moisissures.<\/p>\n<p>Par cons\u00e9quent, nous recommandons de conserver dans le li\u00e8ge principalement des esp\u00e8ces provenant de r\u00e9gions s\u00e8ches. Les esp\u00e8ces provenant d'habitats humides peuvent n\u00e9anmoins \u00eatre conserv\u00e9es dans cet ensemble, car la pourriture n'est pas un probl\u00e8me pour la plupart des esp\u00e8ces. De nombreuses fourmis d'Europe du Nord, comme Camponotus herculeanus ou Formica fusca, vivent \u00e9galement dans le bois pourri.<\/p>\n<p>&nbsp;<\/p>","protected":false},"excerpt":{"rendered":"<p><strong>Convient uniquement<\/strong> dans la taille de nos fourmili\u00e8res <strong>L<\/strong><\/p>\n<p><strong>Dimensions :<\/strong> 183 x 160 x 20 mm<\/p>","protected":false},"featured_media":350,"comment_status":"open","ping_status":"closed","template":"","meta":{"_acf_changed":false,"content-type":"","_monsterinsights_skip_tracking":false,"_monsterinsights_sitenote_active":false,"_monsterinsights_sitenote_note":"","_monsterinsights_sitenote_category":0},"product_brand":[],"product_cat":[87,89],"product_tag":[],"class_list":{"0":"post-2860","1":"product","2":"type-product","3":"status-publish","4":"has-post-thumbnail","6":"product_cat-nest-insets","7":"product_cat-cork","9":"first","10":"instock","11":"taxable","12":"shipping-taxable","13":"purchasable","14":"product-type-simple"},"acf":[],"aioseo_notices":[],"jetpack_sharing_enabled":true,"_links":{"self":[{"href":"https:\/\/antcube.shop\/fr\/wp-json\/wp\/v2\/product\/2860","targetHints":{"allow":["GET"]}}],"collection":[{"href":"https:\/\/antcube.shop\/fr\/wp-json\/wp\/v2\/product"}],"about":[{"href":"https:\/\/antcube.shop\/fr\/wp-json\/wp\/v2\/types\/product"}],"replies":[{"embeddable":true,"href":"https:\/\/antcube.shop\/fr\/wp-json\/wp\/v2\/comments?post=2860"}],"wp:featuredmedia":[{"embeddable":true,"href":"https:\/\/antcube.shop\/fr\/wp-json\/wp\/v2\/media\/350"}],"wp:attachment":[{"href":"https:\/\/antcube.shop\/fr\/wp-json\/wp\/v2\/media?parent=2860"}],"wp:term":[{"taxonomy":"product_brand","embeddable":true,"href":"https:\/\/antcube.shop\/fr\/wp-json\/wp\/v2\/product_brand?post=2860"},{"taxonomy":"product_cat","embeddable":true,"href":"https:\/\/antcube.shop\/fr\/wp-json\/wp\/v2\/product_cat?post=2860"},{"taxonomy":"product_tag","embeddable":true,"href":"https:\/\/antcube.shop\/fr\/wp-json\/wp\/v2\/product_tag?post=2860"}],"curies":[{"name":"wp","href":"https:\/\/api.w.org\/{rel}","templated":true}]}}