{"id":2859,"date":"2021-10-13T18:41:44","date_gmt":"2021-10-13T16:41:44","guid":{"rendered":"https:\/\/antcube.shop\/produkt\/tranke-klar-20ml-schwamm\/"},"modified":"2026-04-13T09:33:24","modified_gmt":"2026-04-13T07:33:24","slug":"tranke-klar-20ml-schwamm","status":"publish","type":"product","link":"https:\/\/antcube.shop\/fr\/produit\/tranke-klar-20ml-schwamm\/","title":{"rendered":"Abreuvoir transparent 20ml - \u00e9ponge"},"content":{"rendered":"<p><strong>Dimensions :<\/strong> 40x50x68 mm, 20 ml<\/p>\n<p><strong>Contenu :<\/strong><br \/>\n1x base avec 4x ouvertures de 3mm et \u00e9ponge int\u00e9gr\u00e9e.<br \/>\n1x r\u00e9servoir d'eau 62x22mm (20ml)<br \/>\n1x \u00e9ponge 30mm<\/p>\n<p><strong>Mat\u00e9riau :<\/strong> PS, PMMA, mousse (\u00e0 pores extr\u00eamement fins et absorbants)<\/p>\n<p><strong>Description :<\/strong> Cela permet aux fourmis de se procurer suffisamment d'humidit\u00e9 dans un formicarium. Id\u00e9al \u00e9galement pour la p\u00e9riode des vacances. Le r\u00e9servoir d'eau de 20ml peut \u00eatre ins\u00e9r\u00e9 dans le pied (Attention : Ne pas ins\u00e9rer le r\u00e9servoir \u00e0 fond, mais seulement jusqu'au niveau de l'\u00e9ponge, afin de ne pas interrompre l'alimentation en eau). L'\u00e9ponge dont le diam\u00e8tre est sup\u00e9rieur \u00e0 celui du r\u00e9servoir fix\u00e9 permet \u00e0 l'humidit\u00e9 de s'infiltrer dans le pied. Les 4 ouvertures fines de 18 mm dans la base, plac\u00e9es dans les quatre directions cardinales, permettent de nourrir les colonies avec un grand nombre d'animaux. En retirant la mousse, les animaux s'assurent un approvisionnement suffisant en liquide.<\/p>\n<p><strong>Couleurs :<\/strong> limpide, gris<\/p>\n<p>&nbsp;<\/p>","protected":false},"excerpt":{"rendered":"<p><strong>Dimensions :<\/strong> 40x50x68 mm, 20 ml<\/p>","protected":false},"featured_media":3004,"comment_status":"open","ping_status":"closed","template":"","meta":{"_acf_changed":false,"content-type":"","_monsterinsights_skip_tracking":false,"_monsterinsights_sitenote_active":false,"_monsterinsights_sitenote_note":"","_monsterinsights_sitenote_category":0},"product_brand":[],"product_cat":[115,117],"product_tag":[],"class_list":{"0":"post-2859","1":"product","2":"type-product","3":"status-publish","4":"has-post-thumbnail","6":"product_cat-food-and-feeding","7":"product_cat-drinkers-for-ants","9":"first","10":"instock","11":"taxable","12":"shipping-taxable","13":"purchasable","14":"product-type-simple"},"acf":[],"aioseo_notices":[],"jetpack_sharing_enabled":true,"_links":{"self":[{"href":"https:\/\/antcube.shop\/fr\/wp-json\/wp\/v2\/product\/2859","targetHints":{"allow":["GET"]}}],"collection":[{"href":"https:\/\/antcube.shop\/fr\/wp-json\/wp\/v2\/product"}],"about":[{"href":"https:\/\/antcube.shop\/fr\/wp-json\/wp\/v2\/types\/product"}],"replies":[{"embeddable":true,"href":"https:\/\/antcube.shop\/fr\/wp-json\/wp\/v2\/comments?post=2859"}],"wp:featuredmedia":[{"embeddable":true,"href":"https:\/\/antcube.shop\/fr\/wp-json\/wp\/v2\/media\/3004"}],"wp:attachment":[{"href":"https:\/\/antcube.shop\/fr\/wp-json\/wp\/v2\/media?parent=2859"}],"wp:term":[{"taxonomy":"product_brand","embeddable":true,"href":"https:\/\/antcube.shop\/fr\/wp-json\/wp\/v2\/product_brand?post=2859"},{"taxonomy":"product_cat","embeddable":true,"href":"https:\/\/antcube.shop\/fr\/wp-json\/wp\/v2\/product_cat?post=2859"},{"taxonomy":"product_tag","embeddable":true,"href":"https:\/\/antcube.shop\/fr\/wp-json\/wp\/v2\/product_tag?post=2859"}],"curies":[{"name":"wp","href":"https:\/\/api.w.org\/{rel}","templated":true}]}}