{"id":2857,"date":"2021-10-13T18:41:25","date_gmt":"2021-10-13T16:41:25","guid":{"rendered":"https:\/\/antcube.shop\/produkt\/antcube-ameisenfarm-l-20x20-stehend\/"},"modified":"2026-04-03T13:00:15","modified_gmt":"2026-04-03T11:00:15","slug":"antcube-ameisenfarm-l-20x20-stehend","status":"publish","type":"product","link":"https:\/\/antcube.shop\/fr\/produit\/antcube-ameisenfarm-l-20x20-stehend\/","title":{"rendered":"ANTCUBE - fourmili\u00e8re - L - 20\u00d720 - debout"},"content":{"rendered":"<p><strong>Dimensions (LxlxH) :\u00a0<\/strong><br \/>\next\u00e9rieur : 234x58x199 mm<br \/>\nint\u00e9rieur : 184x20x190 mm<\/p>\n<p><strong>Mat\u00e9riau :<\/strong><br \/>\nVerre flott\u00e9, plastique<\/p>\n<p><strong>Couleur :<\/strong><br \/>\nclair comme de l'eau de roche<\/p>\n<p><strong>Contenu :<\/strong><br \/>\n1x Fourmili\u00e8re ANTCUBE - espacement des plaques de 20mm.<br \/>\n1x couverture de fourmili\u00e8re L 20\u00d73<br \/>\n2x fiche 4mm<\/p>\n<p><strong>connexion :<\/strong><br \/>\n2x douille 14\/16\/18\/20 x 20mm<br \/>\n2x trous de 4mm avec bouchons de 4mm<\/p>\n<p>Le tuyau 14\/10 est ins\u00e9r\u00e9 dans la douille de 14 mm avec un ajustement serr\u00e9.<br \/>\nLe tube 20\/16 est fix\u00e9 sur la premi\u00e8re marche de 16 mm.<br \/>\nLe tube 22\/18 est bien ajust\u00e9 sur la deuxi\u00e8me marche de 20 mm.<br \/>\nLe tuyau 24\/20 est fix\u00e9 de mani\u00e8re l\u00e2che sur la deuxi\u00e8me marche de 20 mm.<\/p>\n<p><strong>Description :<\/strong><br \/>\nCette fourmili\u00e8re enti\u00e8rement transparente convient aux esp\u00e8ces de fourmis de taille L.<\/p>\n<p><strong>Notes sur la production<\/strong><br \/>\nLe verre est coup\u00e9 selon la norme DIN 1249 avec une tol\u00e9rance de +\/- 1mm. Pour les esp\u00e8ces de fourmis extr\u00eamement petites, une protection suppl\u00e9mentaire contre la casse est indispensable.<\/p>\n<p><strong>Note sur la ferme<\/strong><br \/>\nLorsque vous fixez ou retirez des tuyaux, veuillez tenir compte des points suivants :<br \/>\nSi le tuyau est tr\u00e8s difficile \u00e0 mettre en place sur la douille du connecteur, la douille doit \u00eatre l\u00e9g\u00e8rement frott\u00e9e avec une goutte de notre huile ou de notre poudre de protection contre les ruptures. Le tuyau doit ensuite \u00eatre pouss\u00e9 sur la douille par des mouvements de torsion ou de vissage, sans solliciter la douille par des mouvements de haut en bas. Il en va de m\u00eame pour le retrait des tuyaux de la douille de raccordement de la ferme. Ne tirez pas simplement dessus !<\/p>\n<p>&nbsp;<\/p>","protected":false},"excerpt":{"rendered":"<p>Connexion : Douille 2x 14\/16\/18\/20 mm + couvercle<\/p>\n<p>Espacement des plaques : Int\u00e9rieur 20 mm \/ Ext\u00e9rieur 28 mm<br \/>\nTaille : <strong><span style=\"color: #0000ff;\">L<\/span><\/strong><\/p>","protected":false},"featured_media":347,"comment_status":"open","ping_status":"closed","template":"","meta":{"_acf_changed":false,"content-type":"","_monsterinsights_skip_tracking":false,"_monsterinsights_sitenote_active":false,"_monsterinsights_sitenote_note":"","_monsterinsights_sitenote_category":0},"product_brand":[],"product_cat":[80,83],"product_tag":[],"class_list":{"0":"post-2857","1":"product","2":"type-product","3":"status-publish","4":"has-post-thumbnail","6":"product_cat-antfarms","7":"product_cat-antfarms-l","9":"first","10":"instock","11":"taxable","12":"shipping-taxable","13":"purchasable","14":"product-type-simple"},"acf":[],"aioseo_notices":[],"jetpack_sharing_enabled":true,"_links":{"self":[{"href":"https:\/\/antcube.shop\/fr\/wp-json\/wp\/v2\/product\/2857","targetHints":{"allow":["GET"]}}],"collection":[{"href":"https:\/\/antcube.shop\/fr\/wp-json\/wp\/v2\/product"}],"about":[{"href":"https:\/\/antcube.shop\/fr\/wp-json\/wp\/v2\/types\/product"}],"replies":[{"embeddable":true,"href":"https:\/\/antcube.shop\/fr\/wp-json\/wp\/v2\/comments?post=2857"}],"wp:featuredmedia":[{"embeddable":true,"href":"https:\/\/antcube.shop\/fr\/wp-json\/wp\/v2\/media\/347"}],"wp:attachment":[{"href":"https:\/\/antcube.shop\/fr\/wp-json\/wp\/v2\/media?parent=2857"}],"wp:term":[{"taxonomy":"product_brand","embeddable":true,"href":"https:\/\/antcube.shop\/fr\/wp-json\/wp\/v2\/product_brand?post=2857"},{"taxonomy":"product_cat","embeddable":true,"href":"https:\/\/antcube.shop\/fr\/wp-json\/wp\/v2\/product_cat?post=2857"},{"taxonomy":"product_tag","embeddable":true,"href":"https:\/\/antcube.shop\/fr\/wp-json\/wp\/v2\/product_tag?post=2857"}],"curies":[{"name":"wp","href":"https:\/\/api.w.org\/{rel}","templated":true}]}}