{"id":2854,"date":"2021-10-13T18:40:55","date_gmt":"2021-10-13T16:40:55","guid":{"rendered":"https:\/\/antcube.shop\/produkt\/mini-thermo-hygrometer-analog-display-hangend\/"},"modified":"2026-04-17T18:44:57","modified_gmt":"2026-04-17T16:44:57","slug":"mini-thermo-hygrometre-affichage-analogique-pendu","status":"publish","type":"product","link":"https:\/\/antcube.shop\/fr\/produit\/mini-thermo-hygrometre-affichage-analogique-pendu\/","title":{"rendered":"Mini thermo hygrom\u00e8tre analogique - affichage - suspension"},"content":{"rendered":"<p><strong>Dimensions :<\/strong> 75 mm x 45 mm, 20 mm de profondeur<\/p>\n<p><strong>Mat\u00e9riau :<\/strong> m\u00e9tal \/ acry acry acry m\u00e9tal<\/p>\n<p><strong>Couleur :<\/strong> m\u00e9tal, argent \/ transparent<\/p>\n<p><strong>Contenu :<\/strong> 1x mini thermom\u00e8tre analogique m\u00e9tallique - 25mm, 1x mini hygrom\u00e8tre analogique m\u00e9tallique - 25mm, 1x support en verre acrylique avec d\u00e9coupes pour les instruments de mesure - 75x45mm, 1x base en verre acrylique - 75x20mm, 2x tampons adh\u00e9sifs transparents - 30x20mm<\/p>\n<p><strong>Description :<\/strong><br \/>\nL'ensemble se compose d'un thermom\u00e8tre et d'un hygrom\u00e8tre analogiques en m\u00e9tal (25mm), qui sont ins\u00e9r\u00e9s dans une plaque de verre acrylique (75x45mm). L'\u00e9cran est fix\u00e9 \u00e0 l'aide de deux tampons adh\u00e9sifs transparents, qui peuvent \u00eatre utilis\u00e9s pour fixer la base (75x20mm) au plafond sur des couvertures ou des cadres.<\/p>\n<p><strong>Un conseil :<\/strong><br \/>\nLes instruments de mesure situ\u00e9s \u00e0 l'arri\u00e8re doivent rester libres, sinon des erreurs de mesure peuvent se produire.<\/p>\n<p><strong>Pr\u00e9cision :<\/strong> +\/- 2\u00b0C, +\/- 4\u00b0F<br \/>\n<strong>Pr\u00e9cision :<\/strong> +\/- 5%<\/p>","protected":false},"excerpt":{"rendered":"<p>Ensemble de thermom\u00e8tre et hygrom\u00e8tre en m\u00e9tal (25mm) ins\u00e9r\u00e9 dans une plaque de verre acrylique (75x45mm)<\/p>","protected":false},"featured_media":311,"comment_status":"open","ping_status":"closed","template":"","meta":{"_acf_changed":false,"content-type":"","_monsterinsights_skip_tracking":false,"_monsterinsights_sitenote_active":false,"_monsterinsights_sitenote_note":"","_monsterinsights_sitenote_category":0},"product_brand":[],"product_cat":[119,239],"product_tag":[],"class_list":{"0":"post-2854","1":"product","2":"type-product","3":"status-publish","4":"has-post-thumbnail","6":"product_cat-formicarium-components","7":"product_cat-useful-additions","9":"first","10":"instock","11":"taxable","12":"shipping-taxable","13":"purchasable","14":"product-type-simple"},"acf":[],"aioseo_notices":[],"jetpack_sharing_enabled":true,"_links":{"self":[{"href":"https:\/\/antcube.shop\/fr\/wp-json\/wp\/v2\/product\/2854","targetHints":{"allow":["GET"]}}],"collection":[{"href":"https:\/\/antcube.shop\/fr\/wp-json\/wp\/v2\/product"}],"about":[{"href":"https:\/\/antcube.shop\/fr\/wp-json\/wp\/v2\/types\/product"}],"replies":[{"embeddable":true,"href":"https:\/\/antcube.shop\/fr\/wp-json\/wp\/v2\/comments?post=2854"}],"wp:featuredmedia":[{"embeddable":true,"href":"https:\/\/antcube.shop\/fr\/wp-json\/wp\/v2\/media\/311"}],"wp:attachment":[{"href":"https:\/\/antcube.shop\/fr\/wp-json\/wp\/v2\/media?parent=2854"}],"wp:term":[{"taxonomy":"product_brand","embeddable":true,"href":"https:\/\/antcube.shop\/fr\/wp-json\/wp\/v2\/product_brand?post=2854"},{"taxonomy":"product_cat","embeddable":true,"href":"https:\/\/antcube.shop\/fr\/wp-json\/wp\/v2\/product_cat?post=2854"},{"taxonomy":"product_tag","embeddable":true,"href":"https:\/\/antcube.shop\/fr\/wp-json\/wp\/v2\/product_tag?post=2854"}],"curies":[{"name":"wp","href":"https:\/\/api.w.org\/{rel}","templated":true}]}}