{"id":2852,"date":"2021-10-13T18:40:35","date_gmt":"2021-10-13T16:40:35","guid":{"rendered":"https:\/\/antcube.shop\/produkt\/gittereinsatz-27mm-edelstahl\/"},"modified":"2026-04-06T22:07:12","modified_gmt":"2026-04-06T20:07:12","slug":"gittereinsatz-27mm-edelstahl","status":"publish","type":"product","link":"https:\/\/antcube.shop\/fr\/produit\/gittereinsatz-27mm-edelstahl\/","title":{"rendered":"Grille d'insertion - 27mm - acier inoxydable"},"content":{"rendered":"<p><strong>Quantit\u00e9 :<\/strong> 1 pi\u00e8ce<\/p>\n<p><strong>Dimensions :<\/strong> 27 mm (diam\u00e8tre int\u00e9rieur), 33\u00d74 mm (dimensions ext\u00e9rieures)<\/p>\n<p><strong>Couleur :<\/strong> transparent<\/p>\n<p><strong>Mat\u00e9riau :<\/strong> acier inoxydable, acrylique<\/p>\n<p><strong>Description :<\/strong><br \/>\nCet insert de grille avec une grille tr\u00e8s fine en acier inoxydable (0,2 mm) peut \u00eatre ins\u00e9r\u00e9 dans les trous de 27 mm et assure une bonne ventilation du formicarium sans que les fourmis puissent s'\u00e9chapper.<br \/>\nEn cas de fixation lat\u00e9rale, nous recommandons une fixation suppl\u00e9mentaire \u00e0 l'aide d'adh\u00e9sifs disponibles dans le commerce pour \u00e9viter toute chute due \u00e0 d'\u00e9ventuels chocs.<\/p>\n<p><strong>Note :<\/strong> Convient \u00e9galement aux esp\u00e8ces \u00e0 morsure tr\u00e8s forte comme les fourmis coupeuses de feuilles !<\/p>","protected":false},"excerpt":{"rendered":"<p>Quantit\u00e9 : 1 pi\u00e8ce Dimensions : 27 mm (diam\u00e8tre int\u00e9rieur), 33x4 mm (dimensions ext\u00e9rieures) Couleur : transparent Mat\u00e9riau : acier inoxydable, acrylique Description : Cette grille en acier inoxydable tr\u00e8s fine (0,2 mm) peut \u00eatre ins\u00e9r\u00e9e dans les trous de 27 mm et assure une bonne ventilation du formarium sans que les fourmis ne puissent s'\u00e9chapper. En cas de fixation lat\u00e9rale, nous recommandons","protected":false},"featured_media":337,"comment_status":"open","ping_status":"closed","template":"","meta":{"_acf_changed":false,"content-type":"","_monsterinsights_skip_tracking":false,"_monsterinsights_sitenote_active":false,"_monsterinsights_sitenote_note":"","_monsterinsights_sitenote_category":0},"product_brand":[],"product_cat":[238],"product_tag":[],"class_list":{"0":"post-2852","1":"product","2":"type-product","3":"status-publish","4":"has-post-thumbnail","6":"product_cat-grid-caps-plugs-and-inserts","8":"first","9":"instock","10":"taxable","11":"shipping-taxable","12":"purchasable","13":"product-type-simple"},"acf":[],"aioseo_notices":[],"jetpack_sharing_enabled":true,"_links":{"self":[{"href":"https:\/\/antcube.shop\/fr\/wp-json\/wp\/v2\/product\/2852","targetHints":{"allow":["GET"]}}],"collection":[{"href":"https:\/\/antcube.shop\/fr\/wp-json\/wp\/v2\/product"}],"about":[{"href":"https:\/\/antcube.shop\/fr\/wp-json\/wp\/v2\/types\/product"}],"replies":[{"embeddable":true,"href":"https:\/\/antcube.shop\/fr\/wp-json\/wp\/v2\/comments?post=2852"}],"wp:featuredmedia":[{"embeddable":true,"href":"https:\/\/antcube.shop\/fr\/wp-json\/wp\/v2\/media\/337"}],"wp:attachment":[{"href":"https:\/\/antcube.shop\/fr\/wp-json\/wp\/v2\/media?parent=2852"}],"wp:term":[{"taxonomy":"product_brand","embeddable":true,"href":"https:\/\/antcube.shop\/fr\/wp-json\/wp\/v2\/product_brand?post=2852"},{"taxonomy":"product_cat","embeddable":true,"href":"https:\/\/antcube.shop\/fr\/wp-json\/wp\/v2\/product_cat?post=2852"},{"taxonomy":"product_tag","embeddable":true,"href":"https:\/\/antcube.shop\/fr\/wp-json\/wp\/v2\/product_tag?post=2852"}],"curies":[{"name":"wp","href":"https:\/\/api.w.org\/{rel}","templated":true}]}}