{"id":2849,"date":"2021-10-13T18:40:06","date_gmt":"2021-10-13T16:40:06","guid":{"rendered":"https:\/\/antcube.shop\/produkt\/gitterkappe-6mm-edelstahl\/"},"modified":"2026-04-02T17:33:33","modified_gmt":"2026-04-02T15:33:33","slug":"gitterkappe-6mm-edelstahl-2","status":"publish","type":"product","link":"https:\/\/antcube.shop\/fr\/produit\/gitterkappe-6mm-edelstahl-2\/","title":{"rendered":"Capuchon de grille - 6mm - Acier inoxydable"},"content":{"rendered":"<p><strong>Quantit\u00e9 :<\/strong> 1 pi\u00e8ce<\/p>\n<p><strong>Dimensions :<\/strong> 6mm (diam\u00e8tre int\u00e9rieur), 10\u00d74 mm (dimensions ext\u00e9rieures)<\/p>\n<p><strong>Couleur :<\/strong> transparent<\/p>\n<p><strong>Mat\u00e9riau :<\/strong> acier inoxydable, acrylique<\/p>\n<p><strong>Description :<\/strong><br \/>\nCe couvercle \u00e0 grille en acier inoxydable tr\u00e8s fine (0,2 mm) peut \u00eatre plac\u00e9 sur une douille, un tube ou un embout de tuyau et assure une bonne ventilation du formicarium sans que les fourmis puissent s'\u00e9chapper. La grille en acier inoxydable et le cadre en verre acrylique sont tous deux transparents.<\/p>\n<p><strong>Note :<\/strong> Convient \u00e9galement aux esp\u00e8ces \u00e0 morsure tr\u00e8s forte comme les fourmis coupeuses de feuilles !<\/p>\n<p>&nbsp;<\/p>","protected":false},"excerpt":{"rendered":"<p>Quantit\u00e9 : 1 pi\u00e8ce Dimensions : 16 mm (diam\u00e8tre int\u00e9rieur), 20x4 mm (dimensions ext\u00e9rieures) Couleur : transparent Mat\u00e9riau : acier inoxydable, acrylique Description : Ce bouchon \u00e0 grille en acier inoxydable tr\u00e8s fin (0,2 mm) peut \u00eatre plac\u00e9 sur une douille, un tube ou une extr\u00e9mit\u00e9 de tuyau et assure une bonne ventilation du formarium sans que les fourmis ne puissent s'\u00e9chapper. Les deux","protected":false},"featured_media":334,"comment_status":"open","ping_status":"closed","template":"","meta":{"_acf_changed":false,"content-type":"","_monsterinsights_skip_tracking":false,"_monsterinsights_sitenote_active":false,"_monsterinsights_sitenote_note":"","_monsterinsights_sitenote_category":0},"product_brand":[],"product_cat":[238],"product_tag":[],"class_list":{"0":"post-2849","1":"product","2":"type-product","3":"status-publish","4":"has-post-thumbnail","6":"product_cat-grid-caps-plugs-and-inserts","8":"first","9":"instock","10":"taxable","11":"shipping-taxable","12":"purchasable","13":"product-type-simple"},"acf":[],"aioseo_notices":[],"jetpack_sharing_enabled":true,"_links":{"self":[{"href":"https:\/\/antcube.shop\/fr\/wp-json\/wp\/v2\/product\/2849","targetHints":{"allow":["GET"]}}],"collection":[{"href":"https:\/\/antcube.shop\/fr\/wp-json\/wp\/v2\/product"}],"about":[{"href":"https:\/\/antcube.shop\/fr\/wp-json\/wp\/v2\/types\/product"}],"replies":[{"embeddable":true,"href":"https:\/\/antcube.shop\/fr\/wp-json\/wp\/v2\/comments?post=2849"}],"wp:featuredmedia":[{"embeddable":true,"href":"https:\/\/antcube.shop\/fr\/wp-json\/wp\/v2\/media\/334"}],"wp:attachment":[{"href":"https:\/\/antcube.shop\/fr\/wp-json\/wp\/v2\/media?parent=2849"}],"wp:term":[{"taxonomy":"product_brand","embeddable":true,"href":"https:\/\/antcube.shop\/fr\/wp-json\/wp\/v2\/product_brand?post=2849"},{"taxonomy":"product_cat","embeddable":true,"href":"https:\/\/antcube.shop\/fr\/wp-json\/wp\/v2\/product_cat?post=2849"},{"taxonomy":"product_tag","embeddable":true,"href":"https:\/\/antcube.shop\/fr\/wp-json\/wp\/v2\/product_tag?post=2849"}],"curies":[{"name":"wp","href":"https:\/\/api.w.org\/{rel}","templated":true}]}}