{"id":2848,"date":"2021-10-13T18:39:56","date_gmt":"2021-10-13T16:39:56","guid":{"rendered":"https:\/\/antcube.shop\/produkt\/tranke-2ml-360-grad\/"},"modified":"2026-04-10T16:50:23","modified_gmt":"2026-04-10T14:50:23","slug":"tranke-2ml-360-grad","status":"publish","type":"product","link":"https:\/\/antcube.shop\/fr\/produit\/tranke-2ml-360-grad\/","title":{"rendered":"Abreuvoir 2ml - 360 degr\u00e9s"},"content":{"rendered":"<p><strong>Dimensions :<\/strong> 30x40x52 mm, 2 ml<\/p>\n<p><strong>Contenu :<\/strong><br \/>\n1x pied avec 24x ouvertures de 0,5mm<br \/>\n1x tube de nourriture pour fourmis<\/p>\n<p><strong>Mat\u00e9riau :<\/strong> PLA, PS, PMMA<\/p>\n<p><strong>Description :<\/strong> Cela permet aux fourmis de se procurer suffisamment d'humidit\u00e9 \u00e0 l'int\u00e9rieur d'un formicarium. Id\u00e9al aussi pour la p\u00e9riode des vacances. Les tubes de nourriture pour fourmis de 2ml peuvent maintenant \u00eatre ins\u00e9r\u00e9s dans le pied. Gr\u00e2ce aux 24 ouvertures fines de 0,5 mm plac\u00e9es \u00e0 360\u00b0, il est possible d'alimenter des colonies comprenant de tr\u00e8s nombreuses et de tr\u00e8s petites esp\u00e8ces.<\/p>\n<p><strong>Couleur :<\/strong> transparent<\/p>\n<p>&nbsp;<\/p>","protected":false},"excerpt":{"rendered":"<p>Dimensions : 30x40x52 mm, 2 ml<\/p>","protected":false},"featured_media":305,"comment_status":"open","ping_status":"closed","template":"","meta":{"_acf_changed":false,"content-type":"","_monsterinsights_skip_tracking":false,"_monsterinsights_sitenote_active":false,"_monsterinsights_sitenote_note":"","_monsterinsights_sitenote_category":0},"product_brand":[],"product_cat":[115,117],"product_tag":[],"class_list":{"0":"post-2848","1":"product","2":"type-product","3":"status-publish","4":"has-post-thumbnail","6":"product_cat-food-and-feeding","7":"product_cat-drinkers-for-ants","9":"first","10":"instock","11":"taxable","12":"shipping-taxable","13":"purchasable","14":"product-type-simple"},"acf":[],"aioseo_notices":[],"jetpack_sharing_enabled":true,"_links":{"self":[{"href":"https:\/\/antcube.shop\/fr\/wp-json\/wp\/v2\/product\/2848","targetHints":{"allow":["GET"]}}],"collection":[{"href":"https:\/\/antcube.shop\/fr\/wp-json\/wp\/v2\/product"}],"about":[{"href":"https:\/\/antcube.shop\/fr\/wp-json\/wp\/v2\/types\/product"}],"replies":[{"embeddable":true,"href":"https:\/\/antcube.shop\/fr\/wp-json\/wp\/v2\/comments?post=2848"}],"wp:featuredmedia":[{"embeddable":true,"href":"https:\/\/antcube.shop\/fr\/wp-json\/wp\/v2\/media\/305"}],"wp:attachment":[{"href":"https:\/\/antcube.shop\/fr\/wp-json\/wp\/v2\/media?parent=2848"}],"wp:term":[{"taxonomy":"product_brand","embeddable":true,"href":"https:\/\/antcube.shop\/fr\/wp-json\/wp\/v2\/product_brand?post=2848"},{"taxonomy":"product_cat","embeddable":true,"href":"https:\/\/antcube.shop\/fr\/wp-json\/wp\/v2\/product_cat?post=2848"},{"taxonomy":"product_tag","embeddable":true,"href":"https:\/\/antcube.shop\/fr\/wp-json\/wp\/v2\/product_tag?post=2848"}],"curies":[{"name":"wp","href":"https:\/\/api.w.org\/{rel}","templated":true}]}}