{"id":2844,"date":"2021-10-13T18:37:59","date_gmt":"2021-10-13T16:37:59","guid":{"rendered":"https:\/\/antcube.shop\/produkt\/formicariengranulat-200ml-beige\/"},"modified":"2026-04-13T10:48:51","modified_gmt":"2026-04-13T08:48:51","slug":"formicariengranulat-200ml-beige","status":"publish","type":"product","link":"https:\/\/antcube.shop\/fr\/produit\/formicariengranulat-200ml-beige\/","title":{"rendered":"Formicarium granules 200ml - beige"},"content":{"rendered":"<p><strong>Contenu :<\/strong> 200ml (\u00e9quivalent \u00e0 ~180g)<\/p>\n<p><strong>Taille du grain :<\/strong> 1 - 8 mm<\/p>\n<p><strong>Couleur :<\/strong> beige<\/p>\n<p><strong>Mat\u00e9riau de la base :<\/strong> m\u00e9lange sp\u00e9cial d'argiles et de roches de haute qualit\u00e9<\/p>\n<p><strong>Description :<\/strong> Le mat\u00e9riau retient l'humidit\u00e9 et assure une bonne a\u00e9ration du sol dans le formicarium, prot\u00e9geant ainsi contre l'engorgement et la pourriture. La couche granulaire doit \u00eatre utilis\u00e9e \u00e0 environ 1 \u00e0 2 cm comme couche de sol la plus basse dans une exploitation.<\/p>\n<p><strong>Propri\u00e9t\u00e9s :<\/strong><br \/>\n- inorganique, produit min\u00e9ral<br \/>\n- biologiquement et chimiquement neutre<br \/>\n- structurellement stable<br \/>\n- stocke l'humidit\u00e9<\/p>\n<p>&nbsp;<\/p>","protected":false},"excerpt":{"rendered":"<p>Pour les sols de prairie ou de d\u00e9sert<\/p>","protected":false},"featured_media":5512,"comment_status":"open","ping_status":"closed","template":"","meta":{"_acf_changed":false,"content-type":"","_monsterinsights_skip_tracking":false,"_monsterinsights_sitenote_active":false,"_monsterinsights_sitenote_note":"","_monsterinsights_sitenote_category":0},"product_brand":[],"product_cat":[241],"product_tag":[],"class_list":{"0":"post-2844","1":"product","2":"type-product","3":"status-publish","4":"has-post-thumbnail","6":"product_cat-granules","8":"first","9":"instock","10":"taxable","11":"shipping-taxable","12":"purchasable","13":"product-type-simple"},"acf":[],"aioseo_notices":[],"jetpack_sharing_enabled":true,"_links":{"self":[{"href":"https:\/\/antcube.shop\/fr\/wp-json\/wp\/v2\/product\/2844","targetHints":{"allow":["GET"]}}],"collection":[{"href":"https:\/\/antcube.shop\/fr\/wp-json\/wp\/v2\/product"}],"about":[{"href":"https:\/\/antcube.shop\/fr\/wp-json\/wp\/v2\/types\/product"}],"replies":[{"embeddable":true,"href":"https:\/\/antcube.shop\/fr\/wp-json\/wp\/v2\/comments?post=2844"}],"wp:featuredmedia":[{"embeddable":true,"href":"https:\/\/antcube.shop\/fr\/wp-json\/wp\/v2\/media\/5512"}],"wp:attachment":[{"href":"https:\/\/antcube.shop\/fr\/wp-json\/wp\/v2\/media?parent=2844"}],"wp:term":[{"taxonomy":"product_brand","embeddable":true,"href":"https:\/\/antcube.shop\/fr\/wp-json\/wp\/v2\/product_brand?post=2844"},{"taxonomy":"product_cat","embeddable":true,"href":"https:\/\/antcube.shop\/fr\/wp-json\/wp\/v2\/product_cat?post=2844"},{"taxonomy":"product_tag","embeddable":true,"href":"https:\/\/antcube.shop\/fr\/wp-json\/wp\/v2\/product_tag?post=2844"}],"curies":[{"name":"wp","href":"https:\/\/api.w.org\/{rel}","templated":true}]}}