{"id":2843,"date":"2021-10-13T18:37:49","date_gmt":"2021-10-13T16:37:49","guid":{"rendered":"https:\/\/antcube.shop\/produkt\/ameisenarena-abdeckung-20x20\/"},"modified":"2026-04-15T17:09:30","modified_gmt":"2026-04-15T15:09:30","slug":"ameisenarena-abdeckung-20x20","status":"publish","type":"product","link":"https:\/\/antcube.shop\/fr\/produit\/ameisenarena-abdeckung-20x20\/","title":{"rendered":"Couverture de l'ar\u00e8ne des fourmis 20\u00d720"},"content":{"rendered":"<p><strong>Dimensions (LxlxH) :<\/strong> 20x20x0,4 cm<\/p>\n<p><strong>Mat\u00e9riau :<\/strong> verre flott\u00e9<\/p>\n<p><strong>Couleur :<\/strong> limpide \/ transparent<\/p>\n<p><strong>Contenu :<\/strong><br \/>\n1x couverture de l'ar\u00e8ne des fourmis<br \/>\n1x points de fixation \u00e0 4 pcs.<\/p>\n<p><strong>Description :<\/strong><br \/>\nCouverture en verre pour la fourmili\u00e8re comme protection contre la fuite.<\/p>\n<p><strong>Application :<\/strong><br \/>\nLe couvercle de la fourmili\u00e8re en verre est plac\u00e9 sur une fourmili\u00e8re et sert aussi imm\u00e9diatement \u00e0 la r\u00e9gulation du climat.<br \/>\nDiff\u00e9rents modules de contr\u00f4le climatique peuvent \u00eatre ins\u00e9r\u00e9s dans les ouvertures de 50 mm, par exemple des grilles de ventilation, un \u00e9clairage ou une humidification.<br \/>\nPour emp\u00eacher les fourmis de s'\u00e9chapper par les ouvertures, il faut appliquer une protection contre les fuites (huile, poudre ou vernis) sur la face inf\u00e9rieure autour des trous.<\/p>\n<p><strong>Avis :<\/strong><br \/>\nL'article \u00e9tant en verre et donc susceptible de se briser, il doit \u00eatre manipul\u00e9 avec beaucoup de pr\u00e9cautions.<\/p>\n<p>&nbsp;<\/p>","protected":false},"excerpt":{"rendered":"<p>Dimensions (LxlxH) : 40x20x0,4 cm Mat\u00e9riau : verre flott\u00e9 Couleur : cristal clair \/ transparent Contenu : 1x couvercle de fourmili\u00e8re 1x points de fixation \u00e0 4 pcs. Description : Couvercle en verre pour l'ar\u00e8ne \u00e0 fourmis comme protection contre la fuite. Application : Le couvercle en verre pour la fourmili\u00e8re est plac\u00e9 sur la fourmili\u00e8re et sert imm\u00e9diatement de protection pour les fourmis.","protected":false},"featured_media":333,"comment_status":"open","ping_status":"closed","template":"","meta":{"_acf_changed":false,"content-type":"","_monsterinsights_skip_tracking":false,"_monsterinsights_sitenote_active":false,"_monsterinsights_sitenote_note":"","_monsterinsights_sitenote_category":0},"product_brand":[],"product_cat":[91,92],"product_tag":[],"class_list":{"0":"post-2843","1":"product","2":"type-product","3":"status-publish","4":"has-post-thumbnail","6":"product_cat-formicarium-modules","7":"product_cat-arena-cover","9":"first","10":"instock","11":"taxable","12":"shipping-taxable","13":"purchasable","14":"product-type-simple"},"acf":[],"aioseo_notices":[],"jetpack_sharing_enabled":true,"_links":{"self":[{"href":"https:\/\/antcube.shop\/fr\/wp-json\/wp\/v2\/product\/2843","targetHints":{"allow":["GET"]}}],"collection":[{"href":"https:\/\/antcube.shop\/fr\/wp-json\/wp\/v2\/product"}],"about":[{"href":"https:\/\/antcube.shop\/fr\/wp-json\/wp\/v2\/types\/product"}],"replies":[{"embeddable":true,"href":"https:\/\/antcube.shop\/fr\/wp-json\/wp\/v2\/comments?post=2843"}],"wp:featuredmedia":[{"embeddable":true,"href":"https:\/\/antcube.shop\/fr\/wp-json\/wp\/v2\/media\/333"}],"wp:attachment":[{"href":"https:\/\/antcube.shop\/fr\/wp-json\/wp\/v2\/media?parent=2843"}],"wp:term":[{"taxonomy":"product_brand","embeddable":true,"href":"https:\/\/antcube.shop\/fr\/wp-json\/wp\/v2\/product_brand?post=2843"},{"taxonomy":"product_cat","embeddable":true,"href":"https:\/\/antcube.shop\/fr\/wp-json\/wp\/v2\/product_cat?post=2843"},{"taxonomy":"product_tag","embeddable":true,"href":"https:\/\/antcube.shop\/fr\/wp-json\/wp\/v2\/product_tag?post=2843"}],"curies":[{"name":"wp","href":"https:\/\/api.w.org\/{rel}","templated":true}]}}