{"id":2841,"date":"2021-10-13T18:37:30","date_gmt":"2021-10-13T16:37:30","guid":{"rendered":"https:\/\/antcube.shop\/produkt\/food-mix-set-standard\/"},"modified":"2026-04-05T21:18:39","modified_gmt":"2026-04-05T19:18:39","slug":"food-mix-set-standard","status":"publish","type":"product","link":"https:\/\/antcube.shop\/fr\/produit\/food-mix-set-standard\/","title":{"rendered":"Set de m\u00e9lange alimentaire - Standard"},"content":{"rendered":"<p><strong>Contenu :<\/strong> 2ml par tube d'alimentation<br \/>\n2x aliments prot\u00e9in\u00e9s (PP)<br \/>\n2x prot\u00e9ine nourriture FD insectes (PI)<br \/>\n2x aliments \u00e0 base de glucides (K)<br \/>\n2x aliments aux fruits (F)<br \/>\n2x solution sucre-miel (ZH)<br \/>\n1x \u00e9ponge<\/p>\n<p><span data-text-color=\"alert\"><strong>Attention :<\/strong> <\/span>Veuillez m\u00e9langer la poudre avec une goutte d'eau, car elle n'est pas accept\u00e9e par les animaux lorsqu'elle est s\u00e8che !<\/p>\n<p><strong>Description :<\/strong><br \/>\nCe kit de m\u00e9lange alimentaire est destin\u00e9 \u00e0 diverses esp\u00e8ces de fourmis qui se nourrissent de glucides et de prot\u00e9ines. Il contient tout ce dont les fourmis ont besoin pour une alimentation \u00e9quilibr\u00e9e. Comme les rations alimentaires individuelles sont remplies dans des tubes s\u00e9par\u00e9s, elles sont faciles \u00e0 doser. Il est recommand\u00e9 d'humidifier l\u00e9g\u00e8rement les aliments prot\u00e9in\u00e9s, glucidiques et fruit\u00e9s avec un peu d'eau. Cela permettra \u00e9galement d'\u00e9viter que la poudre ne s'\u00e9coule lorsqu'elle est utilis\u00e9e dans le formicarium \"central\" du trou.<\/p>\n<p><strong>Utilisation\/application :<\/strong><br \/>\nNourriture prot\u00e9in\u00e9e = pour les esp\u00e8ces de fourmis insectivores (Eulipotyphla).<br \/>\nIl s'agit d'un aliment compl\u00e9mentaire (aliment mixte)<br \/>\nIl faut le m\u00e9langer avec une goutte d'eau et il ne peut \u00eatre conserv\u00e9 qu'un jour s'il est mouill\u00e9. Nettoyez soigneusement le bol\/tube d'alimentation avant de le r\u00e9utiliser.<br \/>\nUn emballage ouvert doit \u00eatre utilis\u00e9 bien ferm\u00e9 (s'il est conserv\u00e9 au sec) jusqu'\u00e0 la date indiqu\u00e9e (date de p\u00e9remption).<\/p>\n<p>Alimentation prot\u00e9ique FD = pour les esp\u00e8ces de fourmis insectivores (Eulipotyphla)<br \/>\nIl s'agit d'un aliment compl\u00e9mentaire (aliment compos\u00e9).<br \/>\nIl faut le m\u00e9langer avec une goutte d'eau et il ne peut \u00eatre conserv\u00e9 qu'un jour s'il est mouill\u00e9. Nettoyez soigneusement le bol\/tube d'alimentation avant de le r\u00e9utiliser.<br \/>\nUn emballage ouvert doit \u00eatre utilis\u00e9 bien ferm\u00e9 (s'il est conserv\u00e9 au sec) jusqu'\u00e0 la date indiqu\u00e9e (date de p\u00e9remption).<\/p>\n<p>Nourriture \u00e0 base de glucides = pour les esp\u00e8ces de fourmis mangeuses de sucre\/miel.<br \/>\nIl s'agit d'un aliment compl\u00e9mentaire (aliment compos\u00e9)<br \/>\nIl peut \u00eatre m\u00e9lang\u00e9 \u00e0 une goutte d'eau et a une dur\u00e9e de conservation de 3 jours lorsqu'il est humide. Nettoyez soigneusement le bol\/tube d'alimentation avant de le r\u00e9utiliser.<br \/>\nUn emballage ouvert doit \u00eatre utilis\u00e9 bien ferm\u00e9 (si conserv\u00e9 au sec) jusqu'\u00e0 la date indiqu\u00e9e (date de p\u00e9remption).<\/p>\n<p>Nourriture \u00e0 base de fruits = pour les esp\u00e8ces de fourmis frugivores (frugivores)<br \/>\nIl s'agit d'un aliment compl\u00e9mentaire (aliment unique)<br \/>\nIl peut \u00eatre m\u00e9lang\u00e9 avec une goutte d'eau et a une dur\u00e9e de conservation de 3 jours lorsqu'il est humide. Nettoyez soigneusement le bol\/tube d'alimentation avant de le r\u00e9utiliser.<br \/>\nUn emballage ouvert doit \u00eatre utilis\u00e9 bien ferm\u00e9 (si conserv\u00e9 au sec) jusqu'\u00e0 la date indiqu\u00e9e (date de p\u00e9remption).<\/p>\n<p>Solution sucre-miel = pour les esp\u00e8ces de fourmis mangeuses de sucre\/miel.<br \/>\nIl s'agit d'un aliment compl\u00e9mentaire (aliment compos\u00e9)<br \/>\nIl peut \u00eatre propos\u00e9 aux animaux \u00e0 l'\u00e9tat de livraison. Comme l'humidit\u00e9 r\u00e9duit la concentration en sucre et qu'un processus de fermentation commence, la nourriture doit \u00eatre remplac\u00e9e tous les 3 jours. Nettoyez soigneusement le bol\/tube de nourriture avant de le r\u00e9utiliser.<br \/>\nUn emballage ouvert doit \u00eatre utilis\u00e9 bien ferm\u00e9 jusqu'\u00e0 la date indiqu\u00e9e (date de p\u00e9remption).<\/p>\n<p><strong>Avis :<\/strong><br \/>\nVous trouverez ici des informations sur la mani\u00e8re d'utiliser les tubes d'alimentation : Lien<br \/>\nAliment complet pour fourmis insectivores.<br \/>\nVeuillez consulter la notice pour conna\u00eetre la composition, les ingr\u00e9dients analytiques, la date de p\u00e9remption et le num\u00e9ro de lot.<\/p>\n<p>Num\u00e9ro d'information +49 30 439703870<\/p>\n<p>Autorit\u00e9 comp\u00e9tente en mati\u00e8re de contr\u00f4le v\u00e9t\u00e9rinaire et alimentaire :<br \/>\nCabinet v\u00e9t\u00e9rinaire Steglitz<br \/>\nK\u00f6nigin-Luise-Str. 92<br \/>\n14195 Berlin<\/p>","protected":false},"excerpt":{"rendered":"<p>Alimentation compl\u00e8te<\/p>","protected":false},"featured_media":309,"comment_status":"open","ping_status":"closed","template":"","meta":{"_acf_changed":false,"content-type":"","_monsterinsights_skip_tracking":false,"_monsterinsights_sitenote_active":false,"_monsterinsights_sitenote_note":"","_monsterinsights_sitenote_category":0},"product_brand":[],"product_cat":[115,116],"product_tag":[],"class_list":{"0":"post-2841","1":"product","2":"type-product","3":"status-publish","4":"has-post-thumbnail","6":"product_cat-food-and-feeding","7":"product_cat-food","9":"first","10":"instock","11":"taxable","12":"shipping-taxable","13":"purchasable","14":"product-type-simple"},"acf":[],"aioseo_notices":[],"jetpack_sharing_enabled":true,"_links":{"self":[{"href":"https:\/\/antcube.shop\/fr\/wp-json\/wp\/v2\/product\/2841","targetHints":{"allow":["GET"]}}],"collection":[{"href":"https:\/\/antcube.shop\/fr\/wp-json\/wp\/v2\/product"}],"about":[{"href":"https:\/\/antcube.shop\/fr\/wp-json\/wp\/v2\/types\/product"}],"replies":[{"embeddable":true,"href":"https:\/\/antcube.shop\/fr\/wp-json\/wp\/v2\/comments?post=2841"}],"wp:featuredmedia":[{"embeddable":true,"href":"https:\/\/antcube.shop\/fr\/wp-json\/wp\/v2\/media\/309"}],"wp:attachment":[{"href":"https:\/\/antcube.shop\/fr\/wp-json\/wp\/v2\/media?parent=2841"}],"wp:term":[{"taxonomy":"product_brand","embeddable":true,"href":"https:\/\/antcube.shop\/fr\/wp-json\/wp\/v2\/product_brand?post=2841"},{"taxonomy":"product_cat","embeddable":true,"href":"https:\/\/antcube.shop\/fr\/wp-json\/wp\/v2\/product_cat?post=2841"},{"taxonomy":"product_tag","embeddable":true,"href":"https:\/\/antcube.shop\/fr\/wp-json\/wp\/v2\/product_tag?post=2841"}],"curies":[{"name":"wp","href":"https:\/\/api.w.org\/{rel}","templated":true}]}}