{"id":2840,"date":"2021-10-13T18:37:21","date_gmt":"2021-10-13T16:37:21","guid":{"rendered":"https:\/\/antcube.shop\/produkt\/bodengrund-wuste-1-kg\/"},"modified":"2026-04-23T09:48:22","modified_gmt":"2026-04-23T07:48:22","slug":"bodengrund-wuste-1-kg","status":"publish","type":"product","link":"https:\/\/antcube.shop\/fr\/produit\/bodengrund-wuste-1-kg\/","title":{"rendered":"Substrat - d\u00e9sert - 1 Kg"},"content":{"rendered":"<p><strong>Contenu :<\/strong> 1 Kg<\/p>\n<p><strong>Mat\u00e9riau :<\/strong> sable, pierres, argile<\/p>\n<p><strong>Couleur :<\/strong> beige<\/p>\n<p><strong>Description :<\/strong> Ce sol d\u00e9sertique se compose principalement de sable, d'argile et de quelques pierres.<br \/>\nC'est un sol naturel pour toutes les esp\u00e8ces de fourmis vivant dans les r\u00e9gions d\u00e9sertiques ou m\u00e9diterran\u00e9ennes.<\/p>\n<p><strong>Application :<\/strong> Le sol creusable peut \u00eatre utilis\u00e9 pour le nid et l'ar\u00e8ne !<\/p>\n<p><strong>Note :<\/strong> Comme il s'agit d'un produit purement naturel, il peut y avoir de petites diff\u00e9rences de couleur et de structure que nous ne pouvons pas influencer.<\/p>\n<p><strong>Important :<\/strong> Veuillez humidifier le substrat avant de l'utiliser, afin que le m\u00e9lange puisse se combiner et se d\u00e9velopper fermement dans la fourmili\u00e8re. En outre, un substrat trop sec et poussi\u00e9reux peut entra\u00eener l'obstruction des voies respiratoires des fourmis et, dans le pire des cas, la suffocation des animaux.<\/p>","protected":false},"excerpt":{"rendered":"<p>Sol\/substrat de l'habitat naturel sp\u00e9cial<\/p>","protected":false},"featured_media":5509,"comment_status":"open","ping_status":"closed","template":"","meta":{"_acf_changed":false,"content-type":"","_monsterinsights_skip_tracking":false,"_monsterinsights_sitenote_active":false,"_monsterinsights_sitenote_note":"","_monsterinsights_sitenote_category":0},"product_brand":[],"product_cat":[96],"product_tag":[],"class_list":{"0":"post-2840","1":"product","2":"type-product","3":"status-publish","4":"has-post-thumbnail","6":"product_cat-soil","8":"first","9":"instock","10":"taxable","11":"shipping-taxable","12":"purchasable","13":"product-type-simple"},"acf":[],"aioseo_notices":[],"jetpack_sharing_enabled":true,"_links":{"self":[{"href":"https:\/\/antcube.shop\/fr\/wp-json\/wp\/v2\/product\/2840","targetHints":{"allow":["GET"]}}],"collection":[{"href":"https:\/\/antcube.shop\/fr\/wp-json\/wp\/v2\/product"}],"about":[{"href":"https:\/\/antcube.shop\/fr\/wp-json\/wp\/v2\/types\/product"}],"replies":[{"embeddable":true,"href":"https:\/\/antcube.shop\/fr\/wp-json\/wp\/v2\/comments?post=2840"}],"wp:featuredmedia":[{"embeddable":true,"href":"https:\/\/antcube.shop\/fr\/wp-json\/wp\/v2\/media\/5509"}],"wp:attachment":[{"href":"https:\/\/antcube.shop\/fr\/wp-json\/wp\/v2\/media?parent=2840"}],"wp:term":[{"taxonomy":"product_brand","embeddable":true,"href":"https:\/\/antcube.shop\/fr\/wp-json\/wp\/v2\/product_brand?post=2840"},{"taxonomy":"product_cat","embeddable":true,"href":"https:\/\/antcube.shop\/fr\/wp-json\/wp\/v2\/product_cat?post=2840"},{"taxonomy":"product_tag","embeddable":true,"href":"https:\/\/antcube.shop\/fr\/wp-json\/wp\/v2\/product_tag?post=2840"}],"curies":[{"name":"wp","href":"https:\/\/api.w.org\/{rel}","templated":true}]}}