{"id":2839,"date":"2021-10-13T18:37:12","date_gmt":"2021-10-13T16:37:12","guid":{"rendered":"https:\/\/antcube.shop\/produkt\/bodengrund-regenwald-1-kg\/"},"modified":"2026-03-30T10:28:57","modified_gmt":"2026-03-30T08:28:57","slug":"bodengrund-regenwald-1-kg-2","status":"publish","type":"product","link":"https:\/\/antcube.shop\/fr\/produit\/bodengrund-regenwald-1-kg-2\/","title":{"rendered":"Substrat - Rainforest - 1 Kg"},"content":{"rendered":"<p><strong>Contenu :<\/strong> 1 Kg<\/p>\n<p><strong>Mat\u00e9riau :<\/strong> sable, tourbe, humus, argile<\/p>\n<p><strong>Couleur :<\/strong> brun, beige<\/p>\n<p><strong>Description :<\/strong> Ce sol naturel de for\u00eat tropicale est constitu\u00e9 d'un m\u00e9lange de sable, de tourbe, d'humus et d'argile.<br \/>\nSa teneur en argile est l\u00e9g\u00e8rement inf\u00e9rieure \u00e0 celle d'un sol normal de for\u00eat tropicale, mais cela facilite le creusement et est bien mieux accept\u00e9 par les fourmis. Il convient \u00e0 toutes les esp\u00e8ces de fourmis vivant dans un sol de for\u00eat tropicale ou, plus g\u00e9n\u00e9ralement, dans des habitats tropicaux humides.<\/p>\n<p><strong>Application :<\/strong> Le sol de creusement peut \u00eatre utilis\u00e9 pour le nid et l'ar\u00e8ne !<\/p>\n<p><strong>Note :<\/strong> Comme il s'agit d'un produit naturel pur, il peut y avoir de petites diff\u00e9rences de couleur et de structure que nous ne pouvons pas influencer.<\/p>\n<p><strong>Important :<\/strong> Veuillez humidifier le substrat avant de l'utiliser, afin que le m\u00e9lange puisse se combiner et se d\u00e9velopper fermement dans la fourmili\u00e8re. En outre, un substrat trop sec et poussi\u00e9reux peut entra\u00eener l'obstruction des voies respiratoires des fourmis et, dans le pire des cas, la suffocation des animaux.<\/p>","protected":false},"excerpt":{"rendered":"<p>Sol\/substrat de l'habitat naturel sp\u00e9cial<\/p>","protected":false},"featured_media":5501,"comment_status":"open","ping_status":"closed","template":"","meta":{"_acf_changed":false,"content-type":"","_monsterinsights_skip_tracking":false,"_monsterinsights_sitenote_active":false,"_monsterinsights_sitenote_note":"","_monsterinsights_sitenote_category":0},"product_brand":[],"product_cat":[96],"product_tag":[],"class_list":{"0":"post-2839","1":"product","2":"type-product","3":"status-publish","4":"has-post-thumbnail","6":"product_cat-soil","8":"first","9":"instock","10":"taxable","11":"shipping-taxable","12":"purchasable","13":"product-type-simple"},"acf":[],"aioseo_notices":[],"jetpack_sharing_enabled":true,"_links":{"self":[{"href":"https:\/\/antcube.shop\/fr\/wp-json\/wp\/v2\/product\/2839","targetHints":{"allow":["GET"]}}],"collection":[{"href":"https:\/\/antcube.shop\/fr\/wp-json\/wp\/v2\/product"}],"about":[{"href":"https:\/\/antcube.shop\/fr\/wp-json\/wp\/v2\/types\/product"}],"replies":[{"embeddable":true,"href":"https:\/\/antcube.shop\/fr\/wp-json\/wp\/v2\/comments?post=2839"}],"wp:featuredmedia":[{"embeddable":true,"href":"https:\/\/antcube.shop\/fr\/wp-json\/wp\/v2\/media\/5501"}],"wp:attachment":[{"href":"https:\/\/antcube.shop\/fr\/wp-json\/wp\/v2\/media?parent=2839"}],"wp:term":[{"taxonomy":"product_brand","embeddable":true,"href":"https:\/\/antcube.shop\/fr\/wp-json\/wp\/v2\/product_brand?post=2839"},{"taxonomy":"product_cat","embeddable":true,"href":"https:\/\/antcube.shop\/fr\/wp-json\/wp\/v2\/product_cat?post=2839"},{"taxonomy":"product_tag","embeddable":true,"href":"https:\/\/antcube.shop\/fr\/wp-json\/wp\/v2\/product_tag?post=2839"}],"curies":[{"name":"wp","href":"https:\/\/api.w.org\/{rel}","templated":true}]}}