{"id":2838,"date":"2021-10-13T18:37:02","date_gmt":"2021-10-13T16:37:02","guid":{"rendered":"https:\/\/antcube.shop\/produkt\/bodengrund-wiese-1-kg\/"},"modified":"2026-04-04T20:31:22","modified_gmt":"2026-04-04T18:31:22","slug":"bodengrund-wiese-1-kg-2","status":"publish","type":"product","link":"https:\/\/antcube.shop\/fr\/produit\/bodengrund-wiese-1-kg-2\/","title":{"rendered":"Substrat - prairie - 1 Kg"},"content":{"rendered":"<p><strong>Contenu :<\/strong> 1 Kg<\/p>\n<p><strong>Mat\u00e9riau :<\/strong> sable, tourbe, humus, argile, tamis\u00e9<\/p>\n<p><strong>Couleur :<\/strong> brun, beige<\/p>\n<p><strong>Description :<\/strong> Ce sol de prairie se compose principalement de sable avec une l\u00e9g\u00e8re teneur en argile et des composants fibreux naturels.<br \/>\nC'est un sol naturel pour toutes les esp\u00e8ces de fourmis vivant dans les champs ou les prairies.<\/p>\n<p><strong>Application :<\/strong> Le sol enfouissable peut \u00eatre utilis\u00e9 pour les aires de nidification et les ar\u00e8nes !<\/p>\n<p><strong>Note :<\/strong> Comme il s'agit d'un produit naturel pur, il peut y avoir de petites diff\u00e9rences de couleur et de structure que nous ne pouvons pas influencer.<\/p>\n<p><strong>Important :<\/strong> Veuillez humidifier le substrat avant de l'utiliser, afin que le m\u00e9lange puisse se combiner et se d\u00e9velopper fermement dans la fourmili\u00e8re. En outre, un substrat trop sec et poussi\u00e9reux peut entra\u00eener l'obstruction des voies respiratoires des fourmis et, dans le pire des cas, la suffocation des animaux.<\/p>","protected":false},"excerpt":{"rendered":"<p>Sol\/substrat de l'habitat naturel sp\u00e9cial<\/p>","protected":false},"featured_media":5506,"comment_status":"open","ping_status":"closed","template":"","meta":{"_acf_changed":false,"content-type":"","_monsterinsights_skip_tracking":false,"_monsterinsights_sitenote_active":false,"_monsterinsights_sitenote_note":"","_monsterinsights_sitenote_category":0},"product_brand":[],"product_cat":[96],"product_tag":[],"class_list":{"0":"post-2838","1":"product","2":"type-product","3":"status-publish","4":"has-post-thumbnail","6":"product_cat-soil","8":"first","9":"instock","10":"taxable","11":"shipping-taxable","12":"purchasable","13":"product-type-simple"},"acf":[],"aioseo_notices":[],"jetpack_sharing_enabled":true,"_links":{"self":[{"href":"https:\/\/antcube.shop\/fr\/wp-json\/wp\/v2\/product\/2838","targetHints":{"allow":["GET"]}}],"collection":[{"href":"https:\/\/antcube.shop\/fr\/wp-json\/wp\/v2\/product"}],"about":[{"href":"https:\/\/antcube.shop\/fr\/wp-json\/wp\/v2\/types\/product"}],"replies":[{"embeddable":true,"href":"https:\/\/antcube.shop\/fr\/wp-json\/wp\/v2\/comments?post=2838"}],"wp:featuredmedia":[{"embeddable":true,"href":"https:\/\/antcube.shop\/fr\/wp-json\/wp\/v2\/media\/5506"}],"wp:attachment":[{"href":"https:\/\/antcube.shop\/fr\/wp-json\/wp\/v2\/media?parent=2838"}],"wp:term":[{"taxonomy":"product_brand","embeddable":true,"href":"https:\/\/antcube.shop\/fr\/wp-json\/wp\/v2\/product_brand?post=2838"},{"taxonomy":"product_cat","embeddable":true,"href":"https:\/\/antcube.shop\/fr\/wp-json\/wp\/v2\/product_cat?post=2838"},{"taxonomy":"product_tag","embeddable":true,"href":"https:\/\/antcube.shop\/fr\/wp-json\/wp\/v2\/product_tag?post=2838"}],"curies":[{"name":"wp","href":"https:\/\/api.w.org\/{rel}","templated":true}]}}