{"id":2837,"date":"2021-10-13T18:36:53","date_gmt":"2021-10-13T16:36:53","guid":{"rendered":"https:\/\/antcube.shop\/produkt\/bodengrund-wald-1-kg\/"},"modified":"2026-04-04T17:56:25","modified_gmt":"2026-04-04T15:56:25","slug":"bodengrund-wald-1-kg","status":"publish","type":"product","link":"https:\/\/antcube.shop\/fr\/produit\/bodengrund-wald-1-kg\/","title":{"rendered":"Substrat - For\u00eat - 1 kg"},"content":{"rendered":"<p><strong>Contenu :<\/strong> 1 Kg<\/p>\n<p><strong>Mat\u00e9riau :<\/strong> sable, tourbe, humus, argile, tamis\u00e9.<\/p>\n<p><strong>Couleur :<\/strong> gris fonc\u00e9, beige<\/p>\n<p><strong>Description :<\/strong> Ce sol forestier original est constitu\u00e9 de composants fibreux naturels.<br \/>\nC'est un substrat naturel pour toutes les esp\u00e8ces de fourmis vivant dans le sol forestier.<\/p>\n<p><strong>Application :<\/strong> Le sol de creusement peut \u00eatre utilis\u00e9 pour la zone du nid et de l'ar\u00e8ne ! A une r\u00e9sistance plus faible par rapport \u00e0 la terre de creusement beige, surtout en condition s\u00e8che.<\/p>\n<p><strong>Note :<\/strong> Comme il s'agit d'un produit naturel pur, il peut y avoir de petites diff\u00e9rences de couleur et de structure que nous ne pouvons pas influencer.<\/p>\n<p><strong>Important :<\/strong> Veuillez humidifier le substrat avant de l'utiliser, afin que le m\u00e9lange puisse se combiner et se d\u00e9velopper fermement dans la fourmili\u00e8re. En outre, un substrat trop sec et poussi\u00e9reux peut entra\u00eener l'obstruction des voies respiratoires des fourmis et, dans le pire des cas, la suffocation des animaux.<\/p>","protected":false},"excerpt":{"rendered":"<p>Sol\/substrat de l'habitat naturel sp\u00e9cial<\/p>","protected":false},"featured_media":5503,"comment_status":"open","ping_status":"closed","template":"","meta":{"_acf_changed":false,"content-type":"","_monsterinsights_skip_tracking":false,"_monsterinsights_sitenote_active":false,"_monsterinsights_sitenote_note":"","_monsterinsights_sitenote_category":0},"product_brand":[],"product_cat":[96],"product_tag":[],"class_list":{"0":"post-2837","1":"product","2":"type-product","3":"status-publish","4":"has-post-thumbnail","6":"product_cat-soil","8":"first","9":"instock","10":"taxable","11":"shipping-taxable","12":"purchasable","13":"product-type-simple"},"acf":[],"aioseo_notices":[],"jetpack_sharing_enabled":true,"_links":{"self":[{"href":"https:\/\/antcube.shop\/fr\/wp-json\/wp\/v2\/product\/2837","targetHints":{"allow":["GET"]}}],"collection":[{"href":"https:\/\/antcube.shop\/fr\/wp-json\/wp\/v2\/product"}],"about":[{"href":"https:\/\/antcube.shop\/fr\/wp-json\/wp\/v2\/types\/product"}],"replies":[{"embeddable":true,"href":"https:\/\/antcube.shop\/fr\/wp-json\/wp\/v2\/comments?post=2837"}],"wp:featuredmedia":[{"embeddable":true,"href":"https:\/\/antcube.shop\/fr\/wp-json\/wp\/v2\/media\/5503"}],"wp:attachment":[{"href":"https:\/\/antcube.shop\/fr\/wp-json\/wp\/v2\/media?parent=2837"}],"wp:term":[{"taxonomy":"product_brand","embeddable":true,"href":"https:\/\/antcube.shop\/fr\/wp-json\/wp\/v2\/product_brand?post=2837"},{"taxonomy":"product_cat","embeddable":true,"href":"https:\/\/antcube.shop\/fr\/wp-json\/wp\/v2\/product_cat?post=2837"},{"taxonomy":"product_tag","embeddable":true,"href":"https:\/\/antcube.shop\/fr\/wp-json\/wp\/v2\/product_tag?post=2837"}],"curies":[{"name":"wp","href":"https:\/\/api.w.org\/{rel}","templated":true}]}}