{"id":2829,"date":"2021-10-13T18:35:37","date_gmt":"2021-10-13T16:35:37","guid":{"rendered":"https:\/\/antcube.shop\/produkt\/formicarienstopfen-fur-50mm-bohrung\/"},"modified":"2026-04-10T10:27:04","modified_gmt":"2026-04-10T08:27:04","slug":"formicarienstopfen-fur-50mm-bohrung","status":"publish","type":"product","link":"https:\/\/antcube.shop\/fr\/produit\/formicarienstopfen-fur-50mm-bohrung\/","title":{"rendered":"Bouchon de formicarium pour trou de 50 mm"},"content":{"rendered":"<p><strong>Quantit\u00e9 :<\/strong> 1 pi\u00e8ce<\/p>\n<p><strong>Dimensions :<\/strong> 59 x 10mm<\/p>\n<p><strong>Mat\u00e9riau :<\/strong> plastique PE<\/p>\n<p><strong>Couleur :<\/strong> transparent, laiteux<\/p>\n<p><strong>Description :<\/strong> Pour fermer les ouvertures rondes des formicariums de 50 mm de diam\u00e8tre.<\/p>\n<p><strong>En option avec trou :<\/strong><br \/>\n- L'al\u00e9sage de 20 mm convient aux connecteurs de tubes de r\u00e9servoir de 27 mm - 14, 16, 20 mm - transparent.<br \/>\n- Le trou de 27 mm convient aux raccords de 3\/4 de pouce et M25.<\/p>","protected":false},"excerpt":{"rendered":"<p>Quantit\u00e9 : 1 pi\u00e8ce Dimensions : 59 x 10mm Mat\u00e9riau : Plastique PE Couleur : transparent, laiteux Description : Pour fermer les ouvertures rondes dans les formariums avec un diam\u00e8tre de 50mm. En option avec trou : - trou de 20mm convient aux raccords de tubes de r\u00e9servoir de 27mm - 14, 16, 20mm - transparent. - Le trou de 27 mm convient aux raccords de 3\/4 de pouce et M25.<\/p>","protected":false},"featured_media":343,"comment_status":"open","ping_status":"closed","template":"","meta":{"_acf_changed":false,"content-type":"","_monsterinsights_skip_tracking":false,"_monsterinsights_sitenote_active":false,"_monsterinsights_sitenote_note":"","_monsterinsights_sitenote_category":0},"product_brand":[],"product_cat":[238],"product_tag":[],"class_list":{"0":"post-2829","1":"product","2":"type-product","3":"status-publish","4":"has-post-thumbnail","6":"product_cat-grid-caps-plugs-and-inserts","8":"first","9":"instock","10":"taxable","11":"shipping-taxable","12":"purchasable","13":"product-type-simple"},"acf":[],"aioseo_notices":[],"jetpack_sharing_enabled":true,"_links":{"self":[{"href":"https:\/\/antcube.shop\/fr\/wp-json\/wp\/v2\/product\/2829","targetHints":{"allow":["GET"]}}],"collection":[{"href":"https:\/\/antcube.shop\/fr\/wp-json\/wp\/v2\/product"}],"about":[{"href":"https:\/\/antcube.shop\/fr\/wp-json\/wp\/v2\/types\/product"}],"replies":[{"embeddable":true,"href":"https:\/\/antcube.shop\/fr\/wp-json\/wp\/v2\/comments?post=2829"}],"wp:featuredmedia":[{"embeddable":true,"href":"https:\/\/antcube.shop\/fr\/wp-json\/wp\/v2\/media\/343"}],"wp:attachment":[{"href":"https:\/\/antcube.shop\/fr\/wp-json\/wp\/v2\/media?parent=2829"}],"wp:term":[{"taxonomy":"product_brand","embeddable":true,"href":"https:\/\/antcube.shop\/fr\/wp-json\/wp\/v2\/product_brand?post=2829"},{"taxonomy":"product_cat","embeddable":true,"href":"https:\/\/antcube.shop\/fr\/wp-json\/wp\/v2\/product_cat?post=2829"},{"taxonomy":"product_tag","embeddable":true,"href":"https:\/\/antcube.shop\/fr\/wp-json\/wp\/v2\/product_tag?post=2829"}],"curies":[{"name":"wp","href":"https:\/\/api.w.org\/{rel}","templated":true}]}}