{"id":2828,"date":"2021-10-13T18:35:27","date_gmt":"2021-10-13T16:35:27","guid":{"rendered":"https:\/\/antcube.shop\/produkt\/formicarienstopfen-fur-27mm-bohrung\/"},"modified":"2026-04-06T14:53:07","modified_gmt":"2026-04-06T12:53:07","slug":"formicarienstopfen-fur-27mm-bohrung","status":"publish","type":"product","link":"https:\/\/antcube.shop\/fr\/produit\/formicarienstopfen-fur-27mm-bohrung\/","title":{"rendered":"Bouchon de formicarium pour trou de 27 mm"},"content":{"rendered":"<p><strong>Quantit\u00e9 :<\/strong> 1 pi\u00e8ce<\/p>\n<p><strong>Dimensions :<\/strong> 31 x 10mm<\/p>\n<p><strong>Mat\u00e9riau :<\/strong> plastique PE<\/p>\n<p><strong>Couleur :<\/strong> transparent, laiteux<\/p>\n<p><strong>Description :<\/strong> Pour fermer les ouvertures rondes des formicariums de 27 mm de diam\u00e8tre.<br \/>\nMoyennant un suppl\u00e9ment, nous proposons \u00e9galement de d\u00e9couper des trous dans le bouchon sur demande.<\/p>","protected":false},"excerpt":{"rendered":"<p>Quantit\u00e9 : 1 pi\u00e8ce Dimensions : 31 x 10mm Mat\u00e9riau : Plastique PE Couleur : transparent, laiteux Description : Pour fermer les ouvertures rondes dans les formariums avec un diam\u00e8tre de 27 mm. Sur demande et moyennant un suppl\u00e9ment de prix, nous pouvons \u00e9galement d\u00e9couper des trous dans le bouchon.<\/p>","protected":false},"featured_media":342,"comment_status":"open","ping_status":"closed","template":"","meta":{"_acf_changed":false,"content-type":"","_monsterinsights_skip_tracking":false,"_monsterinsights_sitenote_active":false,"_monsterinsights_sitenote_note":"","_monsterinsights_sitenote_category":0},"product_brand":[],"product_cat":[238],"product_tag":[],"class_list":{"0":"post-2828","1":"product","2":"type-product","3":"status-publish","4":"has-post-thumbnail","6":"product_cat-grid-caps-plugs-and-inserts","8":"first","9":"instock","10":"taxable","11":"shipping-taxable","12":"purchasable","13":"product-type-simple"},"acf":[],"aioseo_notices":[],"jetpack_sharing_enabled":true,"_links":{"self":[{"href":"https:\/\/antcube.shop\/fr\/wp-json\/wp\/v2\/product\/2828","targetHints":{"allow":["GET"]}}],"collection":[{"href":"https:\/\/antcube.shop\/fr\/wp-json\/wp\/v2\/product"}],"about":[{"href":"https:\/\/antcube.shop\/fr\/wp-json\/wp\/v2\/types\/product"}],"replies":[{"embeddable":true,"href":"https:\/\/antcube.shop\/fr\/wp-json\/wp\/v2\/comments?post=2828"}],"wp:featuredmedia":[{"embeddable":true,"href":"https:\/\/antcube.shop\/fr\/wp-json\/wp\/v2\/media\/342"}],"wp:attachment":[{"href":"https:\/\/antcube.shop\/fr\/wp-json\/wp\/v2\/media?parent=2828"}],"wp:term":[{"taxonomy":"product_brand","embeddable":true,"href":"https:\/\/antcube.shop\/fr\/wp-json\/wp\/v2\/product_brand?post=2828"},{"taxonomy":"product_cat","embeddable":true,"href":"https:\/\/antcube.shop\/fr\/wp-json\/wp\/v2\/product_cat?post=2828"},{"taxonomy":"product_tag","embeddable":true,"href":"https:\/\/antcube.shop\/fr\/wp-json\/wp\/v2\/product_tag?post=2828"}],"curies":[{"name":"wp","href":"https:\/\/api.w.org\/{rel}","templated":true}]}}