{"id":2825,"date":"2021-10-13T18:33:32","date_gmt":"2021-10-13T16:33:32","guid":{"rendered":"https:\/\/antcube.shop\/produkt\/ytongnest-20x20\/"},"modified":"2026-03-30T12:22:09","modified_gmt":"2026-03-30T10:22:09","slug":"ytongnest-20x20","status":"publish","type":"product","link":"https:\/\/antcube.shop\/fr\/produit\/ytongnest-20x20\/","title":{"rendered":"Ytongnest - 20\u00d720"},"content":{"rendered":"<p><strong>Mat\u00e9riau :<\/strong> b\u00e9ton cellulaire, verre, plastique PMMA et PVC<\/p>\n<p><strong>Connexion :<\/strong> 2x trous de 14mm<\/p>\n<p><strong>Contenu :<\/strong><br \/>\n1x bloc de b\u00e9ton cellulaire 20x20x5 cm avec des chambres de 20mm de profondeur.<br \/>\n1x plaque de verre 20\u00d720 cm avec une ouverture de 50mm<br \/>\n1x anneau de 50 mm avec ouverture de 27 mm<br \/>\n2x bouchon Formicarium 13mm<br \/>\n1x Bouchon Formicarium 27mm<\/p>\n<p><strong>Description :<\/strong><br \/>\nYtong est une marque, le mat\u00e9riau lui-m\u00eame est appel\u00e9 b\u00e9ton cellulaire.<br \/>\nEn raison de sa propri\u00e9t\u00e9 de r\u00e9tention d'eau, le mat\u00e9riau est bien adapt\u00e9 \u00e0 l'\u00e9levage de fourmis.<br \/>\nIl est possible d'y maintenir un grand nombre d'esp\u00e8ces fouisseuses, provenant aussi bien d'habitats secs qu'humides.<br \/>\nSelon l'esp\u00e8ce de fourmi, il est recommand\u00e9 de recouvrir le fond des chambres d'un substrat de terre. Certaines esp\u00e8ces se sentent plus \u00e0 l'aise de cette fa\u00e7on et, par exemple, les fourmis Ponerinae ont besoin de terre pour que leurs larves puissent se nymphoser correctement.<br \/>\nNous recommandons d'attacher une ar\u00e8ne au nid pour l'utiliser comme un formicarium complet.<\/p>\n<p><strong>Conseil :<\/strong><br \/>\nPour \u00e9viter que l'eau ne s'\u00e9chappe du Ytong apr\u00e8s avoir humidifi\u00e9 la zone du nid et ne s'accumule sur la surface des meubles situ\u00e9s en dessous, ou que le mat\u00e9riau rugueux ne raye les surfaces, nous vous recommandons de commander l'un de nos bacs en verre assortis \u00e0 nos nids Ytong. Ces bacs sont \u00e9tanches et prot\u00e8gent donc efficacement les surfaces sous-jacentes contre les dommages caus\u00e9s par l'eau et les rayures.<\/p>\n<p><strong>Utilisation :<\/strong><br \/>\n<strong>Pour les esp\u00e8ces de fourmis de taille M - L.<\/strong><br \/>\nLe b\u00e9ton cellulaire est un mat\u00e9riau tr\u00e8s fragile et cassant. Par cons\u00e9quent, en raison du processus de fabrication, il est impossible d'emp\u00eacher les coins et les bords de pr\u00e9senter de l\u00e9g\u00e8res cassures et irr\u00e9gularit\u00e9s.<br \/>\nPour cette raison, les nids d'Ytong ne conviennent pas aux tr\u00e8s petites esp\u00e8ces de fourmis de taille S, car ces esp\u00e8ces pourraient facilement s'en \u00e9chapper.<\/p>","protected":false},"excerpt":{"rendered":"<p>Connexion : 2x ouverture de 14mm<br \/>\nTaille : <strong><span style=\"color: #339966;\">M<\/span><\/strong><strong> &#8211; <span style=\"color: #0000ff;\">L<\/span><\/strong><\/p>","protected":false},"featured_media":3010,"comment_status":"open","ping_status":"closed","template":"","meta":{"_acf_changed":false,"content-type":"","_monsterinsights_skip_tracking":false,"_monsterinsights_sitenote_active":false,"_monsterinsights_sitenote_note":"","_monsterinsights_sitenote_category":0},"product_brand":[],"product_cat":[80,86],"product_tag":[],"class_list":{"0":"post-2825","1":"product","2":"type-product","3":"status-publish","4":"has-post-thumbnail","6":"product_cat-antfarms","7":"product_cat-formicariums","9":"first","10":"instock","11":"taxable","12":"shipping-taxable","13":"purchasable","14":"product-type-simple"},"acf":[],"aioseo_notices":[],"jetpack_sharing_enabled":true,"_links":{"self":[{"href":"https:\/\/antcube.shop\/fr\/wp-json\/wp\/v2\/product\/2825","targetHints":{"allow":["GET"]}}],"collection":[{"href":"https:\/\/antcube.shop\/fr\/wp-json\/wp\/v2\/product"}],"about":[{"href":"https:\/\/antcube.shop\/fr\/wp-json\/wp\/v2\/types\/product"}],"replies":[{"embeddable":true,"href":"https:\/\/antcube.shop\/fr\/wp-json\/wp\/v2\/comments?post=2825"}],"wp:featuredmedia":[{"embeddable":true,"href":"https:\/\/antcube.shop\/fr\/wp-json\/wp\/v2\/media\/3010"}],"wp:attachment":[{"href":"https:\/\/antcube.shop\/fr\/wp-json\/wp\/v2\/media?parent=2825"}],"wp:term":[{"taxonomy":"product_brand","embeddable":true,"href":"https:\/\/antcube.shop\/fr\/wp-json\/wp\/v2\/product_brand?post=2825"},{"taxonomy":"product_cat","embeddable":true,"href":"https:\/\/antcube.shop\/fr\/wp-json\/wp\/v2\/product_cat?post=2825"},{"taxonomy":"product_tag","embeddable":true,"href":"https:\/\/antcube.shop\/fr\/wp-json\/wp\/v2\/product_tag?post=2825"}],"curies":[{"name":"wp","href":"https:\/\/api.w.org\/{rel}","templated":true}]}}