{"id":2823,"date":"2021-10-13T18:33:03","date_gmt":"2021-10-13T16:33:03","guid":{"rendered":"https:\/\/antcube.shop\/produkt\/becken-schlauchverbinder-27mm-14-16-20-mm-transparent\/"},"modified":"2026-04-14T18:00:19","modified_gmt":"2026-04-14T16:00:19","slug":"becken-schlauchverbinder-27mm-14-16-20-mm-transparent","status":"publish","type":"product","link":"https:\/\/antcube.shop\/fr\/produit\/becken-schlauchverbinder-27mm-14-16-20-mm-transparent\/","title":{"rendered":"Connecteur de tuyau de lavabo 27mm - 14, 16, 20 mm - transparent"},"content":{"rendered":"<p><strong>Dimensions :\u00a0<\/strong><br \/>\nDiam\u00e8tre int\u00e9rieur = 14mm<br \/>\nDiam\u00e8tre ext\u00e9rieur = 16mm (premi\u00e8re \u00e9tape), 20mm (deuxi\u00e8me \u00e9tape)<br \/>\nLongueur = 36 mm<\/p>\n<p><strong>Contenu :<\/strong><br \/>\n1x raccord pour tuyau de lavabo<br \/>\n1x bague de serrage<\/p>\n<p><strong>Connexion :<\/strong><br \/>\nCuvette : s'adapte aux trous de 27mm (3\/4\u2033) avec une \u00e9paisseur de mur de 4mm !<br \/>\nTuyaux : le tuyau 14\/10 est ins\u00e9r\u00e9 fermement dans la douille 14mm<br \/>\nLe tube 20\/16 est bien ajust\u00e9 sur la premi\u00e8re marche de 16 mm.<br \/>\nLe tuyau 22\/18 est fix\u00e9 sur la deuxi\u00e8me marche de 20 mm.<br \/>\nLe tuyau 24\/20 est fix\u00e9 de mani\u00e8re l\u00e2che sur la deuxi\u00e8me marche de 20 mm.<\/p>\n<p><strong>Description :<\/strong><br \/>\nCe connecteur de lavabo, sera branch\u00e9 \u00e0 travers le trou de 27mm avec une \u00e9paisseur de paroi de verre de 4mm. Une bague de serrage fixe le connecteur au bassin en verre. Des tuyaux de 14mm de diam\u00e8tre ext\u00e9rieur ou de 16mm ou 20mm de diam\u00e8tre int\u00e9rieur peuvent \u00eatre fix\u00e9s \u00e0 l'autre extr\u00e9mit\u00e9 de la bague.<\/p>","protected":false},"excerpt":{"rendered":"<p>Dimensions : Diam\u00e8tre int\u00e9rieur = 14mm Diam\u00e8tre ext\u00e9rieur = 16mm (premi\u00e8re \u00e9tape), 20mm (deuxi\u00e8me \u00e9tape) Longueur = 36mm Contenu : 1x raccord de tuyau de lavabo 1x bague de serrage Raccordement : Bassin : S'adapte aux trous de 27 mm (3\/4\") avec une \u00e9paisseur de paroi de 4 mm ! Tuyaux : Le tuyau 14\/10 est ins\u00e9r\u00e9 fermement dans la prise 14mm Le tuyau 20\/16 est ajust\u00e9 fermement sur la prise 14mm.","protected":false},"featured_media":357,"comment_status":"open","ping_status":"closed","template":"","meta":{"_acf_changed":false,"content-type":"","_monsterinsights_skip_tracking":false,"_monsterinsights_sitenote_active":false,"_monsterinsights_sitenote_note":"","_monsterinsights_sitenote_category":0},"product_brand":[],"product_cat":[121],"product_tag":[],"class_list":{"0":"post-2823","1":"product","2":"type-product","3":"status-publish","4":"has-post-thumbnail","6":"product_cat-connectors","8":"first","9":"instock","10":"taxable","11":"shipping-taxable","12":"purchasable","13":"product-type-simple"},"acf":[],"aioseo_notices":[],"jetpack_sharing_enabled":true,"_links":{"self":[{"href":"https:\/\/antcube.shop\/fr\/wp-json\/wp\/v2\/product\/2823","targetHints":{"allow":["GET"]}}],"collection":[{"href":"https:\/\/antcube.shop\/fr\/wp-json\/wp\/v2\/product"}],"about":[{"href":"https:\/\/antcube.shop\/fr\/wp-json\/wp\/v2\/types\/product"}],"replies":[{"embeddable":true,"href":"https:\/\/antcube.shop\/fr\/wp-json\/wp\/v2\/comments?post=2823"}],"wp:featuredmedia":[{"embeddable":true,"href":"https:\/\/antcube.shop\/fr\/wp-json\/wp\/v2\/media\/357"}],"wp:attachment":[{"href":"https:\/\/antcube.shop\/fr\/wp-json\/wp\/v2\/media?parent=2823"}],"wp:term":[{"taxonomy":"product_brand","embeddable":true,"href":"https:\/\/antcube.shop\/fr\/wp-json\/wp\/v2\/product_brand?post=2823"},{"taxonomy":"product_cat","embeddable":true,"href":"https:\/\/antcube.shop\/fr\/wp-json\/wp\/v2\/product_cat?post=2823"},{"taxonomy":"product_tag","embeddable":true,"href":"https:\/\/antcube.shop\/fr\/wp-json\/wp\/v2\/product_tag?post=2823"}],"curies":[{"name":"wp","href":"https:\/\/api.w.org\/{rel}","templated":true}]}}