{"id":2822,"date":"2021-10-13T18:31:19","date_gmt":"2021-10-13T16:31:19","guid":{"rendered":"https:\/\/antcube.shop\/produkt\/schlauch-transparent-10-06-mm\/"},"modified":"2026-04-02T20:28:07","modified_gmt":"2026-04-02T18:28:07","slug":"schlauch-transparent-10-06-mm","status":"publish","type":"product","link":"https:\/\/antcube.shop\/fr\/produit\/schlauch-transparent-10-06-mm\/","title":{"rendered":"Tuyau transparent 10\/06 mm"},"content":{"rendered":"<p><strong>Dimensions :<\/strong><br \/>\nDiam\u00e8tre ext\u00e9rieur : 10 mm<br \/>\nDiam\u00e8tre int\u00e9rieur : 6 mm<br \/>\n\u00c9paisseur de la paroi : 2 mm<\/p>\n<p><strong>Longueur :<\/strong> 1 m\u00e8tre (jusqu'\u00e0 100 m\u00e8tres en une seule pi\u00e8ce possible)<\/p>\n<p><strong>Description :<\/strong> tubes en PVC transparent <strong>sans \u00e9tiquetage<\/strong>. Id\u00e9al pour tracer des sentiers de fourmis ou relier des formicariums.<\/p>\n<p><strong>Note :<\/strong> Ce sont des tuyaux alimentaires non-toxiques.<\/p>","protected":false},"excerpt":{"rendered":"<p><img decoding=\"async\" src=\"\/shop\/images\/rolle-1m.gif\" alt=\"\" \/><\/p>","protected":false},"featured_media":358,"comment_status":"open","ping_status":"closed","template":"","meta":{"_acf_changed":false,"content-type":"","_monsterinsights_skip_tracking":false,"_monsterinsights_sitenote_active":false,"_monsterinsights_sitenote_note":"","_monsterinsights_sitenote_category":0},"product_brand":[],"product_cat":[120],"product_tag":[],"class_list":{"0":"post-2822","1":"product","2":"type-product","3":"status-publish","4":"has-post-thumbnail","6":"product_cat-hoses","8":"first","9":"instock","10":"taxable","11":"shipping-taxable","12":"purchasable","13":"product-type-simple"},"acf":[],"aioseo_notices":[],"jetpack_sharing_enabled":true,"_links":{"self":[{"href":"https:\/\/antcube.shop\/fr\/wp-json\/wp\/v2\/product\/2822","targetHints":{"allow":["GET"]}}],"collection":[{"href":"https:\/\/antcube.shop\/fr\/wp-json\/wp\/v2\/product"}],"about":[{"href":"https:\/\/antcube.shop\/fr\/wp-json\/wp\/v2\/types\/product"}],"replies":[{"embeddable":true,"href":"https:\/\/antcube.shop\/fr\/wp-json\/wp\/v2\/comments?post=2822"}],"wp:featuredmedia":[{"embeddable":true,"href":"https:\/\/antcube.shop\/fr\/wp-json\/wp\/v2\/media\/358"}],"wp:attachment":[{"href":"https:\/\/antcube.shop\/fr\/wp-json\/wp\/v2\/media?parent=2822"}],"wp:term":[{"taxonomy":"product_brand","embeddable":true,"href":"https:\/\/antcube.shop\/fr\/wp-json\/wp\/v2\/product_brand?post=2822"},{"taxonomy":"product_cat","embeddable":true,"href":"https:\/\/antcube.shop\/fr\/wp-json\/wp\/v2\/product_cat?post=2822"},{"taxonomy":"product_tag","embeddable":true,"href":"https:\/\/antcube.shop\/fr\/wp-json\/wp\/v2\/product_tag?post=2822"}],"curies":[{"name":"wp","href":"https:\/\/api.w.org\/{rel}","templated":true}]}}