{"id":2821,"date":"2021-10-13T18:28:32","date_gmt":"2021-10-13T16:28:32","guid":{"rendered":"https:\/\/antcube.shop\/produkt\/handlupe-2fach-30mm\/"},"modified":"2026-04-22T14:54:59","modified_gmt":"2026-04-22T12:54:59","slug":"handlupe-2fach-30mm","status":"publish","type":"product","link":"https:\/\/antcube.shop\/fr\/produit\/handlupe-2fach-30mm\/","title":{"rendered":"Loupe de poche - 2x - 30mm"},"content":{"rendered":"<p><strong>Dimensions (LxlxH) :<\/strong> 80x36x2 mm<\/p>\n<p><strong>Mat\u00e9riau :<\/strong> plastique<\/p>\n<p><strong>Couleur :<\/strong> transparent<\/p>\n<p><strong>Contenu :<\/strong><br \/>\n<strong>1x<\/strong> loupe de main<\/p>\n<p><strong>Sp\u00e9cifications techniques :<\/strong><br \/>\nGrossissement = 2x<\/p>\n<p><strong>Description \/ Application :<\/strong><br \/>\nLoupe \u00e0 main pour contr\u00f4ler les fourmis ou les insectes qui se nourrissent.<\/p>\n<p><strong>Avis :<\/strong><br \/>\nTraitement simple et qualit\u00e9 simple, car le plastique est sensible aux rayures.<\/p>","protected":false},"excerpt":{"rendered":"<p>Dimensions (LxLxH) : 80x36x2 mm Mat\u00e9riau : plastique Couleur : transparent Contenu : 1x loupe \u00e0 main Caract\u00e9ristiques techniques : Grossissement = 2x Description \/ Application : Loupe \u00e0 main pour contr\u00f4ler les fourmis ou les insectes qui se nourrissent. Remarque : Traitement simple et qualit\u00e9 simple, car la mati\u00e8re plastique est sensible aux rayures.<\/p>","protected":false},"featured_media":310,"comment_status":"open","ping_status":"closed","template":"","meta":{"_acf_changed":false,"content-type":"","_monsterinsights_skip_tracking":false,"_monsterinsights_sitenote_active":false,"_monsterinsights_sitenote_note":"","_monsterinsights_sitenote_category":0},"product_brand":[],"product_cat":[237],"product_tag":[],"class_list":{"0":"post-2821","1":"product","2":"type-product","3":"status-publish","4":"has-post-thumbnail","6":"product_cat-tools","8":"first","9":"instock","10":"taxable","11":"shipping-taxable","12":"purchasable","13":"product-type-simple"},"acf":[],"aioseo_notices":[],"jetpack_sharing_enabled":true,"_links":{"self":[{"href":"https:\/\/antcube.shop\/fr\/wp-json\/wp\/v2\/product\/2821","targetHints":{"allow":["GET"]}}],"collection":[{"href":"https:\/\/antcube.shop\/fr\/wp-json\/wp\/v2\/product"}],"about":[{"href":"https:\/\/antcube.shop\/fr\/wp-json\/wp\/v2\/types\/product"}],"replies":[{"embeddable":true,"href":"https:\/\/antcube.shop\/fr\/wp-json\/wp\/v2\/comments?post=2821"}],"wp:featuredmedia":[{"embeddable":true,"href":"https:\/\/antcube.shop\/fr\/wp-json\/wp\/v2\/media\/310"}],"wp:attachment":[{"href":"https:\/\/antcube.shop\/fr\/wp-json\/wp\/v2\/media?parent=2821"}],"wp:term":[{"taxonomy":"product_brand","embeddable":true,"href":"https:\/\/antcube.shop\/fr\/wp-json\/wp\/v2\/product_brand?post=2821"},{"taxonomy":"product_cat","embeddable":true,"href":"https:\/\/antcube.shop\/fr\/wp-json\/wp\/v2\/product_cat?post=2821"},{"taxonomy":"product_tag","embeddable":true,"href":"https:\/\/antcube.shop\/fr\/wp-json\/wp\/v2\/product_tag?post=2821"}],"curies":[{"name":"wp","href":"https:\/\/api.w.org\/{rel}","templated":true}]}}