{"id":2820,"date":"2021-10-13T18:28:23","date_gmt":"2021-10-13T16:28:23","guid":{"rendered":"https:\/\/antcube.shop\/produkt\/ameisen-ausbruchsschutz-ol-10ml\/"},"modified":"2026-04-25T19:26:32","modified_gmt":"2026-04-25T17:26:32","slug":"ameisen-ausbruchsschutz-ol-10ml","status":"publish","type":"product","link":"https:\/\/antcube.shop\/fr\/produit\/ameisen-ausbruchsschutz-ol-10ml\/","title":{"rendered":"Huile de protection contre les fourmis 10ml"},"content":{"rendered":"<p><strong>Contenu :<\/strong> 10 ml (suffisant pour environ 10-15 m\u00e8tres d'une bande de 2 cm de large)<\/p>\n<p><strong>Couleur :<\/strong> transparent, incolore<\/p>\n<p><strong>Mat\u00e9riau :<\/strong> \u00e0 base d'huile de paraffine<\/p>\n<p><strong>Avantage :<\/strong> Peut \u00eatre appliqu\u00e9 sur toutes les surfaces lisses telles que le verre ou le plastique :<\/p>\n<p><strong>Inconv\u00e9nient :<\/strong> Dans le cas de colonies importantes, les animaux peuvent r\u00e9pandre l'huile sur la vitre en marchant sur la surface de l'huile, de sorte que la vitre doit \u00eatre nettoy\u00e9e au fil du temps.<\/p>\n<p><strong>Application :<\/strong> Le film doit \u00eatre environ 3 fois plus large au bord int\u00e9rieur que la longueur des fourmis et doit \u00eatre appliqu\u00e9 sans couler.<\/p>\n<p><strong>Renouvellement :<\/strong> 2-4 mois selon la taille de la colonie et la saison.<\/p>\n<p><strong>Note :<\/strong> Les animaux ne doivent avoir que leurs \"pieds\" en contact avec l'huile. En cas de formation de grosses gouttes, les animaux risquent de se retrouver la t\u00eate dans la goutte et de suffoquer avec l'huile.<\/p>\n<p><a href=\"https:\/\/antcube.shop\/wp-content\/uploads\/2022\/02\/ant_escape_protection_oil_en.pdf\">Fiche de donn\u00e9es de s\u00e9curit\u00e9 pour l'huile de protection contre les fourmis, (PDF 0,1 MB)<\/a><br \/>\n(Contient : Instructions de s\u00e9curit\u00e9)<\/p>\n<p>&nbsp;<\/p>","protected":false},"excerpt":{"rendered":"<p>Contenu : 10 ml (suffisant pour environ 10-15 m\u00e8tres d'une bande de 2 cm de large) Couleur : transparent, incolore Mat\u00e9riau : \u00e0 base d'huile de paraffine Avantage : Peut \u00eatre appliqu\u00e9 sur toutes les surfaces lisses telles que le verre ou le plastique : Inconv\u00e9nient : en cas de colonies importantes, les animaux peuvent r\u00e9pandre l'huile sur la vitre en marchant sur la surface de l'huile,","protected":false},"featured_media":303,"comment_status":"open","ping_status":"closed","template":"","meta":{"_acf_changed":false,"content-type":"","_monsterinsights_skip_tracking":false,"_monsterinsights_sitenote_active":false,"_monsterinsights_sitenote_note":"","_monsterinsights_sitenote_category":0},"product_brand":[],"product_cat":[237],"product_tag":[],"class_list":{"0":"post-2820","1":"product","2":"type-product","3":"status-publish","4":"has-post-thumbnail","6":"product_cat-tools","8":"first","9":"instock","10":"taxable","11":"shipping-taxable","12":"purchasable","13":"product-type-simple"},"acf":[],"aioseo_notices":[],"jetpack_sharing_enabled":true,"_links":{"self":[{"href":"https:\/\/antcube.shop\/fr\/wp-json\/wp\/v2\/product\/2820","targetHints":{"allow":["GET"]}}],"collection":[{"href":"https:\/\/antcube.shop\/fr\/wp-json\/wp\/v2\/product"}],"about":[{"href":"https:\/\/antcube.shop\/fr\/wp-json\/wp\/v2\/types\/product"}],"replies":[{"embeddable":true,"href":"https:\/\/antcube.shop\/fr\/wp-json\/wp\/v2\/comments?post=2820"}],"wp:featuredmedia":[{"embeddable":true,"href":"https:\/\/antcube.shop\/fr\/wp-json\/wp\/v2\/media\/303"}],"wp:attachment":[{"href":"https:\/\/antcube.shop\/fr\/wp-json\/wp\/v2\/media?parent=2820"}],"wp:term":[{"taxonomy":"product_brand","embeddable":true,"href":"https:\/\/antcube.shop\/fr\/wp-json\/wp\/v2\/product_brand?post=2820"},{"taxonomy":"product_cat","embeddable":true,"href":"https:\/\/antcube.shop\/fr\/wp-json\/wp\/v2\/product_cat?post=2820"},{"taxonomy":"product_tag","embeddable":true,"href":"https:\/\/antcube.shop\/fr\/wp-json\/wp\/v2\/product_tag?post=2820"}],"curies":[{"name":"wp","href":"https:\/\/api.w.org\/{rel}","templated":true}]}}