{"id":2751,"date":"2021-10-08T12:07:03","date_gmt":"2021-10-08T10:07:03","guid":{"rendered":"https:\/\/antcube.shop\/produkt\/antcube-starter-set-m-20x20-wiese\/"},"modified":"2026-03-30T12:53:16","modified_gmt":"2026-03-30T10:53:16","slug":"antcube-starter-set-m-20x20-wiese","status":"publish","type":"product","link":"https:\/\/antcube.shop\/fr\/produit\/antcube-starter-set-m-20x20-wiese\/","title":{"rendered":"ANTCUBE Starter Set M - 20\u00d720 - Pr\u00e9"},"content":{"rendered":"<p><strong>Contenu :<\/strong><br \/>\n1x ANTCUBE - Arena 20x20x10 - plat<br \/>\n1x cadre d'ar\u00e8ne de fourmis 20\u00d720<br \/>\n1x couverture de fourmili\u00e8re 20\u00d720<br \/>\n4x point de fixation pour la couverture de l'ar\u00e8ne<br \/>\n1x ANTCUBE - Fourmili\u00e8re - L - 20\u00d720 - vertical<\/p>\n<p>1x 0,5m tube transparent 14\/10 mm<br \/>\n1x ANTCUBE - feuille rouge 20\u00d720 - filtre<br \/>\n1x pinces adh\u00e9sives - transparentes 2 pcs.<br \/>\n1x substrat - prairie - 1kg<br \/>\n1x Formicarium granules 200ml - beige<\/p>\n<p>2x Grid insert acrylic &#8211; 50 mm with sealing ring<br \/>\n1x Grid insert acrylic &#8211; 27 mm with sealing ring<br \/>\n1x Grid cap &#8211; 10mm &#8211; stainless steel<\/p>\n<p>1x connecteur de tuyau de r\u00e9servoir 27-14,16,20 mm - transparent<br \/>\n1x Huile de protection contre les fourmis 10ml<br \/>\n1x Pince \u00e0 \u00e9piler en acier \u00e0 ressort - large - souple<br \/>\n1x Pince \u00e0 \u00e9piler en plastique transparent<br \/>\n1x Pipette en plastique 3ml<br \/>\n1x loupe \u00e0 main - 2x - 30mm<br \/>\n1x racleur en mousse 150x18x2.5mm<\/p>\n<p>1x drinking clear 5ml &#8211; sponge<br \/>\n1x Feeding dish white rectangle &#8211; 3 compartments<br \/>\n1x Abreuvoir 2ml - 360 degr\u00e9s<br \/>\n1x Foil thermometer &#8211; farm<br \/>\n1x Foil thermometer display<br \/>\n1x dos photo - prairie - 20\u00d710<\/p>\n<p><strong>Description :<\/strong><br \/>\nCe pr\u00e9 de d\u00e9part convient \u00e0 toutes les esp\u00e8ces de fourmis vivant dans les pr\u00e9s et les champs.<\/p>\n<p>Dans la ferme enti\u00e8rement transparente (nid), le \"Sol - D\u00e9sert\" est utilis\u00e9 pour remplir la ferme. Si n\u00e9cessaire, des modules suppl\u00e9mentaires peuvent \u00eatre connect\u00e9s via les trous de 50 mm du couvercle, par exemple les brumisateurs, les ventilateurs ou les lumi\u00e8res disponibles s\u00e9par\u00e9ment. Des bouchons de formarium appropri\u00e9s sont \u00e9galement fournis pour fermer les ouvertures. Si vous le souhaitez, le formarium peut \u00e9galement \u00eatre utilis\u00e9 ouvert en fixant simplement le cadre amovible et en appliquant l'huile anti-fourmis sur le bord. L'\"Abreuvoir 2ml - 360 degr\u00e9s\" est destin\u00e9 \u00e0 la solution de miel\/sucre, l'\"Abreuvoir clair 20ml - \u00e9ponge\" \u00e0 l'eau. Le \"Mini thermo-hygrom\u00e8tre\" peut \u00eatre fix\u00e9 au cadre ou au couvercle et affiche les valeurs climatiques.<\/p>\n<p><strong>Important :<\/strong> Humidifiez le substrat avant de l'utiliser afin que le m\u00e9lange puisse se lier et se fixer dans la fourmili\u00e8re. En outre, si le substrat est trop sec et poussi\u00e9reux, les voies respiratoires des fourmis peuvent \u00eatre obstru\u00e9es et, dans le pire des cas, les animaux peuvent suffoquer.<\/p>\n<p><strong>Recommandation : <\/strong>Nous recommandons une couche de substrat de 2 mm de hauteur, afin que les animaux ne puissent pas creuser dans l'ar\u00e8ne et utilisent plut\u00f4t la ferme pr\u00e9vue \u00e0 cet effet. Nous recommandons \u00e9galement que le mat\u00e9riau de nidification de la ferme (sable\/argile, Digfix, etc.) soit l\u00e9g\u00e8rement piqu\u00e9 \u00e0 un endroit pour que les animaux puissent creuser plus facilement.<\/p>\n<p><strong>Notes sur la production<\/strong><br \/>\nLe verre est d\u00e9coup\u00e9 selon la norme DIN 1249 avec une tol\u00e9rance de +\/- 1 mm. Une protection suppl\u00e9mentaire est indispensable pour les esp\u00e8ces de fourmis de tr\u00e8s petite taille.<\/p>\n<p><strong>Notes sur la ferme<\/strong><br \/>\nLorsque vous fixez ou retirez des tuyaux, veuillez tenir compte des points suivants :<br \/>\nSi le tuyau est tr\u00e8s difficile \u00e0 placer sur le manchon de raccordement, il faut frotter l\u00e9g\u00e8rement le manchon avec une goutte de notre huile ou de notre poudre anti-\u00e9clatement. Le tuyau doit ensuite \u00eatre pouss\u00e9 sur le manchon par des mouvements de torsion ou de vissage, sans solliciter le manchon par des mouvements de haut en bas. Il en va de m\u00eame lorsque vous retirez les tuyaux du manchon de raccordement \u00e0 la ferme. Ne tirez pas simplement sur le tuyau !<\/p>\n<p><strong>Instructions : <\/strong>(Version 2023, la version mise \u00e0 jour pour 2024 sera disponible au plus tard le 04\/2024)<\/p>\n<p>- DE <a href=\"https:\/\/www.antstore.net\/shop\/images\/info\/de\/Gebrauchsanweisung%20Starter%20Set%20Habitat.pdf\" data-cke-saved-href=\"https:\/\/www.antstore.net\/shop\/images\/info\/de\/Gebrauchsanweisung%20Starter%20Set%20Habitat.pdf\">Gebrauchsanweisung Starter Set Habitat<\/a> (PDF 3,21 MB)<\/p>\n<p>- FR <a href=\"https:\/\/www.antstore.net\/shop\/images\/info\/en\/Instructions%20for%20use%20-%20Starter%20Set%20Habitat.pdf\" data-cke-saved-href=\"https:\/\/www.antstore.net\/shop\/images\/info\/en\/Instructions%20for%20use%20-%20Starter%20Set%20Habitat.pdf\">Mode d'emploi - Starter Set Habitat<\/a> (PDF 3,21 MB)<\/p>\n<p>- ES <a href=\"https:\/\/www.antstore.net\/shop\/images\/info\/es\/Manual%20de%20instrucciones%20-%20Set%20de%20inicio%20H%C3%A1bitat.pdf\" data-cke-saved-href=\"https:\/\/www.antstore.net\/shop\/images\/info\/es\/Manual%20de%20instrucciones%20-%20Set%20de%20inicio%20H%C3%A1bitat.pdf\">Manual de instrucciones - Set de inicio H\u00e1bitat<\/a> (PDF 3,21 MB)<\/p>\n<p>- FR <a href=\"https:\/\/www.antstore.net\/shop\/images\/info\/fr\/Manuel%20d'instruction%20-%20Kit%20de%20d%C3%A9marrage%20Habitat.pdf\" data-cke-saved-href=\"https:\/\/www.antstore.net\/shop\/images\/info\/fr\/Manuel%20d'instruction%20-%20Kit%20de%20d%C3%A9marrage%20Habitat.pdf\">Manuel d'instruction - Kit de d\u00e9marrage Habitat<\/a> (PDF 3,21 MB)<\/p>\n<p>&nbsp;<\/p>","protected":false},"excerpt":{"rendered":"<p>The set consists of 26 parts and is for all ant species that live in fields or meadows.<br \/>\nTaille : <span style=\"background-color: #ffffff; color: #00a859;\"><strong>M<\/strong><\/span><\/p>","protected":false},"featured_media":5451,"comment_status":"open","ping_status":"closed","template":"","meta":{"_acf_changed":false,"content-type":"","_monsterinsights_skip_tracking":false,"_monsterinsights_sitenote_active":false,"_monsterinsights_sitenote_note":"","_monsterinsights_sitenote_category":0},"product_brand":[],"product_cat":[73,74],"product_tag":[],"class_list":{"0":"post-2751","1":"product","2":"type-product","3":"status-publish","4":"has-post-thumbnail","6":"product_cat-starter-sets","7":"product_cat-starter-sets-habitat","9":"first","10":"instock","11":"taxable","12":"shipping-taxable","13":"purchasable","14":"product-type-simple"},"acf":[],"aioseo_notices":[],"jetpack_sharing_enabled":true,"_links":{"self":[{"href":"https:\/\/antcube.shop\/fr\/wp-json\/wp\/v2\/product\/2751","targetHints":{"allow":["GET"]}}],"collection":[{"href":"https:\/\/antcube.shop\/fr\/wp-json\/wp\/v2\/product"}],"about":[{"href":"https:\/\/antcube.shop\/fr\/wp-json\/wp\/v2\/types\/product"}],"replies":[{"embeddable":true,"href":"https:\/\/antcube.shop\/fr\/wp-json\/wp\/v2\/comments?post=2751"}],"wp:featuredmedia":[{"embeddable":true,"href":"https:\/\/antcube.shop\/fr\/wp-json\/wp\/v2\/media\/5451"}],"wp:attachment":[{"href":"https:\/\/antcube.shop\/fr\/wp-json\/wp\/v2\/media?parent=2751"}],"wp:term":[{"taxonomy":"product_brand","embeddable":true,"href":"https:\/\/antcube.shop\/fr\/wp-json\/wp\/v2\/product_brand?post=2751"},{"taxonomy":"product_cat","embeddable":true,"href":"https:\/\/antcube.shop\/fr\/wp-json\/wp\/v2\/product_cat?post=2751"},{"taxonomy":"product_tag","embeddable":true,"href":"https:\/\/antcube.shop\/fr\/wp-json\/wp\/v2\/product_tag?post=2751"}],"curies":[{"name":"wp","href":"https:\/\/api.w.org\/{rel}","templated":true}]}}