{"id":2744,"date":"2021-10-08T12:05:54","date_gmt":"2021-10-08T10:05:54","guid":{"rendered":"https:\/\/antcube.shop\/produkt\/antcube-starter-set-s-20x20-wald\/"},"modified":"2026-04-04T18:58:20","modified_gmt":"2026-04-04T16:58:20","slug":"kit-de-depart-pour-cube-s-20x20-wald","status":"publish","type":"product","link":"https:\/\/antcube.shop\/fr\/produit\/kit-de-depart-pour-cube-s-20x20-wald\/","title":{"rendered":"ANTCUBE Starter Set S - 20\u00d720 - Forest"},"content":{"rendered":"<p><strong>Contenu :<\/strong><br \/>\n1x Confiture de grillons 25g<br \/>\n1x Miel de for\u00eat (Wa) - recharge 10ml<\/p>\n<p>1x ANTCUBE - Arena 20x20x10 - plat<br \/>\n1x Cadre de l'ar\u00e8ne de fourmis 20\u00d720<br \/>\n1x couverture de fourmili\u00e8re 20\u00d720<br \/>\n4x point de fixation pour la couverture de l'ar\u00e8ne<br \/>\n1x ANTCUBE - Fourmili\u00e8re - L - 20\u00d720 - vertical<\/p>\n<p>1x 0,5m tube transparent 10\/06 mm<br \/>\n1x ANTCUBE - feuille rouge 20\u00d720 - filtre<br \/>\n1x pinces adh\u00e9sives - transparentes 2 pcs.<br \/>\n1x substrat - for\u00eat - 1kg<br \/>\n1x Formicarien granul\u00e9s 200 ml - noir<\/p>\n<p>1x grille d'insertion - 50mm - acier inoxydable<br \/>\n1x Bouchon de Formicarium pour trou de 50mm<br \/>\n1x Bouchon Formicarium pour trou de 27mm<br \/>\n1x Capuchon de Formicarium pour douille de 6mm<\/p>\n<p>1x Connecteur de bassin B-27 et S-10-16 mm M25 - set<br \/>\n1x Abreuvoir 2ml - 360 degr\u00e9s<br \/>\n1x abreuvoir transparent 20ml - \u00e9ponge<br \/>\n1x bol transparent 1\u00d720 - \u00e9ponge<br \/>\n1x Mini thermo hygrom\u00e8tre analogique - affichage - suspension<br \/>\n1x Huile anti-fourmis 10ml<br \/>\n1x Pince \u00e0 \u00e9piler en acier \u00e0 ressort - large - souple<br \/>\n1x Pince \u00e0 \u00e9piler en plastique transparent<br \/>\n1x pipette en plastique 3ml<br \/>\n1x loupe \u00e0 main - 2x - 30mm<br \/>\n1x racleur en mousse 150x18x2,5mm<br \/>\n1x dos photo - for\u00eat - 20\u00d710<\/p>\n<p><strong>Description :<\/strong><br \/>\nCe kit de d\u00e9marrage pour la for\u00eat convient \u00e0 toutes les esp\u00e8ces de fourmis vivant dans le sol de la for\u00eat.<\/p>\n<p>Dans la ferme enti\u00e8rement transparente (nid), le \"Sol - D\u00e9sert\" est utilis\u00e9 pour remplir la ferme. Si n\u00e9cessaire, des modules suppl\u00e9mentaires peuvent \u00eatre connect\u00e9s via les trous de 50 mm du couvercle, par exemple les brumisateurs, les ventilateurs ou les lumi\u00e8res disponibles s\u00e9par\u00e9ment. Des bouchons de formarium appropri\u00e9s sont \u00e9galement fournis pour fermer les ouvertures. Si vous le souhaitez, le formarium peut \u00e9galement \u00eatre utilis\u00e9 ouvert en fixant simplement le cadre amovible et en appliquant l'huile anti-fourmis sur le bord. L'\"Abreuvoir 2ml - 360 degr\u00e9s\" est destin\u00e9 \u00e0 la solution de miel\/sucre, l'\"Abreuvoir clair 20ml - \u00e9ponge\" \u00e0 l'eau. Le \"Mini thermo-hygrom\u00e8tre\" peut \u00eatre fix\u00e9 au cadre ou au couvercle et affiche les valeurs climatiques.<\/p>\n<p><strong>Important :<\/strong> Humidifiez le substrat avant de l'utiliser afin que le m\u00e9lange puisse se lier et se fixer dans la fourmili\u00e8re. En outre, si le substrat est trop sec et poussi\u00e9reux, les voies respiratoires des fourmis peuvent \u00eatre obstru\u00e9es et, dans le pire des cas, les animaux peuvent suffoquer.<\/p>\n<p><strong>Recommandation :<\/strong> Nous recommandons une couche de substrat de 2 mm de hauteur, afin que les animaux ne puissent pas creuser dans l'ar\u00e8ne et utilisent plut\u00f4t la ferme pr\u00e9vue \u00e0 cet effet. Nous recommandons \u00e9galement que le mat\u00e9riau de nidification de la ferme (sable\/argile, Digfix, etc.) soit l\u00e9g\u00e8rement piqu\u00e9 \u00e0 un endroit pour que les animaux puissent creuser plus facilement.<\/p>\n<p><strong>Notes sur la production<\/strong><br \/>\nLe verre est d\u00e9coup\u00e9 selon la norme DIN 1249 avec une tol\u00e9rance de +\/- 1 mm. Une protection suppl\u00e9mentaire est indispensable pour les esp\u00e8ces de fourmis de tr\u00e8s petite taille.<\/p>\n<p><strong>Notes sur la ferme<\/strong><br \/>\nLorsque vous fixez ou retirez des tuyaux, veuillez tenir compte des points suivants :<br \/>\nSi le tuyau est tr\u00e8s difficile \u00e0 placer sur le manchon de raccordement, il faut frotter l\u00e9g\u00e8rement le manchon avec une goutte de notre huile ou de notre poudre anti-\u00e9clatement. Le tuyau doit ensuite \u00eatre pouss\u00e9 sur le manchon par des mouvements de torsion ou de vissage, sans solliciter le manchon par des mouvements de haut en bas. Il en va de m\u00eame lorsque vous retirez les tuyaux du manchon de raccordement \u00e0 la ferme. Ne tirez pas simplement sur le tuyau !<\/p>\n<p><strong>Instructions :<\/strong> (Version 2023, la version mise \u00e0 jour pour 2024 sera disponible au plus tard le 04\/2024)<\/p>\n<p>- DE <a href=\"https:\/\/www.antstore.net\/shop\/images\/info\/de\/Gebrauchsanweisung%20Starter%20Set%20Habitat.pdf\">Gebrauchsanweisung Starter Set Habitat<\/a> (PDF 3,21 MB)<\/p>\n<p>- FR <a href=\"https:\/\/www.antstore.net\/shop\/images\/info\/en\/Instructions%20for%20use%20-%20Starter%20Set%20Habitat.pdf\">Mode d'emploi - Starter Set Habitat<\/a> (PDF 3,21 MB)<\/p>\n<p>- ES <a href=\"https:\/\/www.antstore.net\/shop\/images\/info\/es\/Manual%20de%20instrucciones%20-%20Set%20de%20inicio%20H%C3%A1bitat.pdf\">Manual de instrucciones - Set de inicio H\u00e1bitat<\/a> (PDF 3,21 MB)<\/p>\n<p>- FR <a href=\"https:\/\/www.antstore.net\/shop\/images\/info\/fr\/Manuel%20d'instruction%20-%20Kit%20de%20d%C3%A9marrage%20Habitat.pdf\">Manuel d'instruction - Kit de d\u00e9marrage Habitat<\/a> (PDF 3,21 MB)<\/p>\n<p><strong>Notes sur le miel de for\u00eat (Wa) - recharge 10ml<\/strong><br \/>\nContenu : 10 ml<\/p>\n<p><strong>Description :<\/strong> Il s'agit d'un produit purement naturel. Le miel provient des for\u00eats et est donc id\u00e9al pour les esp\u00e8ces de fourmis vivant dans les for\u00eats.<br \/>\nLe tube de nourriture peut \u00eatre plac\u00e9 en entier dans le formicarium, mais il est \u00e9galement possible d'en ajouter de plus petites quantit\u00e9s dans un bol de nourriture, selon la taille de la colonie. La nourriture doit \u00eatre consomm\u00e9e dans les 3 jours, sinon il y a un risque de moisissure et pour la m\u00eame raison, il faut nettoyer le bol de nourriture avant de le remplir \u00e0 nouveau.<\/p>\n<p><strong>Utilisez :<\/strong><br \/>\nMiel de for\u00eat = pour les esp\u00e8ces de fourmis mangeuses de miel (Meliphagidae)<br \/>\nIl s'agit d'un aliment compl\u00e9mentaire<br \/>\nIl peut \u00eatre propos\u00e9 aux animaux tel quel. Comme la concentration en sucre est r\u00e9duite par l'humidit\u00e9 et qu'un processus de fermentation commence, la nourriture doit \u00eatre remplac\u00e9e tous les 3 jours. Nettoyer soigneusement le bol\/tube d'alimentation avant de le r\u00e9utiliser.<br \/>\nUne fois ouvert, l'emballage doit \u00eatre conserv\u00e9 herm\u00e9tiquement ferm\u00e9 jusqu'\u00e0 la date de p\u00e9remption.<\/p>\n<p><strong>Contient :<\/strong> Ingr\u00e9dients du miel en g\u00e9n\u00e9ral, les proportions varient en fonction du type de miel.<br \/>\n- environ 38 % sucre de fruit (fructose)<br \/>\n- environ 32 % dextrose (glucose)<br \/>\n- environ 20 % eau<br \/>\n- environ 5 polysaccharides %<br \/>\n- environ 5 vitamines % (B1, B2, B6, C, H)<br \/>\nMin\u00e9raux (potassium, calcium, cuivre, fer, sodium, magn\u00e9sium, phosphore, zinc et autres oligo-\u00e9l\u00e9ments) Acides amin\u00e9s (proline, leucine, ph\u00e9nylalanine, alanine, histidine, isoleucine, acide glutamique, arginine, acide aspartique, etc.) Acides organiques Enzymes (ferments) Ar\u00f4mes Inhibines (substances antibact\u00e9riennes) Fleurs Pollen<\/p>\n<p><strong>Stockage :<\/strong> Pour garantir la qualit\u00e9 des aliments, ceux-ci doivent \u00eatre stock\u00e9s dans un endroit sombre et sec.<\/p>\n<p><strong>Note :<\/strong><br \/>\nAlimentation compl\u00e9mentaire pour les fourmis mangeuses de miel.<br \/>\nVeuillez consulter la notice pour conna\u00eetre la composition, les ingr\u00e9dients analytiques, la date de p\u00e9remption et le num\u00e9ro de lot.<\/p>\n<p>Num\u00e9ro d'information +49 30 439703870<\/p>\n<p><strong>Inspections v\u00e9t\u00e9rinaires et alimentaires responsables :<\/strong><br \/>\nCabinet v\u00e9t\u00e9rinaire Steglitz<br \/>\nK\u00f6nigin-Luise-Str. 92<br \/>\n14195 Berlin<\/p>\n<p><strong>Notes sur le Cricket Jam :<\/strong><br \/>\nNos grillons blanchis sont un moyen facile de fournir \u00e0 vos fourmis une nourriture prot\u00e9in\u00e9e fra\u00eechement conserv\u00e9e sans avoir \u00e0 nourrir les insectes vivants. Les grillons contenus (Acheta domesticus) ont \u00e9t\u00e9 d\u00e9licatement blanchis pour garantir que les valeurs nutritionnelles, le go\u00fbt et l'ar\u00f4me soient conserv\u00e9s. En outre, la carapace chitineuse des insectes est ramollie de mani\u00e8re \u00e0 ce qu'elle puisse \u00eatre dig\u00e9r\u00e9e plus facilement. Les liaisons des prot\u00e9ines de collag\u00e8ne sont bris\u00e9es afin que les fourmis puissent mieux les utiliser. Les Acheta domesticus en conserve ont la m\u00eame valeur nutritionnelle que les grillons vivants, mais sont plus faciles \u00e0 dig\u00e9rer.<\/p>\n<p>Le Cricket Jam n'est pas adapt\u00e9 \u00e0 la chasse aux esp\u00e8ces de fourmis qui ont besoin de nourriture vivante (par exemple les pon\u00e9rines (grandes fourmis) telles que Harpegnathos ou Odontomachus).<\/p>\n<p><strong>Autres avantages :<\/strong><br \/>\nGaranti sans acariens<br \/>\nPeut \u00eatre portionn\u00e9 et dilu\u00e9 avec de l'eau<br \/>\nSt\u00e9rilis\u00e9 et emball\u00e9 sous vide<br \/>\nSans additifs<br \/>\nGrillons issus d'un \u00e9levage durable et purement biologique, nourris avec des d\u00e9chets organiques<\/p>\n<p><strong>Note :<\/strong><br \/>\nSe conserve au r\u00e9frig\u00e9rateur pendant environ quatre jours apr\u00e8s ouverture. La dur\u00e9e de conservation est plus longue si le produit est congel\u00e9.<br \/>\nAttention : D'abord la portion, puis la cong\u00e9lation.<\/p>","protected":false},"excerpt":{"rendered":"<p>Le set se compose de 42 pi\u00e8ces et est destin\u00e9 \u00e0 toutes les esp\u00e8ces de fourmis vivant dans le sol forestier.<br \/>\nTaille : <span style=\"color: #ff8c00;\"><strong>S<\/strong><\/span><\/p>","protected":false},"featured_media":5450,"comment_status":"open","ping_status":"closed","template":"","meta":{"_acf_changed":false,"content-type":"","_monsterinsights_skip_tracking":false,"_monsterinsights_sitenote_active":false,"_monsterinsights_sitenote_note":"","_monsterinsights_sitenote_category":0},"product_brand":[],"product_cat":[73,74],"product_tag":[],"class_list":{"0":"post-2744","1":"product","2":"type-product","3":"status-publish","4":"has-post-thumbnail","6":"product_cat-starter-sets","7":"product_cat-starter-sets-habitat","9":"first","10":"outofstock","11":"taxable","12":"shipping-taxable","13":"purchasable","14":"product-type-simple"},"acf":[],"aioseo_notices":[],"jetpack_sharing_enabled":true,"_links":{"self":[{"href":"https:\/\/antcube.shop\/fr\/wp-json\/wp\/v2\/product\/2744","targetHints":{"allow":["GET"]}}],"collection":[{"href":"https:\/\/antcube.shop\/fr\/wp-json\/wp\/v2\/product"}],"about":[{"href":"https:\/\/antcube.shop\/fr\/wp-json\/wp\/v2\/types\/product"}],"replies":[{"embeddable":true,"href":"https:\/\/antcube.shop\/fr\/wp-json\/wp\/v2\/comments?post=2744"}],"wp:featuredmedia":[{"embeddable":true,"href":"https:\/\/antcube.shop\/fr\/wp-json\/wp\/v2\/media\/5450"}],"wp:attachment":[{"href":"https:\/\/antcube.shop\/fr\/wp-json\/wp\/v2\/media?parent=2744"}],"wp:term":[{"taxonomy":"product_brand","embeddable":true,"href":"https:\/\/antcube.shop\/fr\/wp-json\/wp\/v2\/product_brand?post=2744"},{"taxonomy":"product_cat","embeddable":true,"href":"https:\/\/antcube.shop\/fr\/wp-json\/wp\/v2\/product_cat?post=2744"},{"taxonomy":"product_tag","embeddable":true,"href":"https:\/\/antcube.shop\/fr\/wp-json\/wp\/v2\/product_tag?post=2744"}],"curies":[{"name":"wp","href":"https:\/\/api.w.org\/{rel}","templated":true}]}}