{"id":2739,"date":"2021-10-08T12:05:05","date_gmt":"2021-10-08T10:05:05","guid":{"rendered":"https:\/\/antcube.shop\/produkt\/antcube-starter-set-l-20x20-kork\/"},"modified":"2026-04-29T14:53:11","modified_gmt":"2026-04-29T12:53:11","slug":"kit-de-demarreur-de-tube-l-20x20-kork","status":"publish","type":"product","link":"https:\/\/antcube.shop\/fr\/produit\/kit-de-demarreur-de-tube-l-20x20-kork\/","title":{"rendered":"ANTCUBE Starter Set L - 20\u00d720 - Li\u00e8ge"},"content":{"rendered":"<p><strong>Contenu :<\/strong><br \/>\n1x ANTCUBE - Arena 20x20x10 - plat<br \/>\n1x Cadre de l'ar\u00e8ne de fourmis 20\u00d720<br \/>\n1x couverture de fourmili\u00e8re 20\u00d720<br \/>\n4x point de fixation pour la couverture de l'ar\u00e8ne<br \/>\n1x ANTCUBE - Fourmili\u00e8re - L - 20\u00d720 - vertical<\/p>\n<p>1x ANTCUBE - nid de li\u00e8ge 20\u00d720 - vertical<br \/>\n1x 0,5m tuyau transparent 20\/16 mm<br \/>\n1x ANTCUBE - feuille rouge 20\u00d720 - filtre<br \/>\n1x clips adh\u00e9sifs - transparent 2 pcs.<br \/>\n1x substrat - sable-argile beige - 1000g<\/p>\n<p>2x Grid insert acrylic &#8211; 50 mm with sealing ring<br \/>\n1x Grid insert acrylic &#8211; 27 mm with sealing ring<br \/>\n1x Capuchon de grille - 16mm - acier inoxydable<\/p>\n<p>1x connecteur de tuyau de r\u00e9servoir 27-14,16,20 mm - transparent<br \/>\n1x Huile de protection contre les fourmis 10ml<br \/>\n1x Pince \u00e0 \u00e9piler en acier \u00e0 ressort - large - souple<br \/>\n1x Pince \u00e0 \u00e9piler en plastique transparent<br \/>\n1x Pipette en plastique 3ml<br \/>\n1x loupe \u00e0 main - 2x - 30mm<br \/>\n1x racleur en mousse 150x18x2.5mm<\/p>\n<p>1x drinking clear 5ml &#8211; sponge<br \/>\n1x Feeding dish white rectangle &#8211; 3 compartments<br \/>\n1x Drinking trough 2ml &#8211; 360 Degrees<\/p>\n<p>1x Foil thermometer &#8211; farm<br \/>\n1x Foil thermometer display<\/p>\n<p><strong>Description :<\/strong><br \/>\nThis starter set made of cork, with pre-built tunnels and chambers, is suitable for various ant species, especially those that nest in dead wood.<\/p>\n<p>The &#8220;ANTCUBE &#8211; Cork Nest&#8221; can be inserted into the fully transparent farm. Alternatively, however, the &#8220;Sand-clay beige&#8221; substrate can also be used to fill the farm or to close off some of the chambers of the cork nest. Additional modules can be connected via the 50 mm holes in the cover if required, e.g. the separately available foggers, fans or lights. Alternatively, suitable grid inserts and formicarium plugs to close the openings are included in the scope of delivery. If desired, the formicarium can also be operated open by simply placing the removable frame on top and applying the ant escape protection oil to the edge. The &#8220;Drinking trough 2ml &#8211; 360 degrees&#8221; is intended for honey\/sugar solution, the &#8220;Drinking trough clear 5ml &#8211; sponge&#8221; for water. The &#8220;Foil thermometer display&#8221; can be attached to the frame or the cover and displays the climate values.<\/p>\n<p><strong>Important :<\/strong> Humidifiez le substrat avant de l'utiliser afin que le m\u00e9lange puisse se lier et se fixer dans la fourmili\u00e8re. En outre, si le substrat est trop sec et poussi\u00e9reux, les voies respiratoires des fourmis peuvent \u00eatre obstru\u00e9es et, dans le pire des cas, les animaux peuvent suffoquer.<\/p>\n<p><strong>Recommandation :<\/strong> Nous recommandons une couche de substrat de 2 mm de hauteur afin que les animaux ne puissent pas creuser dans l'ar\u00e8ne et utilisent plut\u00f4t la ferme pr\u00e9vue \u00e0 cet effet.<\/p>\n<p><strong>Notes sur la production<\/strong><br \/>\nLe verre est coup\u00e9 selon la norme DIN 1249 avec une tol\u00e9rance de +\/- 1 mm. Pour les esp\u00e8ces de fourmis extr\u00eamement petites, une protection suppl\u00e9mentaire contre les fuites est indispensable.<\/p>\n<p><strong>Notes sur la ferme<\/strong><br \/>\nLe nid ne doit \u00eatre utilis\u00e9 que dans un formicarium sec. Si le nid est maintenu humide en permanence, le mat\u00e9riau risque de moisir.<\/p>\n<p><strong>Lorsque vous fixez ou retirez des tuyaux, veuillez tenir compte des points suivants :<\/strong><br \/>\nSi le tuyau est tr\u00e8s difficile \u00e0 placer sur le manchon de raccordement, il faut frotter l\u00e9g\u00e8rement le manchon avec une goutte de notre huile ou de notre poudre anti-\u00e9clatement. Le tuyau doit ensuite \u00eatre pouss\u00e9 sur le manchon par des mouvements de torsion ou de vissage, sans solliciter le manchon par des mouvements de haut en bas. Il en va de m\u00eame lorsque vous retirez les tuyaux du manchon de raccordement \u00e0 la ferme. Ne tirez pas simplement sur le tuyau !<\/p>\n<p><strong>Instructions :<\/strong><br \/>\n<a href=\"https:\/\/www.antstore.net\/shop\/images\/info\/en\/Instructions%20for%20use%20-%20Starter%20Set%20Cork.pdf\" data-cke-saved-href=\"https:\/\/www.antstore.net\/shop\/images\/info\/en\/Instructions%20for%20use%20-%20Starter%20Set%20Cork.pdf\">- FR Mode d'emploi - Starter Set Cork (PDF 3,79 MB)<\/a><br \/>\n<a href=\"https:\/\/www.antstore.net\/shop\/images\/info\/es\/Manual%20de%20instrucciones%20-%20Set%20de%20inicio%20de%20corcho.pdf\" data-cke-saved-href=\"https:\/\/www.antstore.net\/shop\/images\/info\/es\/Manual%20de%20instrucciones%20-%20Set%20de%20inicio%20de%20corcho.pdf\">- ES Manual de instrucciones - Set de inicio de corcho (PDF 3,79 MB)<\/a><br \/>\n<a href=\"https:\/\/www.antstore.net\/shop\/images\/info\/fr\/Manuel%20d'instruction%20-%20Kit%20de%20d%C3%A9marrage%20en%20li%C3%A8ge.pdf\" data-cke-saved-href=\"https:\/\/www.antstore.net\/shop\/images\/info\/fr\/Manuel%20d'instruction%20-%20Kit%20de%20d%C3%A9marrage%20en%20li%C3%A8ge.pdf\">- FR Manuel d'instruction - Kit de d\u00e9marrage en li\u00e8ge (PDF 3,79 MB)<\/a><\/p>","protected":false},"excerpt":{"rendered":"<p>The set consists of 25 parts and is suited for many ant species, especially those that nest in dead wood.<br \/>\nTaille : <span style=\"color: #0000ff;\"><strong>L<\/strong><\/span><\/p>","protected":false},"featured_media":5448,"comment_status":"open","ping_status":"closed","template":"","meta":{"_acf_changed":false,"content-type":"","_monsterinsights_skip_tracking":false,"_monsterinsights_sitenote_active":false,"_monsterinsights_sitenote_note":"","_monsterinsights_sitenote_category":0},"product_brand":[],"product_cat":[73,76],"product_tag":[],"class_list":{"0":"post-2739","1":"product","2":"type-product","3":"status-publish","4":"has-post-thumbnail","6":"product_cat-starter-sets","7":"product_cat-starter-sets-cork","9":"first","10":"instock","11":"taxable","12":"shipping-taxable","13":"purchasable","14":"product-type-simple"},"acf":[],"aioseo_notices":[],"jetpack_sharing_enabled":true,"_links":{"self":[{"href":"https:\/\/antcube.shop\/fr\/wp-json\/wp\/v2\/product\/2739","targetHints":{"allow":["GET"]}}],"collection":[{"href":"https:\/\/antcube.shop\/fr\/wp-json\/wp\/v2\/product"}],"about":[{"href":"https:\/\/antcube.shop\/fr\/wp-json\/wp\/v2\/types\/product"}],"replies":[{"embeddable":true,"href":"https:\/\/antcube.shop\/fr\/wp-json\/wp\/v2\/comments?post=2739"}],"wp:featuredmedia":[{"embeddable":true,"href":"https:\/\/antcube.shop\/fr\/wp-json\/wp\/v2\/media\/5448"}],"wp:attachment":[{"href":"https:\/\/antcube.shop\/fr\/wp-json\/wp\/v2\/media?parent=2739"}],"wp:term":[{"taxonomy":"product_brand","embeddable":true,"href":"https:\/\/antcube.shop\/fr\/wp-json\/wp\/v2\/product_brand?post=2739"},{"taxonomy":"product_cat","embeddable":true,"href":"https:\/\/antcube.shop\/fr\/wp-json\/wp\/v2\/product_cat?post=2739"},{"taxonomy":"product_tag","embeddable":true,"href":"https:\/\/antcube.shop\/fr\/wp-json\/wp\/v2\/product_tag?post=2739"}],"curies":[{"name":"wp","href":"https:\/\/api.w.org\/{rel}","templated":true}]}}