{"id":2737,"date":"2021-10-08T12:04:45","date_gmt":"2021-10-08T10:04:45","guid":{"rendered":"https:\/\/antcube.shop\/produkt\/antcube-starter-set-fur-blattschneiderarten-gros\/"},"modified":"2026-04-15T12:56:37","modified_gmt":"2026-04-15T10:56:37","slug":"antcube-starter-set-fur-blattschneiderarten-gros","status":"publish","type":"product","link":"https:\/\/antcube.shop\/fr\/produit\/antcube-starter-set-fur-blattschneiderarten-gros\/","title":{"rendered":"ANTCUBE - Kit de d\u00e9marrage pour fourmis coupeuses de feuilles - Grand format"},"content":{"rendered":"<p><span data-text-color=\"alert\"><strong>L'exp\u00e9dition n'est possible que par l'interm\u00e9diaire d'un transporteur sur palette.<\/strong><\/span><\/p>\n<p><strong>Comprend :<\/strong><\/p>\n<p>1x ANTCUBE Arena 30x30x60 avec porte coulissante<br \/>\n1x cadre pour porte coulissante<br \/>\n2x ANTCUBE Arena 30x30x30cm<br \/>\n3x cadre d'ar\u00e8ne de fourmis 30x30cm<br \/>\n3x couverture pour fourmili\u00e8re 30x30cm<br \/>\n12x points de fixation pour la couverture de l'ar\u00e8ne<\/p>\n<p>1x tube \u00e0 fourmis - transparent 50mm - 1m (coup\u00e9 en deux)<br \/>\n1x substrat - rainforest - 1 kg<br \/>\n1x Formicarium granules 200ml - beige<br \/>\n3x Formicarium base 30\u00d730<\/p>\n<p>3x Formicarium plug for 50mm hole<br \/>\n10x Grid insert acrylic &#8211; 50 mm with sealing ring<br \/>\n4x connecteur de r\u00e9servoir 1 1\/2\u2033 \u00e0 50mm - clair comme de l'eau de roche<br \/>\n4x Formicarium nut 1 1\/2 inch - crystal clear<\/p>\n<p>1x Foil thermometer Display<br \/>\n1x drinking clear 5ml &#8211; sponge<br \/>\n1x Pincettes en acier \u00e0 ressort - large - souple<br \/>\n1x Pince \u00e0 Formicarium - plastique<br \/>\n1x loupe \u00e0 main - 2x - 30mm<br \/>\n1x huile de protection contre les fourmis 10ml<br \/>\n1x racleur en mousse 150x18x2,5mm<br \/>\n1x flacon pulv\u00e9risateur Sprayer 0.5 litre - buse en laiton<br \/>\n1x P\u00e9tales de rose 100g - s\u00e9ch\u00e9s<br \/>\n2x mur d'appui photo - for\u00eat tropicale - 30\u00d730<br \/>\n1x mur de fond photo - for\u00eat tropicale - 30\u00d760 - haut<\/p>\n<p><strong>Description :<\/strong><br \/>\nThis expandable starter set for all leafcutter ant species contains, in addition to the optimally adapted formicarium, the appropriate accessories for keeping these ants. The voluminous basins allow easy handling for feeding and cleaning. The large holes (50 mm) and tubes not only make it easy to observe the ants, they also allow the animals to remove large pieces of leaf. The stainless steel mesh inserts ensure good ventilation and are robust against mechanical impact. Even large colonies of leaf-cutter ants, which are very fond of cutting, are unable to penetrate them. The sturdy screw sockets are also absolutely bite-proof.. If necessary, the humidity can be increased using the spray bottle.<\/p>\n<p><strong>Important :<\/strong> Humidifiez le substrat avant de l'utiliser afin que le m\u00e9lange puisse se lier et se fixer dans la fourmili\u00e8re. En outre, si le substrat est trop sec et poussi\u00e9reux, les voies respiratoires des fourmis peuvent \u00eatre obstru\u00e9es et, dans le pire des cas, les animaux peuvent suffoquer.<\/p>\n<p><strong>Notes sur la production<\/strong><br \/>\nLe verre est d\u00e9coup\u00e9 conform\u00e9ment \u00e0 la norme DIN 1249 avec une tol\u00e9rance de +\/- 1 mm. Une protection suppl\u00e9mentaire contre les fuites est indispensable pour les esp\u00e8ces de fourmis de tr\u00e8s petite taille.<\/p>\n<p><strong>Description de l'ar\u00e8ne des portes coulissantes : <\/strong>Notre ar\u00e8ne ANTCUBE 30x30x60 avec porte coulissante a \u00e9t\u00e9 d\u00e9velopp\u00e9e pour pouvoir travailler confortablement m\u00eame dans des formicariums pleins. Ils sont particuli\u00e8rement utiles comme formicarium pour les fourmis tisserandes (Polyrhachis et Oecophylla), car elles aiment construire vers le haut et ont besoin d'une plante h\u00f4te. Il est parfois difficile d'\u00e9liminer les d\u00e9chets des animaux au fond du formicarium, par exemple. Ce n'est pas un probl\u00e8me avec ce bac sp\u00e9cialement adapt\u00e9. La porte coulissante est \u00e9galement tr\u00e8s pratique pour les bassins d'alimentation des fourmis coupeuses de feuilles Acromyrmex ou Atta, car les restes de plantes et autres d\u00e9chets peuvent \u00eatre \u00e9limin\u00e9s facilement. Vous pouvez \u00e9galement utiliser le cadre de la porte coulissante (r\u00e9f. 1005648) pour emp\u00eacher les animaux de s'\u00e9chapper pendant que vous travaillez.<\/p>","protected":false},"excerpt":{"rendered":"<p>The set consists of 47 parts and is suitable for all leaf cutter ant species.<br \/>\nTaille : <span style=\"color: #ed1c24;\"><strong>XL<\/strong><\/span><\/p>","protected":false},"featured_media":7665,"comment_status":"open","ping_status":"closed","template":"","meta":{"_acf_changed":false,"content-type":"","_monsterinsights_skip_tracking":false,"_monsterinsights_sitenote_active":false,"_monsterinsights_sitenote_note":"","_monsterinsights_sitenote_category":0},"product_brand":[484],"product_cat":[73,79],"product_tag":[],"class_list":{"0":"post-2737","1":"product","2":"type-product","3":"status-publish","4":"has-post-thumbnail","6":"product_brand-antcube","7":"product_cat-starter-sets","8":"product_cat-starter-sets-for-leafcutter-ants","9":"product_shipping_class-forwarding-on-pallet","11":"first","12":"instock","13":"taxable","14":"shipping-taxable","15":"purchasable","16":"product-type-simple"},"acf":[],"aioseo_notices":[],"jetpack_sharing_enabled":true,"_links":{"self":[{"href":"https:\/\/antcube.shop\/fr\/wp-json\/wp\/v2\/product\/2737","targetHints":{"allow":["GET"]}}],"collection":[{"href":"https:\/\/antcube.shop\/fr\/wp-json\/wp\/v2\/product"}],"about":[{"href":"https:\/\/antcube.shop\/fr\/wp-json\/wp\/v2\/types\/product"}],"replies":[{"embeddable":true,"href":"https:\/\/antcube.shop\/fr\/wp-json\/wp\/v2\/comments?post=2737"}],"wp:featuredmedia":[{"embeddable":true,"href":"https:\/\/antcube.shop\/fr\/wp-json\/wp\/v2\/media\/7665"}],"wp:attachment":[{"href":"https:\/\/antcube.shop\/fr\/wp-json\/wp\/v2\/media?parent=2737"}],"wp:term":[{"taxonomy":"product_brand","embeddable":true,"href":"https:\/\/antcube.shop\/fr\/wp-json\/wp\/v2\/product_brand?post=2737"},{"taxonomy":"product_cat","embeddable":true,"href":"https:\/\/antcube.shop\/fr\/wp-json\/wp\/v2\/product_cat?post=2737"},{"taxonomy":"product_tag","embeddable":true,"href":"https:\/\/antcube.shop\/fr\/wp-json\/wp\/v2\/product_tag?post=2737"}],"curies":[{"name":"wp","href":"https:\/\/api.w.org\/{rel}","templated":true}]}}