{"id":2733,"date":"2021-10-08T12:04:06","date_gmt":"2021-10-08T10:04:06","guid":{"rendered":"https:\/\/antcube.shop\/produkt\/antcube-arena-20x20x20-combi-m\/"},"modified":"2026-04-02T17:07:17","modified_gmt":"2026-04-02T15:07:17","slug":"antcube-arena-20x20x20-combi-m","status":"publish","type":"product","link":"https:\/\/antcube.shop\/fr\/produit\/antcube-arena-20x20x20-combi-m\/","title":{"rendered":"ANTCUBE - Arena 20x20x20 - Combi M"},"content":{"rendered":"<p><strong>Dimensions :<\/strong> 20x20x20 cm ; 4 mm d'\u00e9paisseur de verre<\/p>\n<p><strong>Mat\u00e9riau :<\/strong> verre coll\u00e9 avec du silicone<\/p>\n<p><strong>Connexion :<\/strong> 2x al\u00e9sage 27mm (2x al\u00e9sage 10mm dans la zone du nid)<\/p>\n<p><strong>Distance entre les plaques dans la zone du nid :<\/strong> environ 10mm<\/p>\n<p><strong>Description :<\/strong> L'ar\u00e8ne \u00e0 fourmis - Combi dispose d'une zone d'\u00e9levage ou de nidification int\u00e9gr\u00e9e au formicarium. Les fourmis peuvent acc\u00e9der \u00e0 la zone de nidification depuis l'ar\u00e8ne par deux ouvertures internes de 10 mm.<\/p>\n<p><strong>Avis :<\/strong><br \/>\nSi vous utilisez nos inserts de nid (par exemple en li\u00e8ge, en pl\u00e2tre), veuillez noter que ceux-ci sont plus \u00e9troits de 8 mm, car ils ont \u00e9t\u00e9 con\u00e7us \u00e0 l'origine pour s'adapter \u00e0 nos fourmili\u00e8res plus \u00e9troites ainsi qu'aux inserts d'ar\u00e8ne ! Dans ce cas, l'espace interm\u00e9diaire doit \u00eatre rempli avec un mat\u00e9riau de remplissage tel que du pl\u00e2tre ou de l'argile.<\/p>\n<p>&nbsp;<\/p>","protected":false},"excerpt":{"rendered":"<p>Raccordement : 2x trou de 27 mm<br \/>\nTaille : <span style=\"color: #008000;\"><strong>M<\/strong><\/span><\/p>","protected":false},"featured_media":329,"comment_status":"open","ping_status":"closed","template":"","meta":{"_acf_changed":false,"content-type":"","_monsterinsights_skip_tracking":false,"_monsterinsights_sitenote_active":false,"_monsterinsights_sitenote_note":"","_monsterinsights_sitenote_category":0},"product_brand":[],"product_cat":[85,82,86],"product_tag":[],"class_list":{"0":"post-2733","1":"product","2":"type-product","3":"status-publish","4":"has-post-thumbnail","6":"product_cat-ant-arenas","7":"product_cat-antfarms-m","8":"product_cat-formicariums","10":"first","11":"instock","12":"taxable","13":"shipping-taxable","14":"purchasable","15":"product-type-simple"},"acf":[],"aioseo_notices":[],"jetpack_sharing_enabled":true,"_links":{"self":[{"href":"https:\/\/antcube.shop\/fr\/wp-json\/wp\/v2\/product\/2733","targetHints":{"allow":["GET"]}}],"collection":[{"href":"https:\/\/antcube.shop\/fr\/wp-json\/wp\/v2\/product"}],"about":[{"href":"https:\/\/antcube.shop\/fr\/wp-json\/wp\/v2\/types\/product"}],"replies":[{"embeddable":true,"href":"https:\/\/antcube.shop\/fr\/wp-json\/wp\/v2\/comments?post=2733"}],"wp:featuredmedia":[{"embeddable":true,"href":"https:\/\/antcube.shop\/fr\/wp-json\/wp\/v2\/media\/329"}],"wp:attachment":[{"href":"https:\/\/antcube.shop\/fr\/wp-json\/wp\/v2\/media?parent=2733"}],"wp:term":[{"taxonomy":"product_brand","embeddable":true,"href":"https:\/\/antcube.shop\/fr\/wp-json\/wp\/v2\/product_brand?post=2733"},{"taxonomy":"product_cat","embeddable":true,"href":"https:\/\/antcube.shop\/fr\/wp-json\/wp\/v2\/product_cat?post=2733"},{"taxonomy":"product_tag","embeddable":true,"href":"https:\/\/antcube.shop\/fr\/wp-json\/wp\/v2\/product_tag?post=2733"}],"curies":[{"name":"wp","href":"https:\/\/api.w.org\/{rel}","templated":true}]}}