{"id":2728,"date":"2021-10-08T12:02:35","date_gmt":"2021-10-08T10:02:35","guid":{"rendered":"https:\/\/antcube.shop\/produkt\/antcube-starter-set-fur-blattschneiderarten-klein\/"},"modified":"2026-04-01T13:27:59","modified_gmt":"2026-04-01T11:27:59","slug":"antcube-starter-set-fur-blattschneiderarten-klein","status":"publish","type":"product","link":"https:\/\/antcube.shop\/fr\/produit\/antcube-starter-set-fur-blattschneiderarten-klein\/","title":{"rendered":"ANTCUBE - Kit de d\u00e9marrage pour fourmis coupeuses de feuilles - petit"},"content":{"rendered":"<p><span data-text-color=\"alert\"><strong>NOUVEAU \u00e0 partir de 04\/2024 :<\/strong><\/span><br \/>\n<strong>Le bassin d'alimentation est d\u00e9sormais fourni sous forme d'ar\u00e8ne de 20x20x40cm de haut. Cela laisse plus d'espace pour la nourriture.<\/strong><br \/>\n<strong>Nous avons remplac\u00e9 les anciens connecteurs par de nouveaux connecteurs enti\u00e8rement transparents, y compris des \u00e9crous enti\u00e8rement transparents.<\/strong><br \/>\n<strong>Nous avons \u00e9galement ajout\u00e9 des tampons de formicarium pour tous les bassins (protection des meubles et des bassins et contre les vibrations).<\/strong><\/p>\n<p>&nbsp;<\/p>\n<p><strong>Comprend :<\/strong><\/p>\n<p>2x ANTCUBE Arena 20x20x20cm<br \/>\n1x ANTCUBE Arena 20x20x40cm de haut<br \/>\n3x cadre d'ar\u00e8ne de fourmis 20x20cm<br \/>\n3x housse pour fourmili\u00e8re 20x20cm<br \/>\n12x points de fixation pour la couverture de l'ar\u00e8ne<\/p>\n<p>1x tube \u00e0 fourmis - transparent 32mm - 1m (coup\u00e9 en deux)<br \/>\n1x substrat - rainforest - 1 kg<br \/>\n1x Formicarium granules 200ml - beige<br \/>\n3x formicarium base 20\u00d720<\/p>\n<p>2x bouchons de formicarium pour trou de 50mm<br \/>\n5x Grid insert acrylic &#8211; 50 mm with sealing ring<br \/>\n2x Grid insert acrylic &#8211; 27 mm with sealing ring<br \/>\n4x connecteur de r\u00e9servoir 3\/4\u2033 \u00e0 32mm - clair comme de l'eau de roche<br \/>\n4x Formicarium nut 3\/4 inch - crystal clear<\/p>\n<p>1x Foil thermometer Display<br \/>\n1x drinking clear 5ml &#8211; sponge<br \/>\n1x Pince \u00e0 \u00e9piler en acier \u00e0 ressort - large - souple<br \/>\n1x Pince \u00e0 Formicarium - plastique<br \/>\n1x loupe \u00e0 main - 2x - 30mm<br \/>\n1x huile de protection contre les fourmis 10ml<br \/>\n1x racleur en mousse 150x18x2,5mm<br \/>\n1x flacon pulv\u00e9risateur Sprayer 0.5 litre - buse en laiton<br \/>\n1x P\u00e9tales de rose 100g - s\u00e9ch\u00e9s<br \/>\n2x mur arri\u00e8re photo - for\u00eat tropicale - 20\u00d720<br \/>\n1x mur de fond photo - for\u00eat tropicale - 20\u00d740 haut<\/p>\n<p><strong>Description :<\/strong><br \/>\nThis expandable starter set for all leafcutter ant species contains, in addition to the optimally adapted formicarium, the appropriate accessories for keeping these ants. The basins are easy to use for feeding and cleaning. The large holes (27 mm) and tubes not only make it easy to observe the ants, they also allow the animals to remove large pieces of leaf. The stainless steel mesh inserts ensure good ventilation and are robust against mechanical impact. Even large colonies of leaf-cutter ants, which are very fond of cutting, are unable to penetrate them. The sturdy tube connectors are also absolutely bite-proof. The humidity can be increased using the spray bottle.<\/p>\n<p><strong>Important :<\/strong> Humidifiez le substrat avant de l'utiliser afin que le m\u00e9lange puisse se lier et se fixer dans la fourmili\u00e8re. En outre, si le substrat est trop sec et poussi\u00e9reux, les voies respiratoires des fourmis peuvent \u00eatre obstru\u00e9es et, dans le pire des cas, les animaux peuvent suffoquer.<\/p>\n<p><strong>Notes sur la production<\/strong><br \/>\nLe verre est d\u00e9coup\u00e9 conform\u00e9ment \u00e0 la norme DIN 1249 avec une tol\u00e9rance de +\/- 1 mm. Une protection suppl\u00e9mentaire contre les fuites est indispensable pour les esp\u00e8ces de fourmis de tr\u00e8s petite taille.<\/p>","protected":false},"excerpt":{"rendered":"<p>L'ensemble se compose de 43 pi\u00e8ces<br \/>\nTaille : <span style=\"color: #ed1c24;\"><strong>XL<\/strong><\/span><\/p>","protected":false},"featured_media":7666,"comment_status":"open","ping_status":"closed","template":"","meta":{"_acf_changed":false,"content-type":"","_monsterinsights_skip_tracking":false,"_monsterinsights_sitenote_active":false,"_monsterinsights_sitenote_note":"","_monsterinsights_sitenote_category":0},"product_brand":[],"product_cat":[73,79],"product_tag":[],"class_list":{"0":"post-2728","1":"product","2":"type-product","3":"status-publish","4":"has-post-thumbnail","6":"product_cat-starter-sets","7":"product_cat-starter-sets-for-leafcutter-ants","9":"first","10":"instock","11":"taxable","12":"shipping-taxable","13":"purchasable","14":"product-type-simple"},"acf":[],"aioseo_notices":[],"jetpack_sharing_enabled":true,"_links":{"self":[{"href":"https:\/\/antcube.shop\/fr\/wp-json\/wp\/v2\/product\/2728","targetHints":{"allow":["GET"]}}],"collection":[{"href":"https:\/\/antcube.shop\/fr\/wp-json\/wp\/v2\/product"}],"about":[{"href":"https:\/\/antcube.shop\/fr\/wp-json\/wp\/v2\/types\/product"}],"replies":[{"embeddable":true,"href":"https:\/\/antcube.shop\/fr\/wp-json\/wp\/v2\/comments?post=2728"}],"wp:featuredmedia":[{"embeddable":true,"href":"https:\/\/antcube.shop\/fr\/wp-json\/wp\/v2\/media\/7666"}],"wp:attachment":[{"href":"https:\/\/antcube.shop\/fr\/wp-json\/wp\/v2\/media?parent=2728"}],"wp:term":[{"taxonomy":"product_brand","embeddable":true,"href":"https:\/\/antcube.shop\/fr\/wp-json\/wp\/v2\/product_brand?post=2728"},{"taxonomy":"product_cat","embeddable":true,"href":"https:\/\/antcube.shop\/fr\/wp-json\/wp\/v2\/product_cat?post=2728"},{"taxonomy":"product_tag","embeddable":true,"href":"https:\/\/antcube.shop\/fr\/wp-json\/wp\/v2\/product_tag?post=2728"}],"curies":[{"name":"wp","href":"https:\/\/api.w.org\/{rel}","templated":true}]}}