{"id":2727,"date":"2021-10-08T12:02:25","date_gmt":"2021-10-08T10:02:25","guid":{"rendered":"https:\/\/antcube.shop\/produkt\/antcube-starter-set-fur-weberameisen\/"},"modified":"2026-04-09T14:37:31","modified_gmt":"2026-04-09T12:37:31","slug":"antcube-starter-set-fur-weberameisen","status":"publish","type":"product","link":"https:\/\/antcube.shop\/fr\/produit\/antcube-starter-set-fur-weberameisen\/","title":{"rendered":"ANTCUBE - Kit de d\u00e9marrage pour fourmis tisserandes - petit"},"content":{"rendered":"<p><strong>Contenu :<\/strong><br \/>\n1x ANTCUBE - Arena 20x20x40 - haut<br \/>\n1x Cadre de l'ar\u00e8ne de fourmis 20\u00d720<br \/>\n1x couverture de fourmili\u00e8re 20\u00d720<br \/>\n4x point de fixation pour la couverture de l'ar\u00e8ne<\/p>\n<p>1x mur de fond photo - for\u00eat tropicale - 20\u00d740 - haut<br \/>\n1x flacon pulv\u00e9risateur Sprayer 0.5 litre - buse en laiton<\/p>\n<p>1x substrat - rainforest - 1 kg<br \/>\n2x Grid insert acrylic &#8211; 50 mm with sealing ring<br \/>\n2x Grid insert acrylic &#8211; 27 mm with sealing ring<\/p>\n<p>1x drinking clear 5ml &#8211; sponge<br \/>\n1x Feeding dish white rectangle &#8211; 3 compartments<br \/>\n1x Drinking trough 2ml &#8211; 360 Degrees<\/p>\n<p>1x Foil thermometer display<br \/>\n1x Pad for Formicarium 20&#215;20<br \/>\n1x Pince \u00e0 \u00e9piler en acier \u00e0 ressort large - souple<br \/>\n1x Pince \u00e0 \u00e9piler en plastique standard<br \/>\n1x Huile de protection contre les fourmis 10ml<br \/>\n1x Loupe de poche - 2x - 30mm<br \/>\n1x racleur en mousse 150x18x2.5mm<\/p>\n<p><strong>Description :<\/strong><br \/>\nThis expandable starter set for various weaver ant species such as Polyrhachis spec. or Oecophylla spec. includes not only the optimally adapted formicarium but also the appropriate accessories for keeping this ant species. Suitable for colonies of up to approx. 500 animals. For larger colonies we recommend a 30x30x60cm formicarium. The &#8220;Drinking trough 2ml &#8211; 360 degrees&#8221; is intended for honey\/sugar solution, the &#8220;Drinking trough clear 5ml &#8211; sponge&#8221; for water. The &#8220;Foil thermometer display&#8221; can be attached to the frame or the cover and displays the climate values.<\/p>\n<p><strong>Important :<\/strong> Humidifiez le substrat avant de l'utiliser afin que le m\u00e9lange puisse se lier et se fixer dans la fourmili\u00e8re. En outre, si le substrat est trop sec et poussi\u00e9reux, les voies respiratoires des fourmis peuvent \u00eatre obstru\u00e9es et, dans le pire des cas, les animaux peuvent suffoquer.<\/p>\n<p><strong>Notes sur la production<\/strong><br \/>\nLe verre est d\u00e9coup\u00e9 conform\u00e9ment \u00e0 la norme DIN 1249 avec une tol\u00e9rance de +\/- 1 mm. Une protection suppl\u00e9mentaire contre les fuites est indispensable pour les esp\u00e8ces de fourmis de tr\u00e8s petite taille.<\/p>","protected":false},"excerpt":{"rendered":"<p>The set consists of 20 parts.<br \/>\nTaille : <span style=\"color: #ed1c24;\"><strong>XL<\/strong><\/span><\/p>","protected":false},"featured_media":1282,"comment_status":"open","ping_status":"closed","template":"","meta":{"_acf_changed":false,"content-type":"","_monsterinsights_skip_tracking":false,"_monsterinsights_sitenote_active":false,"_monsterinsights_sitenote_note":"","_monsterinsights_sitenote_category":0},"product_brand":[],"product_cat":[354,73],"product_tag":[],"class_list":{"0":"post-2727","1":"product","2":"type-product","3":"status-publish","4":"has-post-thumbnail","6":"product_cat-starter-sets-for-weaver-ants","7":"product_cat-starter-sets","9":"first","10":"instock","11":"taxable","12":"shipping-taxable","13":"purchasable","14":"product-type-simple"},"acf":[],"aioseo_notices":[],"jetpack_sharing_enabled":true,"_links":{"self":[{"href":"https:\/\/antcube.shop\/fr\/wp-json\/wp\/v2\/product\/2727","targetHints":{"allow":["GET"]}}],"collection":[{"href":"https:\/\/antcube.shop\/fr\/wp-json\/wp\/v2\/product"}],"about":[{"href":"https:\/\/antcube.shop\/fr\/wp-json\/wp\/v2\/types\/product"}],"replies":[{"embeddable":true,"href":"https:\/\/antcube.shop\/fr\/wp-json\/wp\/v2\/comments?post=2727"}],"wp:featuredmedia":[{"embeddable":true,"href":"https:\/\/antcube.shop\/fr\/wp-json\/wp\/v2\/media\/1282"}],"wp:attachment":[{"href":"https:\/\/antcube.shop\/fr\/wp-json\/wp\/v2\/media?parent=2727"}],"wp:term":[{"taxonomy":"product_brand","embeddable":true,"href":"https:\/\/antcube.shop\/fr\/wp-json\/wp\/v2\/product_brand?post=2727"},{"taxonomy":"product_cat","embeddable":true,"href":"https:\/\/antcube.shop\/fr\/wp-json\/wp\/v2\/product_cat?post=2727"},{"taxonomy":"product_tag","embeddable":true,"href":"https:\/\/antcube.shop\/fr\/wp-json\/wp\/v2\/product_tag?post=2727"}],"curies":[{"name":"wp","href":"https:\/\/api.w.org\/{rel}","templated":true}]}}